{"id":997,"date":"2024-07-27T07:00:39","date_gmt":"2024-07-27T07:00:39","guid":{"rendered":"https:\/\/www.prosporttec.com\/?post_type=product&#038;p=997"},"modified":"2024-12-22T16:00:14","modified_gmt":"2024-12-22T16:00:14","slug":"temporary-construction-banska-bystrica","status":"publish","type":"product","link":"https:\/\/www.prosporttec.com\/sk\/produkt\/temporary-construction-banska-bystrica\/","title":{"rendered":"Do\u010dasn\u00e1 kon\u0161trukcia Bansk\u00e1 Bystrica"},"content":{"rendered":"<p><iframe tabindex=\"0\" src=\"https:\/\/www.google.com\/maps\/embed?pb=!1m18!1m12!1m3!1d21056.936911102363!2d19.115857710051145!3d48.72235382446826!2m3!1f0!2f0!3f0!3m2!1i1024!2i768!4f13.1!3m3!1m2!1s0x47153df263e8f355%3A0xd4326fe112bb71a6!2sSNP%20Stadium!5e0!3m2!1sru!2ssk!4v1610705210347!5m2!1sru!2ssk\" width=\"540\" height=\"450\" frameborder=\"0\" allowfullscreen=\"allowfullscreen\"><\/iframe><\/p>\n<style>\n#ru{<br \/>\n    display: none !important ;<br \/>\n}<br \/>\n#sk{<br \/>\n    display: none !important ;<br \/>\n}<br \/>\n<\/style>","protected":false},"excerpt":{"rendered":"<p><strong>Bansk\u00e1 Bystrica, Slovensko<\/strong><\/p>\n<p><strong>Do\u010dasn\u00e1 streleck\u00e1 z\u00f3na nain\u0161talovan\u00e1:<\/strong>: 02\/10\/2019<\/p>\n<p><strong>Nain\u0161talovan\u00e1 konfigur\u00e1cia:<\/strong>:\u00a0<a href=\"https:\/\/www.prosporttec.com\/sk\/en\/pr\/strelecka-zona-basic.html\/\">Streleck\u00e1 z\u00f3na \u2013 basic.<\/a>.<\/p>\n<p>Do\u010dasn\u00e1 streleck\u00e1 z\u00f3na, ako aj testovacie vybavenie pre \u0161portovcov beeSPORT, boli nain\u0161talovan\u00e9 po\u010das podujatia Kaufland Winter Classic, kde \u00fa\u010dinkovali slovensk\u00e9 hviezdy \u013eadov\u00e9ho hokeja.<\/p>\n<p>V\u00fdhodou tohto rie\u0161enia je v\u0161estrannos\u0165 prevedenia \u2013 z\u00f3na sa zmontuje a rozlo\u017e\u00ed v \u010do najkrat\u0161om \u010dase. Mo\u017eno pou\u017ei\u0165 viackr\u00e1t na r\u00f4zne udalosti.<\/p>\n<h4>M\u00e1te ot\u00e1zku k produktu? <a href=\"#elementor-action%3Aaction%3Dpopup%3Aopen%26settings%3DeyJpZCI6IjU4MTMiLCJ0b2dnbGUiOmZhbHNlfQ%3D%3D\">Nap\u00ed\u0161te n\u00e1m<\/a><\/h4>","protected":false},"featured_media":459,"comment_status":"open","ping_status":"closed","template":"","meta":{"site-sidebar-layout":"default","site-content-layout":"","ast-site-content-layout":"default","site-content-style":"default","site-sidebar-style":"default","ast-global-header-display":"","ast-banner-title-visibility":"","ast-main-header-display":"","ast-hfb-above-header-display":"","ast-hfb-below-header-display":"","ast-hfb-mobile-header-display":"","site-post-title":"","ast-breadcrumbs-content":"","ast-featured-img":"","footer-sml-layout":"","ast-disable-related-posts":"","theme-transparent-header-meta":"default","adv-header-id-meta":"","stick-header-meta":"","header-above-stick-meta":"","header-main-stick-meta":"","header-below-stick-meta":"","astra-migrate-meta-layouts":"set","ast-page-background-enabled":"default","ast-page-background-meta":{"desktop":{"background-color":"var(--ast-global-color-4)","background-image":"","background-repeat":"repeat","background-position":"center center","background-size":"auto","background-attachment":"scroll","background-type":"","background-media":"","overlay-type":"","overlay-color":"","overlay-opacity":"","overlay-gradient":""},"tablet":{"background-color":"","background-image":"","background-repeat":"repeat","background-position":"center center","background-size":"auto","background-attachment":"scroll","background-type":"","background-media":"","overlay-type":"","overlay-color":"","overlay-opacity":"","overlay-gradient":""},"mobile":{"background-color":"","background-image":"","background-repeat":"repeat","background-position":"center center","background-size":"auto","background-attachment":"scroll","background-type":"","background-media":"","overlay-type":"","overlay-color":"","overlay-opacity":"","overlay-gradient":""}},"ast-content-background-meta":{"desktop":{"background-color":"var(--ast-global-color-5)","background-image":"","background-repeat":"repeat","background-position":"center center","background-size":"auto","background-attachment":"scroll","background-type":"","background-media":"","overlay-type":"","overlay-color":"","overlay-opacity":"","overlay-gradient":""},"tablet":{"background-color":"var(--ast-global-color-5)","background-image":"","background-repeat":"repeat","background-position":"center center","background-size":"auto","background-attachment":"scroll","background-type":"","background-media":"","overlay-type":"","overlay-color":"","overlay-opacity":"","overlay-gradient":""},"mobile":{"background-color":"var(--ast-global-color-5)","background-image":"","background-repeat":"repeat","background-position":"center center","background-size":"auto","background-attachment":"scroll","background-type":"","background-media":"","overlay-type":"","overlay-color":"","overlay-opacity":"","overlay-gradient":""}}},"product_brand":[],"product_cat":[225],"product_tag":[228],"class_list":{"0":"post-997","1":"product","2":"type-product","3":"status-publish","4":"has-post-thumbnail","6":"product_cat-our-projects","7":"product_tag-our-projects","8":"desktop-align-left","9":"tablet-align-left","10":"mobile-align-left","12":"first","13":"instock","14":"taxable","15":"shipping-taxable","16":"product-type-simple"},"yoast_head":"<!-- This site is optimized with the Yoast SEO plugin v27.0 - https:\/\/yoast.com\/product\/yoast-seo-wordpress\/ -->\n<title>Temporary construction Banska Bystrica - prosporttec<\/title>\n<meta name=\"robots\" content=\"index, follow, max-snippet:-1, max-image-preview:large, max-video-preview:-1\" \/>\n<link rel=\"canonical\" href=\"https:\/\/www.prosporttec.com\/sk\/produkt\/temporary-construction-banska-bystrica\/\" \/>\n<meta property=\"og:locale\" content=\"sk_SK\" \/>\n<meta property=\"og:type\" content=\"article\" \/>\n<meta property=\"og:title\" content=\"Temporary construction Banska Bystrica - prosporttec\" \/>\n<meta property=\"og:description\" content=\"Banska Bystrica, Slovakia  The temporary shooting zone\u00a0has been established: 02\/10\/2019  Installed Configuration:\u00a0Shooting Zone - Basic.  The temporary shooting zone, as well as the beeSPORT athletes&#039; testing equipment, was installed during the Kaufland Winter Classic event, where Slovak ice hockey stars played an All Star game as well as a slovak hockey rivals from Banska Bystrica and Zvolen played also a regular league game.  The advantage of this solution is the versatility of the design - the zone is assembled and disassembled as soon as possible. Can be used multiple times at various events. You have a question about the product? Write us\" \/>\n<meta property=\"og:url\" content=\"https:\/\/www.prosporttec.com\/sk\/produkt\/temporary-construction-banska-bystrica\/\" \/>\n<meta property=\"og:site_name\" content=\"prosporttec\" \/>\n<meta property=\"article:publisher\" content=\"https:\/\/www.facebook.com\/prosporttecsk\/\" \/>\n<meta property=\"article:modified_time\" content=\"2024-12-22T16:00:14+00:00\" \/>\n<meta property=\"og:image\" content=\"https:\/\/www.prosporttec.com\/wp-content\/uploads\/2024\/07\/winter-classic-1.jpg\" \/>\n\t<meta property=\"og:image:width\" content=\"1500\" \/>\n\t<meta property=\"og:image:height\" content=\"1000\" \/>\n\t<meta property=\"og:image:type\" content=\"image\/jpeg\" \/>\n<meta name=\"twitter:card\" content=\"summary_large_image\" \/>\n<script type=\"application\/ld+json\" class=\"yoast-schema-graph\">{\"@context\":\"https:\/\/schema.org\",\"@graph\":[{\"@type\":\"WebPage\",\"@id\":\"https:\/\/www.prosporttec.com\/product\/temporary-construction-banska-bystrica\/\",\"url\":\"https:\/\/www.prosporttec.com\/product\/temporary-construction-banska-bystrica\/\",\"name\":\"Temporary construction Banska Bystrica - prosporttec\",\"isPartOf\":{\"@id\":\"https:\/\/www.prosporttec.com\/#website\"},\"primaryImageOfPage\":{\"@id\":\"https:\/\/www.prosporttec.com\/product\/temporary-construction-banska-bystrica\/#primaryimage\"},\"image\":{\"@id\":\"https:\/\/www.prosporttec.com\/product\/temporary-construction-banska-bystrica\/#primaryimage\"},\"thumbnailUrl\":\"https:\/\/www.prosporttec.com\/wp-content\/uploads\/2024\/07\/winter-classic-1.jpg\",\"datePublished\":\"2024-07-27T07:00:39+00:00\",\"dateModified\":\"2024-12-22T16:00:14+00:00\",\"breadcrumb\":{\"@id\":\"https:\/\/www.prosporttec.com\/product\/temporary-construction-banska-bystrica\/#breadcrumb\"},\"inLanguage\":\"sk-SK\",\"potentialAction\":[{\"@type\":\"ReadAction\",\"target\":[\"https:\/\/www.prosporttec.com\/product\/temporary-construction-banska-bystrica\/\"]}]},{\"@type\":\"ImageObject\",\"inLanguage\":\"sk-SK\",\"@id\":\"https:\/\/www.prosporttec.com\/product\/temporary-construction-banska-bystrica\/#primaryimage\",\"url\":\"https:\/\/www.prosporttec.com\/wp-content\/uploads\/2024\/07\/winter-classic-1.jpg\",\"contentUrl\":\"https:\/\/www.prosporttec.com\/wp-content\/uploads\/2024\/07\/winter-classic-1.jpg\",\"width\":1500,\"height\":1000},{\"@type\":\"BreadcrumbList\",\"@id\":\"https:\/\/www.prosporttec.com\/product\/temporary-construction-banska-bystrica\/#breadcrumb\",\"itemListElement\":[{\"@type\":\"ListItem\",\"position\":1,\"name\":\"Home\",\"item\":\"https:\/\/www.prosporttec.com\/\"},{\"@type\":\"ListItem\",\"position\":2,\"name\":\"Shop\",\"item\":\"https:\/\/www.prosporttec.com\/shop\/\"},{\"@type\":\"ListItem\",\"position\":3,\"name\":\"Temporary construction Banska Bystrica\"}]},{\"@type\":\"WebSite\",\"@id\":\"https:\/\/www.prosporttec.com\/#website\",\"url\":\"https:\/\/www.prosporttec.com\/\",\"name\":\"Prosporttec\",\"description\":\"\",\"publisher\":{\"@id\":\"https:\/\/www.prosporttec.com\/#organization\"},\"potentialAction\":[{\"@type\":\"SearchAction\",\"target\":{\"@type\":\"EntryPoint\",\"urlTemplate\":\"https:\/\/www.prosporttec.com\/?s={search_term_string}\"},\"query-input\":{\"@type\":\"PropertyValueSpecification\",\"valueRequired\":true,\"valueName\":\"search_term_string\"}}],\"inLanguage\":\"sk-SK\"},{\"@type\":\"Organization\",\"@id\":\"https:\/\/www.prosporttec.com\/#organization\",\"name\":\"Prosporttec\",\"url\":\"https:\/\/www.prosporttec.com\/\",\"logo\":{\"@type\":\"ImageObject\",\"inLanguage\":\"sk-SK\",\"@id\":\"https:\/\/www.prosporttec.com\/#\/schema\/logo\/image\/\",\"url\":\"https:\/\/www.prosporttec.com\/wp-content\/uploads\/2024\/07\/logo_logo_prosporttec.png\",\"contentUrl\":\"https:\/\/www.prosporttec.com\/wp-content\/uploads\/2024\/07\/logo_logo_prosporttec.png\",\"width\":150,\"height\":26,\"caption\":\"Prosporttec\"},\"image\":{\"@id\":\"https:\/\/www.prosporttec.com\/#\/schema\/logo\/image\/\"},\"sameAs\":[\"https:\/\/www.facebook.com\/prosporttecsk\/\"]}]}<\/script>\n<!-- \/ Yoast SEO plugin. -->","yoast_head_json":{"title":"Temporary construction Banska Bystrica - prosporttec","robots":{"index":"index","follow":"follow","max-snippet":"max-snippet:-1","max-image-preview":"max-image-preview:large","max-video-preview":"max-video-preview:-1"},"canonical":"https:\/\/www.prosporttec.com\/sk\/produkt\/temporary-construction-banska-bystrica\/","og_locale":"sk_SK","og_type":"article","og_title":"Temporary construction Banska Bystrica - prosporttec","og_description":"Banska Bystrica, Slovakia  The temporary shooting zone\u00a0has been established: 02\/10\/2019  Installed Configuration:\u00a0Shooting Zone - Basic.  The temporary shooting zone, as well as the beeSPORT athletes' testing equipment, was installed during the Kaufland Winter Classic event, where Slovak ice hockey stars played an All Star game as well as a slovak hockey rivals from Banska Bystrica and Zvolen played also a regular league game.  The advantage of this solution is the versatility of the design - the zone is assembled and disassembled as soon as possible. Can be used multiple times at various events. You have a question about the product? Write us","og_url":"https:\/\/www.prosporttec.com\/sk\/produkt\/temporary-construction-banska-bystrica\/","og_site_name":"prosporttec","article_publisher":"https:\/\/www.facebook.com\/prosporttecsk\/","article_modified_time":"2024-12-22T16:00:14+00:00","og_image":[{"width":1500,"height":1000,"url":"https:\/\/www.prosporttec.com\/wp-content\/uploads\/2024\/07\/winter-classic-1.jpg","type":"image\/jpeg"}],"twitter_card":"summary_large_image","schema":{"@context":"https:\/\/schema.org","@graph":[{"@type":"WebPage","@id":"https:\/\/www.prosporttec.com\/product\/temporary-construction-banska-bystrica\/","url":"https:\/\/www.prosporttec.com\/product\/temporary-construction-banska-bystrica\/","name":"Temporary construction Banska Bystrica - prosporttec","isPartOf":{"@id":"https:\/\/www.prosporttec.com\/#website"},"primaryImageOfPage":{"@id":"https:\/\/www.prosporttec.com\/product\/temporary-construction-banska-bystrica\/#primaryimage"},"image":{"@id":"https:\/\/www.prosporttec.com\/product\/temporary-construction-banska-bystrica\/#primaryimage"},"thumbnailUrl":"https:\/\/www.prosporttec.com\/wp-content\/uploads\/2024\/07\/winter-classic-1.jpg","datePublished":"2024-07-27T07:00:39+00:00","dateModified":"2024-12-22T16:00:14+00:00","breadcrumb":{"@id":"https:\/\/www.prosporttec.com\/product\/temporary-construction-banska-bystrica\/#breadcrumb"},"inLanguage":"sk-SK","potentialAction":[{"@type":"ReadAction","target":["https:\/\/www.prosporttec.com\/product\/temporary-construction-banska-bystrica\/"]}]},{"@type":"ImageObject","inLanguage":"sk-SK","@id":"https:\/\/www.prosporttec.com\/product\/temporary-construction-banska-bystrica\/#primaryimage","url":"https:\/\/www.prosporttec.com\/wp-content\/uploads\/2024\/07\/winter-classic-1.jpg","contentUrl":"https:\/\/www.prosporttec.com\/wp-content\/uploads\/2024\/07\/winter-classic-1.jpg","width":1500,"height":1000},{"@type":"BreadcrumbList","@id":"https:\/\/www.prosporttec.com\/product\/temporary-construction-banska-bystrica\/#breadcrumb","itemListElement":[{"@type":"ListItem","position":1,"name":"Home","item":"https:\/\/www.prosporttec.com\/"},{"@type":"ListItem","position":2,"name":"Shop","item":"https:\/\/www.prosporttec.com\/shop\/"},{"@type":"ListItem","position":3,"name":"Temporary construction Banska Bystrica"}]},{"@type":"WebSite","@id":"https:\/\/www.prosporttec.com\/#website","url":"https:\/\/www.prosporttec.com\/","name":"Prosporttec","description":"","publisher":{"@id":"https:\/\/www.prosporttec.com\/#organization"},"potentialAction":[{"@type":"SearchAction","target":{"@type":"EntryPoint","urlTemplate":"https:\/\/www.prosporttec.com\/?s={search_term_string}"},"query-input":{"@type":"PropertyValueSpecification","valueRequired":true,"valueName":"search_term_string"}}],"inLanguage":"sk-SK"},{"@type":"Organization","@id":"https:\/\/www.prosporttec.com\/#organization","name":"Prosporttec","url":"https:\/\/www.prosporttec.com\/","logo":{"@type":"ImageObject","inLanguage":"sk-SK","@id":"https:\/\/www.prosporttec.com\/#\/schema\/logo\/image\/","url":"https:\/\/www.prosporttec.com\/wp-content\/uploads\/2024\/07\/logo_logo_prosporttec.png","contentUrl":"https:\/\/www.prosporttec.com\/wp-content\/uploads\/2024\/07\/logo_logo_prosporttec.png","width":150,"height":26,"caption":"Prosporttec"},"image":{"@id":"https:\/\/www.prosporttec.com\/#\/schema\/logo\/image\/"},"sameAs":["https:\/\/www.facebook.com\/prosporttecsk\/"]}]}},"_links":{"self":[{"href":"https:\/\/www.prosporttec.com\/sk\/wp-json\/wp\/v2\/product\/997","targetHints":{"allow":["GET"]}}],"collection":[{"href":"https:\/\/www.prosporttec.com\/sk\/wp-json\/wp\/v2\/product"}],"about":[{"href":"https:\/\/www.prosporttec.com\/sk\/wp-json\/wp\/v2\/types\/product"}],"replies":[{"embeddable":true,"href":"https:\/\/www.prosporttec.com\/sk\/wp-json\/wp\/v2\/comments?post=997"}],"version-history":[{"count":5,"href":"https:\/\/www.prosporttec.com\/sk\/wp-json\/wp\/v2\/product\/997\/revisions"}],"predecessor-version":[{"id":5857,"href":"https:\/\/www.prosporttec.com\/sk\/wp-json\/wp\/v2\/product\/997\/revisions\/5857"}],"wp:featuredmedia":[{"embeddable":true,"href":"https:\/\/www.prosporttec.com\/sk\/wp-json\/wp\/v2\/media\/459"}],"wp:attachment":[{"href":"https:\/\/www.prosporttec.com\/sk\/wp-json\/wp\/v2\/media?parent=997"}],"wp:term":[{"taxonomy":"product_brand","embeddable":true,"href":"https:\/\/www.prosporttec.com\/sk\/wp-json\/wp\/v2\/product_brand?post=997"},{"taxonomy":"product_cat","embeddable":true,"href":"https:\/\/www.prosporttec.com\/sk\/wp-json\/wp\/v2\/product_cat?post=997"},{"taxonomy":"product_tag","embeddable":true,"href":"https:\/\/www.prosporttec.com\/sk\/wp-json\/wp\/v2\/product_tag?post=997"}],"curies":[{"name":"wp","href":"https:\/\/api.w.org\/{rel}","templated":true}]}}