{"id":895,"date":"2024-07-27T04:52:32","date_gmt":"2024-07-27T04:52:32","guid":{"rendered":"https:\/\/www.prosporttec.com\/?post_type=product&#038;p=895"},"modified":"2025-09-03T11:27:32","modified_gmt":"2025-09-03T11:27:32","slug":"small-hockey-goal","status":"publish","type":"product","link":"https:\/\/www.prosporttec.com\/sk\/produkt\/small-hockey-goal\/","title":{"rendered":"Mal\u00e1 hokejov\u00e1 br\u00e1nka"},"content":{"rendered":"<style>\n#ru{<br \/>    display: none !important ;<br \/>}<br \/>#sk{<br \/>    display: none !important ;<br \/>}<br \/><\/style>","protected":false},"excerpt":{"rendered":"<p>Mal\u00e1 hokejov\u00e1 br\u00e1nka od proSPORTtec je skvelou pom\u00f4ckou pre \u0161koly, \u0161portov\u00e9 oddiely alebo rekrea\u010dn\u00fd \u0161port a z\u00e1bavu. Je to ide\u00e1lna pom\u00f4cka pre z\u00e1pas na rybn\u00edku, malom ihrisku. Taktie\u017e sa d\u00e1 pou\u017ei\u0165 na rozvoj presnosti stre\u013eby s hokejbalovou lopti\u010dkou, alebo inline pukom. Pre maxim\u00e1lnu bezpe\u010dnos\u0165 s\u00fa v\u0161etky ty\u010de okr\u00fahle a s obl\u00fdmi rohmi.<\/p>\n<h4>M\u00e1te ot\u00e1zku k produktu? <a href=\"#elementor-action%3Aaction%3Dpopup%3Aopen%26settings%3DeyJpZCI6IjU4MTMiLCJ0b2dnbGUiOmZhbHNlfQ%3D%3D\">Nap\u00ed\u0161te n\u00e1m<\/a><\/h4>","protected":false},"featured_media":255,"comment_status":"open","ping_status":"closed","template":"","meta":{"site-sidebar-layout":"default","site-content-layout":"","ast-site-content-layout":"default","site-content-style":"default","site-sidebar-style":"default","ast-global-header-display":"","ast-banner-title-visibility":"","ast-main-header-display":"","ast-hfb-above-header-display":"","ast-hfb-below-header-display":"","ast-hfb-mobile-header-display":"","site-post-title":"","ast-breadcrumbs-content":"","ast-featured-img":"","footer-sml-layout":"","ast-disable-related-posts":"","theme-transparent-header-meta":"default","adv-header-id-meta":"","stick-header-meta":"","header-above-stick-meta":"","header-main-stick-meta":"","header-below-stick-meta":"","astra-migrate-meta-layouts":"set","ast-page-background-enabled":"default","ast-page-background-meta":{"desktop":{"background-color":"var(--ast-global-color-4)","background-image":"","background-repeat":"repeat","background-position":"center center","background-size":"auto","background-attachment":"scroll","background-type":"","background-media":"","overlay-type":"","overlay-color":"","overlay-opacity":"","overlay-gradient":""},"tablet":{"background-color":"","background-image":"","background-repeat":"repeat","background-position":"center center","background-size":"auto","background-attachment":"scroll","background-type":"","background-media":"","overlay-type":"","overlay-color":"","overlay-opacity":"","overlay-gradient":""},"mobile":{"background-color":"","background-image":"","background-repeat":"repeat","background-position":"center center","background-size":"auto","background-attachment":"scroll","background-type":"","background-media":"","overlay-type":"","overlay-color":"","overlay-opacity":"","overlay-gradient":""}},"ast-content-background-meta":{"desktop":{"background-color":"var(--ast-global-color-5)","background-image":"","background-repeat":"repeat","background-position":"center center","background-size":"auto","background-attachment":"scroll","background-type":"","background-media":"","overlay-type":"","overlay-color":"","overlay-opacity":"","overlay-gradient":""},"tablet":{"background-color":"var(--ast-global-color-5)","background-image":"","background-repeat":"repeat","background-position":"center center","background-size":"auto","background-attachment":"scroll","background-type":"","background-media":"","overlay-type":"","overlay-color":"","overlay-opacity":"","overlay-gradient":""},"mobile":{"background-color":"var(--ast-global-color-5)","background-image":"","background-repeat":"repeat","background-position":"center center","background-size":"auto","background-attachment":"scroll","background-type":"","background-media":"","overlay-type":"","overlay-color":"","overlay-opacity":"","overlay-gradient":""}}},"product_brand":[],"product_cat":[185],"product_tag":[188],"class_list":{"0":"post-895","1":"product","2":"type-product","3":"status-publish","4":"has-post-thumbnail","6":"product_cat-hockey-equipment","7":"product_tag-hockey-equipment","8":"desktop-align-left","9":"tablet-align-left","10":"mobile-align-left","12":"first","13":"instock","14":"taxable","15":"shipping-taxable","16":"purchasable","17":"product-type-simple"},"yoast_head":"<!-- This site is optimized with the Yoast SEO plugin v27.0 - https:\/\/yoast.com\/product\/yoast-seo-wordpress\/ -->\n<title>Small hockey goal - prosporttec<\/title>\n<meta name=\"robots\" content=\"index, follow, max-snippet:-1, max-image-preview:large, max-video-preview:-1\" \/>\n<link rel=\"canonical\" href=\"https:\/\/www.prosporttec.com\/sk\/produkt\/small-hockey-goal\/\" \/>\n<meta property=\"og:locale\" content=\"sk_SK\" \/>\n<meta property=\"og:type\" content=\"article\" \/>\n<meta property=\"og:title\" content=\"Small hockey goal - prosporttec\" \/>\n<meta property=\"og:description\" content=\"The small hockey goal from Prosporttec is a great tool for schools, sports clubs or recreational sports and entertainment. It is the ideal tool for a match on a pond, small playground. It can also be used to develop shooting accuracy with a hockey-ball or an inline puck. For maximum safety, all rods are round with rounded corners. You have a question about the product? Write us\" \/>\n<meta property=\"og:url\" content=\"https:\/\/www.prosporttec.com\/sk\/produkt\/small-hockey-goal\/\" \/>\n<meta property=\"og:site_name\" content=\"prosporttec\" \/>\n<meta property=\"article:publisher\" content=\"https:\/\/www.facebook.com\/prosporttecsk\/\" \/>\n<meta property=\"article:modified_time\" content=\"2025-09-03T11:27:32+00:00\" \/>\n<meta property=\"og:image\" content=\"https:\/\/www.prosporttec.com\/wp-content\/uploads\/2024\/07\/mala_branka-scaled.jpg\" \/>\n\t<meta property=\"og:image:width\" content=\"2560\" \/>\n\t<meta property=\"og:image:height\" content=\"1707\" \/>\n\t<meta property=\"og:image:type\" content=\"image\/jpeg\" \/>\n<meta name=\"twitter:card\" content=\"summary_large_image\" \/>\n<meta name=\"twitter:label1\" content=\"Predpokladan\u00fd \u010das \u010d\u00edtania\" \/>\n\t<meta name=\"twitter:data1\" content=\"1 min\u00fata\" \/>\n<script type=\"application\/ld+json\" class=\"yoast-schema-graph\">{\"@context\":\"https:\/\/schema.org\",\"@graph\":[{\"@type\":\"WebPage\",\"@id\":\"https:\/\/www.prosporttec.com\/product\/small-hockey-goal\/\",\"url\":\"https:\/\/www.prosporttec.com\/product\/small-hockey-goal\/\",\"name\":\"Small hockey goal - prosporttec\",\"isPartOf\":{\"@id\":\"https:\/\/www.prosporttec.com\/#website\"},\"primaryImageOfPage\":{\"@id\":\"https:\/\/www.prosporttec.com\/product\/small-hockey-goal\/#primaryimage\"},\"image\":{\"@id\":\"https:\/\/www.prosporttec.com\/product\/small-hockey-goal\/#primaryimage\"},\"thumbnailUrl\":\"https:\/\/www.prosporttec.com\/wp-content\/uploads\/2024\/07\/mala_branka-scaled.jpg\",\"datePublished\":\"2024-07-27T04:52:32+00:00\",\"dateModified\":\"2025-09-03T11:27:32+00:00\",\"breadcrumb\":{\"@id\":\"https:\/\/www.prosporttec.com\/product\/small-hockey-goal\/#breadcrumb\"},\"inLanguage\":\"sk-SK\",\"potentialAction\":[{\"@type\":\"ReadAction\",\"target\":[\"https:\/\/www.prosporttec.com\/product\/small-hockey-goal\/\"]}]},{\"@type\":\"ImageObject\",\"inLanguage\":\"sk-SK\",\"@id\":\"https:\/\/www.prosporttec.com\/product\/small-hockey-goal\/#primaryimage\",\"url\":\"https:\/\/www.prosporttec.com\/wp-content\/uploads\/2024\/07\/mala_branka-scaled.jpg\",\"contentUrl\":\"https:\/\/www.prosporttec.com\/wp-content\/uploads\/2024\/07\/mala_branka-scaled.jpg\",\"width\":2560,\"height\":1707},{\"@type\":\"BreadcrumbList\",\"@id\":\"https:\/\/www.prosporttec.com\/product\/small-hockey-goal\/#breadcrumb\",\"itemListElement\":[{\"@type\":\"ListItem\",\"position\":1,\"name\":\"Home\",\"item\":\"https:\/\/www.prosporttec.com\/\"},{\"@type\":\"ListItem\",\"position\":2,\"name\":\"Shop\",\"item\":\"https:\/\/www.prosporttec.com\/shop\/\"},{\"@type\":\"ListItem\",\"position\":3,\"name\":\"Small hockey goal\"}]},{\"@type\":\"WebSite\",\"@id\":\"https:\/\/www.prosporttec.com\/#website\",\"url\":\"https:\/\/www.prosporttec.com\/\",\"name\":\"Prosporttec\",\"description\":\"\",\"publisher\":{\"@id\":\"https:\/\/www.prosporttec.com\/#organization\"},\"potentialAction\":[{\"@type\":\"SearchAction\",\"target\":{\"@type\":\"EntryPoint\",\"urlTemplate\":\"https:\/\/www.prosporttec.com\/?s={search_term_string}\"},\"query-input\":{\"@type\":\"PropertyValueSpecification\",\"valueRequired\":true,\"valueName\":\"search_term_string\"}}],\"inLanguage\":\"sk-SK\"},{\"@type\":\"Organization\",\"@id\":\"https:\/\/www.prosporttec.com\/#organization\",\"name\":\"Prosporttec\",\"url\":\"https:\/\/www.prosporttec.com\/\",\"logo\":{\"@type\":\"ImageObject\",\"inLanguage\":\"sk-SK\",\"@id\":\"https:\/\/www.prosporttec.com\/#\/schema\/logo\/image\/\",\"url\":\"https:\/\/www.prosporttec.com\/wp-content\/uploads\/2024\/07\/logo_logo_prosporttec.png\",\"contentUrl\":\"https:\/\/www.prosporttec.com\/wp-content\/uploads\/2024\/07\/logo_logo_prosporttec.png\",\"width\":150,\"height\":26,\"caption\":\"Prosporttec\"},\"image\":{\"@id\":\"https:\/\/www.prosporttec.com\/#\/schema\/logo\/image\/\"},\"sameAs\":[\"https:\/\/www.facebook.com\/prosporttecsk\/\"]}]}<\/script>\n<!-- \/ Yoast SEO plugin. -->","yoast_head_json":{"title":"Small hockey goal - prosporttec","robots":{"index":"index","follow":"follow","max-snippet":"max-snippet:-1","max-image-preview":"max-image-preview:large","max-video-preview":"max-video-preview:-1"},"canonical":"https:\/\/www.prosporttec.com\/sk\/produkt\/small-hockey-goal\/","og_locale":"sk_SK","og_type":"article","og_title":"Small hockey goal - prosporttec","og_description":"The small hockey goal from Prosporttec is a great tool for schools, sports clubs or recreational sports and entertainment. It is the ideal tool for a match on a pond, small playground. It can also be used to develop shooting accuracy with a hockey-ball or an inline puck. For maximum safety, all rods are round with rounded corners. You have a question about the product? Write us","og_url":"https:\/\/www.prosporttec.com\/sk\/produkt\/small-hockey-goal\/","og_site_name":"prosporttec","article_publisher":"https:\/\/www.facebook.com\/prosporttecsk\/","article_modified_time":"2025-09-03T11:27:32+00:00","og_image":[{"width":2560,"height":1707,"url":"https:\/\/www.prosporttec.com\/wp-content\/uploads\/2024\/07\/mala_branka-scaled.jpg","type":"image\/jpeg"}],"twitter_card":"summary_large_image","twitter_misc":{"Predpokladan\u00fd \u010das \u010d\u00edtania":"1 min\u00fata"},"schema":{"@context":"https:\/\/schema.org","@graph":[{"@type":"WebPage","@id":"https:\/\/www.prosporttec.com\/product\/small-hockey-goal\/","url":"https:\/\/www.prosporttec.com\/product\/small-hockey-goal\/","name":"Small hockey goal - prosporttec","isPartOf":{"@id":"https:\/\/www.prosporttec.com\/#website"},"primaryImageOfPage":{"@id":"https:\/\/www.prosporttec.com\/product\/small-hockey-goal\/#primaryimage"},"image":{"@id":"https:\/\/www.prosporttec.com\/product\/small-hockey-goal\/#primaryimage"},"thumbnailUrl":"https:\/\/www.prosporttec.com\/wp-content\/uploads\/2024\/07\/mala_branka-scaled.jpg","datePublished":"2024-07-27T04:52:32+00:00","dateModified":"2025-09-03T11:27:32+00:00","breadcrumb":{"@id":"https:\/\/www.prosporttec.com\/product\/small-hockey-goal\/#breadcrumb"},"inLanguage":"sk-SK","potentialAction":[{"@type":"ReadAction","target":["https:\/\/www.prosporttec.com\/product\/small-hockey-goal\/"]}]},{"@type":"ImageObject","inLanguage":"sk-SK","@id":"https:\/\/www.prosporttec.com\/product\/small-hockey-goal\/#primaryimage","url":"https:\/\/www.prosporttec.com\/wp-content\/uploads\/2024\/07\/mala_branka-scaled.jpg","contentUrl":"https:\/\/www.prosporttec.com\/wp-content\/uploads\/2024\/07\/mala_branka-scaled.jpg","width":2560,"height":1707},{"@type":"BreadcrumbList","@id":"https:\/\/www.prosporttec.com\/product\/small-hockey-goal\/#breadcrumb","itemListElement":[{"@type":"ListItem","position":1,"name":"Home","item":"https:\/\/www.prosporttec.com\/"},{"@type":"ListItem","position":2,"name":"Shop","item":"https:\/\/www.prosporttec.com\/shop\/"},{"@type":"ListItem","position":3,"name":"Small hockey goal"}]},{"@type":"WebSite","@id":"https:\/\/www.prosporttec.com\/#website","url":"https:\/\/www.prosporttec.com\/","name":"Prosporttec","description":"","publisher":{"@id":"https:\/\/www.prosporttec.com\/#organization"},"potentialAction":[{"@type":"SearchAction","target":{"@type":"EntryPoint","urlTemplate":"https:\/\/www.prosporttec.com\/?s={search_term_string}"},"query-input":{"@type":"PropertyValueSpecification","valueRequired":true,"valueName":"search_term_string"}}],"inLanguage":"sk-SK"},{"@type":"Organization","@id":"https:\/\/www.prosporttec.com\/#organization","name":"Prosporttec","url":"https:\/\/www.prosporttec.com\/","logo":{"@type":"ImageObject","inLanguage":"sk-SK","@id":"https:\/\/www.prosporttec.com\/#\/schema\/logo\/image\/","url":"https:\/\/www.prosporttec.com\/wp-content\/uploads\/2024\/07\/logo_logo_prosporttec.png","contentUrl":"https:\/\/www.prosporttec.com\/wp-content\/uploads\/2024\/07\/logo_logo_prosporttec.png","width":150,"height":26,"caption":"Prosporttec"},"image":{"@id":"https:\/\/www.prosporttec.com\/#\/schema\/logo\/image\/"},"sameAs":["https:\/\/www.facebook.com\/prosporttecsk\/"]}]}},"_links":{"self":[{"href":"https:\/\/www.prosporttec.com\/sk\/wp-json\/wp\/v2\/product\/895","targetHints":{"allow":["GET"]}}],"collection":[{"href":"https:\/\/www.prosporttec.com\/sk\/wp-json\/wp\/v2\/product"}],"about":[{"href":"https:\/\/www.prosporttec.com\/sk\/wp-json\/wp\/v2\/types\/product"}],"replies":[{"embeddable":true,"href":"https:\/\/www.prosporttec.com\/sk\/wp-json\/wp\/v2\/comments?post=895"}],"version-history":[{"count":5,"href":"https:\/\/www.prosporttec.com\/sk\/wp-json\/wp\/v2\/product\/895\/revisions"}],"predecessor-version":[{"id":6105,"href":"https:\/\/www.prosporttec.com\/sk\/wp-json\/wp\/v2\/product\/895\/revisions\/6105"}],"wp:featuredmedia":[{"embeddable":true,"href":"https:\/\/www.prosporttec.com\/sk\/wp-json\/wp\/v2\/media\/255"}],"wp:attachment":[{"href":"https:\/\/www.prosporttec.com\/sk\/wp-json\/wp\/v2\/media?parent=895"}],"wp:term":[{"taxonomy":"product_brand","embeddable":true,"href":"https:\/\/www.prosporttec.com\/sk\/wp-json\/wp\/v2\/product_brand?post=895"},{"taxonomy":"product_cat","embeddable":true,"href":"https:\/\/www.prosporttec.com\/sk\/wp-json\/wp\/v2\/product_cat?post=895"},{"taxonomy":"product_tag","embeddable":true,"href":"https:\/\/www.prosporttec.com\/sk\/wp-json\/wp\/v2\/product_tag?post=895"}],"curies":[{"name":"wp","href":"https:\/\/api.w.org\/{rel}","templated":true}]}}