{"id":861,"date":"2024-07-27T04:35:58","date_gmt":"2024-07-27T04:35:58","guid":{"rendered":"https:\/\/www.prosporttec.com\/?post_type=product&#038;p=861"},"modified":"2025-11-25T13:42:46","modified_gmt":"2025-11-25T13:42:46","slug":"shooter","status":"publish","type":"product","link":"https:\/\/www.prosporttec.com\/sk\/produkt\/shooter\/","title":{"rendered":"Shooter"},"content":{"rendered":"<div data-elementor-type=\"product-post\" data-elementor-id=\"861\" class=\"elementor elementor-861\">\n\t\t\t\t\t\t<section class=\"elementor-section elementor-top-section elementor-element elementor-element-1c29b4fe elementor-section-boxed elementor-section-height-default elementor-section-height-default\" data-id=\"1c29b4fe\" data-element_type=\"section\" data-e-type=\"section\">\n\t\t\t\t\t\t<div class=\"elementor-container elementor-column-gap-default\">\n\t\t\t\t\t<div class=\"elementor-column elementor-col-100 elementor-top-column elementor-element elementor-element-53cda1d6\" data-id=\"53cda1d6\" data-element_type=\"column\" data-e-type=\"column\">\n\t\t\t<div class=\"elementor-widget-wrap elementor-element-populated\">\n\t\t\t\t\t\t<div class=\"elementor-element elementor-element-163cb944 elementor-widget elementor-widget-text-editor\" data-id=\"163cb944\" data-element_type=\"widget\" data-e-type=\"widget\" data-widget_type=\"text-editor.default\">\n\t\t\t\t<div class=\"elementor-widget-container\">\n\t\t\t\t\t\t\t\t\t<div class=\"col-md-12\"><h2>K\u013e\u00fa\u010dov\u00e9 v\u00fdhody:<\/h2><ul><li>Simuluje podmienky z\u00e1pasu (\u201e\u010c\u00edtaj a reaguj\u201c; strie\u013eajte kedyko\u013evek).<\/li><li>Zlep\u0161uje reakciu hr\u00e1\u010dov.<\/li><li>Umo\u017e\u0148uje nastavi\u0165 frekvenciu zmien sign\u00e1lu na monitore a d\u013a\u017eku trvania zobrazenia sign\u00e1lu na monitore.<\/li><li>Hodnot\u00ed \u00faspe\u0161nos\u0165 stre\u013eby.<\/li><li>Meria a vyhodnocuje r\u00fdchlos\u0165 stre\u013eby.<\/li><\/ul><\/div><div class=\"col-md-12\">\u00a0<\/div><p><style>\n#ru{<br \/>    display: none !important ;<br \/>}<br \/>#sk{<br \/>    display: none !important ;<br \/>}<br \/><\/style><\/p>\t\t\t\t\t\t\t\t<\/div>\n\t\t\t\t<\/div>\n\t\t\t\t<div class=\"elementor-element elementor-element-352c6f4 elementor-widget elementor-widget-video\" data-id=\"352c6f4\" data-element_type=\"widget\" data-e-type=\"widget\" data-settings=\"{&quot;youtube_url&quot;:&quot;https:\\\/\\\/youtu.be\\\/FAnbOESrgUM?si=OTEtyQkFmTBj5tBi&quot;,&quot;video_type&quot;:&quot;youtube&quot;,&quot;controls&quot;:&quot;yes&quot;}\" data-widget_type=\"video.default\">\n\t\t\t\t<div class=\"elementor-widget-container\">\n\t\t\t\t\t\t\t<div class=\"elementor-wrapper elementor-open-inline\">\n\t\t\t<div class=\"elementor-video\"><\/div>\t\t<\/div>\n\t\t\t\t\t\t<\/div>\n\t\t\t\t<\/div>\n\t\t\t\t\t<\/div>\n\t\t<\/div>\n\t\t\t\t\t<\/div>\n\t\t<\/section>\n\t\t\t\t<\/div>","protected":false},"excerpt":{"rendered":"<p><strong>Shooter<\/strong>\u00a0obsahuje br\u00e1nku s nepriestreln\u00fdm pl\u00e1tnom ktor\u00e9 m\u00e1 5 otvorov do ktor\u00fdch m\u00e1 hr\u00e1\u010d pod\u013ea povelu z monitora triafa\u0165. 4 otvory s\u00fa umiestnen\u00e9 v rohoch br\u00e1ny a piaty medzi nohami brank\u00e1ra. \u010eal\u0161\u00edm komponentom je monitor, ktor\u00fd je umiestnen\u00fd nad br\u00e1nkou. Ten je ur\u010den\u00fd na v\u00fdber miesta, kam m\u00e1 hr\u00e1\u010d strie\u013ea\u0165. To znamen\u00e1, \u017ee na \u0148om preblikne v jednom z rohov zelen\u00e9 svetlo, ktor\u00e9 uk\u00e1\u017ee miesto do ktor\u00e9ho m\u00e1 hr\u00e1\u010d streli\u0165. N\u00e1sledne po 10 strel\u00e1ch software vyhodnot\u00ed \u00faspe\u0161nos\u0165 hr\u00e1\u010da.<\/p>\n<p>Multim\u00e9di\u00e1 (monitor, po\u010d\u00edta\u010d) nie s\u00fa s\u00fa\u010das\u0165ou dod\u00e1vky.<\/p>\n<h4>M\u00e1te ot\u00e1zku k produktu? <a href=\"#elementor-action%3Aaction%3Dpopup%3Aopen%26settings%3DeyJpZCI6IjU4MTMiLCJ0b2dnbGUiOmZhbHNlfQ%3D%3D\">Nap\u00ed\u0161te n\u00e1m<\/a><\/h4>","protected":false},"featured_media":371,"comment_status":"open","ping_status":"closed","template":"","meta":{"site-sidebar-layout":"default","site-content-layout":"","ast-site-content-layout":"default","site-content-style":"default","site-sidebar-style":"default","ast-global-header-display":"","ast-banner-title-visibility":"","ast-main-header-display":"","ast-hfb-above-header-display":"","ast-hfb-below-header-display":"","ast-hfb-mobile-header-display":"","site-post-title":"","ast-breadcrumbs-content":"","ast-featured-img":"","footer-sml-layout":"","ast-disable-related-posts":"","theme-transparent-header-meta":"default","adv-header-id-meta":"","stick-header-meta":"","header-above-stick-meta":"","header-main-stick-meta":"","header-below-stick-meta":"","astra-migrate-meta-layouts":"set","ast-page-background-enabled":"default","ast-page-background-meta":{"desktop":{"background-color":"var(--ast-global-color-4)","background-image":"","background-repeat":"repeat","background-position":"center center","background-size":"auto","background-attachment":"scroll","background-type":"","background-media":"","overlay-type":"","overlay-color":"","overlay-opacity":"","overlay-gradient":""},"tablet":{"background-color":"","background-image":"","background-repeat":"repeat","background-position":"center center","background-size":"auto","background-attachment":"scroll","background-type":"","background-media":"","overlay-type":"","overlay-color":"","overlay-opacity":"","overlay-gradient":""},"mobile":{"background-color":"","background-image":"","background-repeat":"repeat","background-position":"center center","background-size":"auto","background-attachment":"scroll","background-type":"","background-media":"","overlay-type":"","overlay-color":"","overlay-opacity":"","overlay-gradient":""}},"ast-content-background-meta":{"desktop":{"background-color":"var(--ast-global-color-5)","background-image":"","background-repeat":"repeat","background-position":"center center","background-size":"auto","background-attachment":"scroll","background-type":"","background-media":"","overlay-type":"","overlay-color":"","overlay-opacity":"","overlay-gradient":""},"tablet":{"background-color":"var(--ast-global-color-5)","background-image":"","background-repeat":"repeat","background-position":"center center","background-size":"auto","background-attachment":"scroll","background-type":"","background-media":"","overlay-type":"","overlay-color":"","overlay-opacity":"","overlay-gradient":""},"mobile":{"background-color":"var(--ast-global-color-5)","background-image":"","background-repeat":"repeat","background-position":"center center","background-size":"auto","background-attachment":"scroll","background-type":"","background-media":"","overlay-type":"","overlay-color":"","overlay-opacity":"","overlay-gradient":""}}},"product_brand":[],"product_cat":[185],"product_tag":[188],"class_list":{"0":"post-861","1":"product","2":"type-product","3":"status-publish","4":"has-post-thumbnail","6":"product_cat-hockey-equipment","7":"product_tag-hockey-equipment","8":"desktop-align-left","9":"tablet-align-left","10":"mobile-align-left","12":"first","13":"instock","14":"taxable","15":"shipping-taxable","16":"purchasable","17":"product-type-simple"},"yoast_head":"<!-- This site is optimized with the Yoast SEO plugin v27.0 - https:\/\/yoast.com\/product\/yoast-seo-wordpress\/ -->\n<title>Shooter - prosporttec<\/title>\n<meta name=\"robots\" content=\"index, follow, max-snippet:-1, max-image-preview:large, max-video-preview:-1\" \/>\n<link rel=\"canonical\" href=\"https:\/\/www.prosporttec.com\/sk\/produkt\/shooter\/\" \/>\n<meta property=\"og:locale\" content=\"sk_SK\" \/>\n<meta property=\"og:type\" content=\"article\" \/>\n<meta property=\"og:title\" content=\"Shooter - prosporttec\" \/>\n<meta property=\"og:description\" content=\"Shooter\u00a0features Hockey goal with a tutor shooter into which the player is commanded to shoot by the monitor. 4 holes are located in the corners of the gate and the fifth between the legs of the goalkeeper. Another component is a monitor that is dazed above the gate. It is designed to select to show the player where to shoot. This means that a green light will flash on one of the corners to indicate the place where the player will shoot. Subsequently, after 10 shots, the software evaluates the success of the player. You have many options to choose from, for example - Time between the shots, number of shots, hardcore mode and much more.  Multimedia (monitor, computer) are not part of the delivery. You have a question about the product? Write us\" \/>\n<meta property=\"og:url\" content=\"https:\/\/www.prosporttec.com\/sk\/produkt\/shooter\/\" \/>\n<meta property=\"og:site_name\" content=\"prosporttec\" \/>\n<meta property=\"article:publisher\" content=\"https:\/\/www.facebook.com\/prosporttecsk\/\" \/>\n<meta property=\"article:modified_time\" content=\"2025-11-25T13:42:46+00:00\" \/>\n<meta property=\"og:image\" content=\"https:\/\/www.prosporttec.com\/wp-content\/uploads\/2024\/07\/sn.jpg\" \/>\n\t<meta property=\"og:image:width\" content=\"1500\" \/>\n\t<meta property=\"og:image:height\" content=\"1000\" \/>\n\t<meta property=\"og:image:type\" content=\"image\/jpeg\" \/>\n<meta name=\"twitter:card\" content=\"summary_large_image\" \/>\n<script type=\"application\/ld+json\" class=\"yoast-schema-graph\">{\"@context\":\"https:\/\/schema.org\",\"@graph\":[{\"@type\":\"WebPage\",\"@id\":\"https:\/\/www.prosporttec.com\/product\/shooter\/\",\"url\":\"https:\/\/www.prosporttec.com\/product\/shooter\/\",\"name\":\"Shooter - prosporttec\",\"isPartOf\":{\"@id\":\"https:\/\/www.prosporttec.com\/#website\"},\"primaryImageOfPage\":{\"@id\":\"https:\/\/www.prosporttec.com\/product\/shooter\/#primaryimage\"},\"image\":{\"@id\":\"https:\/\/www.prosporttec.com\/product\/shooter\/#primaryimage\"},\"thumbnailUrl\":\"https:\/\/www.prosporttec.com\/wp-content\/uploads\/2024\/07\/sn.jpg\",\"datePublished\":\"2024-07-27T04:35:58+00:00\",\"dateModified\":\"2025-11-25T13:42:46+00:00\",\"breadcrumb\":{\"@id\":\"https:\/\/www.prosporttec.com\/product\/shooter\/#breadcrumb\"},\"inLanguage\":\"sk-SK\",\"potentialAction\":[{\"@type\":\"ReadAction\",\"target\":[\"https:\/\/www.prosporttec.com\/product\/shooter\/\"]}]},{\"@type\":\"ImageObject\",\"inLanguage\":\"sk-SK\",\"@id\":\"https:\/\/www.prosporttec.com\/product\/shooter\/#primaryimage\",\"url\":\"https:\/\/www.prosporttec.com\/wp-content\/uploads\/2024\/07\/sn.jpg\",\"contentUrl\":\"https:\/\/www.prosporttec.com\/wp-content\/uploads\/2024\/07\/sn.jpg\",\"width\":1500,\"height\":1000},{\"@type\":\"BreadcrumbList\",\"@id\":\"https:\/\/www.prosporttec.com\/product\/shooter\/#breadcrumb\",\"itemListElement\":[{\"@type\":\"ListItem\",\"position\":1,\"name\":\"Home\",\"item\":\"https:\/\/www.prosporttec.com\/\"},{\"@type\":\"ListItem\",\"position\":2,\"name\":\"Shop\",\"item\":\"https:\/\/www.prosporttec.com\/shop\/\"},{\"@type\":\"ListItem\",\"position\":3,\"name\":\"Shooter\"}]},{\"@type\":\"WebSite\",\"@id\":\"https:\/\/www.prosporttec.com\/#website\",\"url\":\"https:\/\/www.prosporttec.com\/\",\"name\":\"Prosporttec\",\"description\":\"\",\"publisher\":{\"@id\":\"https:\/\/www.prosporttec.com\/#organization\"},\"potentialAction\":[{\"@type\":\"SearchAction\",\"target\":{\"@type\":\"EntryPoint\",\"urlTemplate\":\"https:\/\/www.prosporttec.com\/?s={search_term_string}\"},\"query-input\":{\"@type\":\"PropertyValueSpecification\",\"valueRequired\":true,\"valueName\":\"search_term_string\"}}],\"inLanguage\":\"sk-SK\"},{\"@type\":\"Organization\",\"@id\":\"https:\/\/www.prosporttec.com\/#organization\",\"name\":\"Prosporttec\",\"url\":\"https:\/\/www.prosporttec.com\/\",\"logo\":{\"@type\":\"ImageObject\",\"inLanguage\":\"sk-SK\",\"@id\":\"https:\/\/www.prosporttec.com\/#\/schema\/logo\/image\/\",\"url\":\"https:\/\/www.prosporttec.com\/wp-content\/uploads\/2024\/07\/logo_logo_prosporttec.png\",\"contentUrl\":\"https:\/\/www.prosporttec.com\/wp-content\/uploads\/2024\/07\/logo_logo_prosporttec.png\",\"width\":150,\"height\":26,\"caption\":\"Prosporttec\"},\"image\":{\"@id\":\"https:\/\/www.prosporttec.com\/#\/schema\/logo\/image\/\"},\"sameAs\":[\"https:\/\/www.facebook.com\/prosporttecsk\/\"]}]}<\/script>\n<!-- \/ Yoast SEO plugin. -->","yoast_head_json":{"title":"Shooter - prosporttec","robots":{"index":"index","follow":"follow","max-snippet":"max-snippet:-1","max-image-preview":"max-image-preview:large","max-video-preview":"max-video-preview:-1"},"canonical":"https:\/\/www.prosporttec.com\/sk\/produkt\/shooter\/","og_locale":"sk_SK","og_type":"article","og_title":"Shooter - prosporttec","og_description":"Shooter\u00a0features Hockey goal with a tutor shooter into which the player is commanded to shoot by the monitor. 4 holes are located in the corners of the gate and the fifth between the legs of the goalkeeper. Another component is a monitor that is dazed above the gate. It is designed to select to show the player where to shoot. This means that a green light will flash on one of the corners to indicate the place where the player will shoot. Subsequently, after 10 shots, the software evaluates the success of the player. You have many options to choose from, for example - Time between the shots, number of shots, hardcore mode and much more.  Multimedia (monitor, computer) are not part of the delivery. You have a question about the product? Write us","og_url":"https:\/\/www.prosporttec.com\/sk\/produkt\/shooter\/","og_site_name":"prosporttec","article_publisher":"https:\/\/www.facebook.com\/prosporttecsk\/","article_modified_time":"2025-11-25T13:42:46+00:00","og_image":[{"width":1500,"height":1000,"url":"https:\/\/www.prosporttec.com\/wp-content\/uploads\/2024\/07\/sn.jpg","type":"image\/jpeg"}],"twitter_card":"summary_large_image","schema":{"@context":"https:\/\/schema.org","@graph":[{"@type":"WebPage","@id":"https:\/\/www.prosporttec.com\/product\/shooter\/","url":"https:\/\/www.prosporttec.com\/product\/shooter\/","name":"Shooter - prosporttec","isPartOf":{"@id":"https:\/\/www.prosporttec.com\/#website"},"primaryImageOfPage":{"@id":"https:\/\/www.prosporttec.com\/product\/shooter\/#primaryimage"},"image":{"@id":"https:\/\/www.prosporttec.com\/product\/shooter\/#primaryimage"},"thumbnailUrl":"https:\/\/www.prosporttec.com\/wp-content\/uploads\/2024\/07\/sn.jpg","datePublished":"2024-07-27T04:35:58+00:00","dateModified":"2025-11-25T13:42:46+00:00","breadcrumb":{"@id":"https:\/\/www.prosporttec.com\/product\/shooter\/#breadcrumb"},"inLanguage":"sk-SK","potentialAction":[{"@type":"ReadAction","target":["https:\/\/www.prosporttec.com\/product\/shooter\/"]}]},{"@type":"ImageObject","inLanguage":"sk-SK","@id":"https:\/\/www.prosporttec.com\/product\/shooter\/#primaryimage","url":"https:\/\/www.prosporttec.com\/wp-content\/uploads\/2024\/07\/sn.jpg","contentUrl":"https:\/\/www.prosporttec.com\/wp-content\/uploads\/2024\/07\/sn.jpg","width":1500,"height":1000},{"@type":"BreadcrumbList","@id":"https:\/\/www.prosporttec.com\/product\/shooter\/#breadcrumb","itemListElement":[{"@type":"ListItem","position":1,"name":"Home","item":"https:\/\/www.prosporttec.com\/"},{"@type":"ListItem","position":2,"name":"Shop","item":"https:\/\/www.prosporttec.com\/shop\/"},{"@type":"ListItem","position":3,"name":"Shooter"}]},{"@type":"WebSite","@id":"https:\/\/www.prosporttec.com\/#website","url":"https:\/\/www.prosporttec.com\/","name":"Prosporttec","description":"","publisher":{"@id":"https:\/\/www.prosporttec.com\/#organization"},"potentialAction":[{"@type":"SearchAction","target":{"@type":"EntryPoint","urlTemplate":"https:\/\/www.prosporttec.com\/?s={search_term_string}"},"query-input":{"@type":"PropertyValueSpecification","valueRequired":true,"valueName":"search_term_string"}}],"inLanguage":"sk-SK"},{"@type":"Organization","@id":"https:\/\/www.prosporttec.com\/#organization","name":"Prosporttec","url":"https:\/\/www.prosporttec.com\/","logo":{"@type":"ImageObject","inLanguage":"sk-SK","@id":"https:\/\/www.prosporttec.com\/#\/schema\/logo\/image\/","url":"https:\/\/www.prosporttec.com\/wp-content\/uploads\/2024\/07\/logo_logo_prosporttec.png","contentUrl":"https:\/\/www.prosporttec.com\/wp-content\/uploads\/2024\/07\/logo_logo_prosporttec.png","width":150,"height":26,"caption":"Prosporttec"},"image":{"@id":"https:\/\/www.prosporttec.com\/#\/schema\/logo\/image\/"},"sameAs":["https:\/\/www.facebook.com\/prosporttecsk\/"]}]}},"_links":{"self":[{"href":"https:\/\/www.prosporttec.com\/sk\/wp-json\/wp\/v2\/product\/861","targetHints":{"allow":["GET"]}}],"collection":[{"href":"https:\/\/www.prosporttec.com\/sk\/wp-json\/wp\/v2\/product"}],"about":[{"href":"https:\/\/www.prosporttec.com\/sk\/wp-json\/wp\/v2\/types\/product"}],"replies":[{"embeddable":true,"href":"https:\/\/www.prosporttec.com\/sk\/wp-json\/wp\/v2\/comments?post=861"}],"version-history":[{"count":5,"href":"https:\/\/www.prosporttec.com\/sk\/wp-json\/wp\/v2\/product\/861\/revisions"}],"predecessor-version":[{"id":6275,"href":"https:\/\/www.prosporttec.com\/sk\/wp-json\/wp\/v2\/product\/861\/revisions\/6275"}],"wp:featuredmedia":[{"embeddable":true,"href":"https:\/\/www.prosporttec.com\/sk\/wp-json\/wp\/v2\/media\/371"}],"wp:attachment":[{"href":"https:\/\/www.prosporttec.com\/sk\/wp-json\/wp\/v2\/media?parent=861"}],"wp:term":[{"taxonomy":"product_brand","embeddable":true,"href":"https:\/\/www.prosporttec.com\/sk\/wp-json\/wp\/v2\/product_brand?post=861"},{"taxonomy":"product_cat","embeddable":true,"href":"https:\/\/www.prosporttec.com\/sk\/wp-json\/wp\/v2\/product_cat?post=861"},{"taxonomy":"product_tag","embeddable":true,"href":"https:\/\/www.prosporttec.com\/sk\/wp-json\/wp\/v2\/product_tag?post=861"}],"curies":[{"name":"wp","href":"https:\/\/api.w.org\/{rel}","templated":true}]}}