{"id":834,"date":"2024-07-27T04:28:33","date_gmt":"2024-07-27T04:28:33","guid":{"rendered":"https:\/\/www.prosporttec.com\/?post_type=product&#038;p=834"},"modified":"2025-11-25T13:47:17","modified_gmt":"2025-11-25T13:47:17","slug":"beesport-tester-reporter","status":"publish","type":"product","link":"https:\/\/www.prosporttec.com\/sk\/produkt\/beesport-tester-reporter\/","title":{"rendered":"beeSPORT | Tester &#038; Reporter"},"content":{"rendered":"<div data-elementor-type=\"product-post\" data-elementor-id=\"834\" class=\"elementor elementor-834\">\n\t\t\t\t\t\t<section class=\"elementor-section elementor-top-section elementor-element elementor-element-54576255 elementor-section-boxed elementor-section-height-default elementor-section-height-default\" data-id=\"54576255\" data-element_type=\"section\" data-e-type=\"section\">\n\t\t\t\t\t\t<div class=\"elementor-container elementor-column-gap-default\">\n\t\t\t\t\t<div class=\"elementor-column elementor-col-100 elementor-top-column elementor-element elementor-element-41222a31\" data-id=\"41222a31\" data-element_type=\"column\" data-e-type=\"column\">\n\t\t\t<div class=\"elementor-widget-wrap elementor-element-populated\">\n\t\t\t\t\t\t<div class=\"elementor-element elementor-element-37f8ec6 elementor-widget elementor-widget-text-editor\" data-id=\"37f8ec6\" data-element_type=\"widget\" data-e-type=\"widget\" data-widget_type=\"text-editor.default\">\n\t\t\t\t<div class=\"elementor-widget-container\">\n\t\t\t\t\t\t\t\t\t<div class=\"col-md-12\">\n\nPo zak\u00fapen\u00ed dostanete kompletn\u00e9 vybavenie pre testovanie na suchu a testovanie na \u013eade. Okrem toho V\u00e1m na\u0161a spolo\u010dnos\u0165 pon\u00faka za\u0161kolenie k pr\u00e1ci s pom\u00f4ckami a servis.\n<ul>\n \t<li>beeSPORT | tester<\/li>\n \t<li>beeSPORT | reporter<\/li>\n \t<li>Reporty a normat\u00edvy \u2013 datab\u00e1za v ktorej porovn\u00e1vame dosiahnut\u00fd v\u00fdkon jednotlivca a t\u00edmu s mno\u017einou v\u00fdsledkov a tak vieme e\u0161te lep\u0161ie vyhodnoti\u0165 \u00farove\u0148 schopnosti hokejov\u00e9ho hr\u00e1\u010da \/ t\u00edmu<\/li>\n \t<li>Tr\u00e9ningov\u00fd kurz \u2013 \u0161kolenie<\/li>\n \t<li>Softv\u00e9r<\/li>\n<\/ul>\n&nbsp;\n\n<\/div>\n<div class=\"col-md-12\">\n\n\n\n<\/div>\n<style>\n#ru{<br \/>    display: none !important ;<br \/>}<br \/>#sk{<br \/>    display: none !important ;<br \/>}<br \/><\/style>\t\t\t\t\t\t\t\t<\/div>\n\t\t\t\t<\/div>\n\t\t\t\t<div class=\"elementor-element elementor-element-8ff954a elementor-widget elementor-widget-video\" data-id=\"8ff954a\" data-element_type=\"widget\" data-e-type=\"widget\" data-settings=\"{&quot;youtube_url&quot;:&quot;https:\\\/\\\/youtu.be\\\/at6jPvShJ9M?si=BzxIMmR2lCdamFeG&quot;,&quot;video_type&quot;:&quot;youtube&quot;,&quot;controls&quot;:&quot;yes&quot;}\" data-widget_type=\"video.default\">\n\t\t\t\t<div class=\"elementor-widget-container\">\n\t\t\t\t\t\t\t<div class=\"elementor-wrapper elementor-open-inline\">\n\t\t\t<div class=\"elementor-video\"><\/div>\t\t<\/div>\n\t\t\t\t\t\t<\/div>\n\t\t\t\t<\/div>\n\t\t\t\t\t<\/div>\n\t\t<\/div>\n\t\t\t\t\t<\/div>\n\t\t<\/section>\n\t\t\t\t<\/div>","protected":false},"excerpt":{"rendered":"<h3>Naj\u00fa\u010dinnej\u0161\u00ed sp\u00f4sob, ako dosiahnu\u0165 lep\u0161ie v\u00fdsledky<\/h3>\n<p>BeeSPORT je integrovan\u00e1 platforma, ktor\u00e1 obsahuje skupinu prepojen\u00fdch aplik\u00e1ci\u00ed s v\u00fdstupnou kartou hr\u00e1\u010da \/ t\u00edmu, ktor\u00e1 umo\u017e\u0148uje nielen testovanie r\u00f4znych parametrov, ale aj zhroma\u017e\u010fovanie v\u0161etk\u00fdch d\u00f4le\u017eit\u00fdch inform\u00e1ci\u00ed o \u0161portovcovi na jednom mieste s online pr\u00edstupom. Samozrejmos\u0165ou je generovanie r\u00f4znych spr\u00e1v o \u0161portovcovi, vypracovanie tr\u00e9ningov\u00fdch pl\u00e1nov a sledovanie ich plnenia. Lep\u0161ia fyzick\u00e1 kond\u00edcia v kombin\u00e1cii s vlastn\u00fdm tr\u00e9ningov\u00fdm pl\u00e1nom vedie k celkov\u00e9mu zlep\u0161eniu v\u00fdkonnosti t\u00edmu a jednotliv\u00fdch \u0161portovcov. Modern\u00fd pr\u00edstup k tr\u00e9ningov\u00e9mu procesu je zalo\u017een\u00fd na s\u00fabore parametrov ka\u017ed\u00e9ho \u0161portovca pre efekt\u00edvny rozvoj jeho zru\u010dnost\u00ed. Je to unik\u00e1tny n\u00e1stroj na implement\u00e1ciu metodiky tr\u00e9ningu hr\u00e1\u010dov pre maxim\u00e1lny v\u00fdkon.<\/p>\n<h4>M\u00e1te ot\u00e1zku k produktu? <a href=\"#elementor-action%3Aaction%3Dpopup%3Aopen%26settings%3DeyJpZCI6IjU4MTMiLCJ0b2dnbGUiOmZhbHNlfQ%3D%3D\">Nap\u00ed\u0161te n\u00e1m<\/a><\/h4>","protected":false},"featured_media":357,"comment_status":"open","ping_status":"closed","template":"","meta":{"site-sidebar-layout":"default","site-content-layout":"","ast-site-content-layout":"default","site-content-style":"default","site-sidebar-style":"default","ast-global-header-display":"","ast-banner-title-visibility":"","ast-main-header-display":"","ast-hfb-above-header-display":"","ast-hfb-below-header-display":"","ast-hfb-mobile-header-display":"","site-post-title":"","ast-breadcrumbs-content":"","ast-featured-img":"","footer-sml-layout":"","ast-disable-related-posts":"","theme-transparent-header-meta":"default","adv-header-id-meta":"","stick-header-meta":"","header-above-stick-meta":"","header-main-stick-meta":"","header-below-stick-meta":"","astra-migrate-meta-layouts":"set","ast-page-background-enabled":"default","ast-page-background-meta":{"desktop":{"background-color":"var(--ast-global-color-4)","background-image":"","background-repeat":"repeat","background-position":"center center","background-size":"auto","background-attachment":"scroll","background-type":"","background-media":"","overlay-type":"","overlay-color":"","overlay-opacity":"","overlay-gradient":""},"tablet":{"background-color":"","background-image":"","background-repeat":"repeat","background-position":"center center","background-size":"auto","background-attachment":"scroll","background-type":"","background-media":"","overlay-type":"","overlay-color":"","overlay-opacity":"","overlay-gradient":""},"mobile":{"background-color":"","background-image":"","background-repeat":"repeat","background-position":"center center","background-size":"auto","background-attachment":"scroll","background-type":"","background-media":"","overlay-type":"","overlay-color":"","overlay-opacity":"","overlay-gradient":""}},"ast-content-background-meta":{"desktop":{"background-color":"var(--ast-global-color-5)","background-image":"","background-repeat":"repeat","background-position":"center center","background-size":"auto","background-attachment":"scroll","background-type":"","background-media":"","overlay-type":"","overlay-color":"","overlay-opacity":"","overlay-gradient":""},"tablet":{"background-color":"var(--ast-global-color-5)","background-image":"","background-repeat":"repeat","background-position":"center center","background-size":"auto","background-attachment":"scroll","background-type":"","background-media":"","overlay-type":"","overlay-color":"","overlay-opacity":"","overlay-gradient":""},"mobile":{"background-color":"var(--ast-global-color-5)","background-image":"","background-repeat":"repeat","background-position":"center center","background-size":"auto","background-attachment":"scroll","background-type":"","background-media":"","overlay-type":"","overlay-color":"","overlay-opacity":"","overlay-gradient":""}}},"product_brand":[],"product_cat":[167],"product_tag":[170],"class_list":{"0":"post-834","1":"product","2":"type-product","3":"status-publish","4":"has-post-thumbnail","6":"product_cat-beesport-tester-and-reporter","7":"product_tag-beesport-tester-and-reporter","8":"desktop-align-left","9":"tablet-align-left","10":"mobile-align-left","12":"first","13":"instock","14":"taxable","15":"shipping-taxable","16":"purchasable","17":"product-type-simple"},"yoast_head":"<!-- This site is optimized with the Yoast SEO plugin v27.0 - https:\/\/yoast.com\/product\/yoast-seo-wordpress\/ -->\n<title>beeSPORT | Tester &amp; Reporter - prosporttec<\/title>\n<meta name=\"robots\" content=\"index, follow, max-snippet:-1, max-image-preview:large, max-video-preview:-1\" \/>\n<link rel=\"canonical\" href=\"https:\/\/www.prosporttec.com\/sk\/produkt\/beesport-tester-reporter\/\" \/>\n<meta property=\"og:locale\" content=\"sk_SK\" \/>\n<meta property=\"og:type\" content=\"article\" \/>\n<meta property=\"og:title\" content=\"beeSPORT | Tester &amp; Reporter - prosporttec\" \/>\n<meta property=\"og:description\" content=\"he most effective way to achieve better results BeeSPORT is an integrated platform that includes a group of connected applications with a player \/ team output card, which allows not only testing various parameters, but also collecting all important information about the athlete in one place with online access and generating various reports about the athlete, training plans and tracking their fulfillment. Better physical condition in combination with your own training plan leads to an overall improvement in the performance of the team and individual athletes. The modern approach to the training process is based on a set of parameters of each athlete for the effective development of his qualities. It is a unique tool for implementing player training methodology for maximum performance. You have a question about the product? Write us\" \/>\n<meta property=\"og:url\" content=\"https:\/\/www.prosporttec.com\/sk\/produkt\/beesport-tester-reporter\/\" \/>\n<meta property=\"og:site_name\" content=\"prosporttec\" \/>\n<meta property=\"article:publisher\" content=\"https:\/\/www.facebook.com\/prosporttecsk\/\" \/>\n<meta property=\"article:modified_time\" content=\"2025-11-25T13:47:17+00:00\" \/>\n<meta property=\"og:image\" content=\"https:\/\/www.prosporttec.com\/wp-content\/uploads\/2024\/07\/beesport.jpg\" \/>\n\t<meta property=\"og:image:width\" content=\"1500\" \/>\n\t<meta property=\"og:image:height\" content=\"1000\" \/>\n\t<meta property=\"og:image:type\" content=\"image\/jpeg\" \/>\n<meta name=\"twitter:card\" content=\"summary_large_image\" \/>\n<script type=\"application\/ld+json\" class=\"yoast-schema-graph\">{\"@context\":\"https:\/\/schema.org\",\"@graph\":[{\"@type\":\"WebPage\",\"@id\":\"https:\/\/www.prosporttec.com\/product\/beesport-tester-reporter\/\",\"url\":\"https:\/\/www.prosporttec.com\/product\/beesport-tester-reporter\/\",\"name\":\"beeSPORT | Tester & Reporter - prosporttec\",\"isPartOf\":{\"@id\":\"https:\/\/www.prosporttec.com\/#website\"},\"primaryImageOfPage\":{\"@id\":\"https:\/\/www.prosporttec.com\/product\/beesport-tester-reporter\/#primaryimage\"},\"image\":{\"@id\":\"https:\/\/www.prosporttec.com\/product\/beesport-tester-reporter\/#primaryimage\"},\"thumbnailUrl\":\"https:\/\/www.prosporttec.com\/wp-content\/uploads\/2024\/07\/beesport.jpg\",\"datePublished\":\"2024-07-27T04:28:33+00:00\",\"dateModified\":\"2025-11-25T13:47:17+00:00\",\"breadcrumb\":{\"@id\":\"https:\/\/www.prosporttec.com\/product\/beesport-tester-reporter\/#breadcrumb\"},\"inLanguage\":\"sk-SK\",\"potentialAction\":[{\"@type\":\"ReadAction\",\"target\":[\"https:\/\/www.prosporttec.com\/product\/beesport-tester-reporter\/\"]}]},{\"@type\":\"ImageObject\",\"inLanguage\":\"sk-SK\",\"@id\":\"https:\/\/www.prosporttec.com\/product\/beesport-tester-reporter\/#primaryimage\",\"url\":\"https:\/\/www.prosporttec.com\/wp-content\/uploads\/2024\/07\/beesport.jpg\",\"contentUrl\":\"https:\/\/www.prosporttec.com\/wp-content\/uploads\/2024\/07\/beesport.jpg\",\"width\":1500,\"height\":1000},{\"@type\":\"BreadcrumbList\",\"@id\":\"https:\/\/www.prosporttec.com\/product\/beesport-tester-reporter\/#breadcrumb\",\"itemListElement\":[{\"@type\":\"ListItem\",\"position\":1,\"name\":\"Home\",\"item\":\"https:\/\/www.prosporttec.com\/\"},{\"@type\":\"ListItem\",\"position\":2,\"name\":\"Shop\",\"item\":\"https:\/\/www.prosporttec.com\/shop\/\"},{\"@type\":\"ListItem\",\"position\":3,\"name\":\"beeSPORT | Tester &#038; Reporter\"}]},{\"@type\":\"WebSite\",\"@id\":\"https:\/\/www.prosporttec.com\/#website\",\"url\":\"https:\/\/www.prosporttec.com\/\",\"name\":\"Prosporttec\",\"description\":\"\",\"publisher\":{\"@id\":\"https:\/\/www.prosporttec.com\/#organization\"},\"potentialAction\":[{\"@type\":\"SearchAction\",\"target\":{\"@type\":\"EntryPoint\",\"urlTemplate\":\"https:\/\/www.prosporttec.com\/?s={search_term_string}\"},\"query-input\":{\"@type\":\"PropertyValueSpecification\",\"valueRequired\":true,\"valueName\":\"search_term_string\"}}],\"inLanguage\":\"sk-SK\"},{\"@type\":\"Organization\",\"@id\":\"https:\/\/www.prosporttec.com\/#organization\",\"name\":\"Prosporttec\",\"url\":\"https:\/\/www.prosporttec.com\/\",\"logo\":{\"@type\":\"ImageObject\",\"inLanguage\":\"sk-SK\",\"@id\":\"https:\/\/www.prosporttec.com\/#\/schema\/logo\/image\/\",\"url\":\"https:\/\/www.prosporttec.com\/wp-content\/uploads\/2024\/07\/logo_logo_prosporttec.png\",\"contentUrl\":\"https:\/\/www.prosporttec.com\/wp-content\/uploads\/2024\/07\/logo_logo_prosporttec.png\",\"width\":150,\"height\":26,\"caption\":\"Prosporttec\"},\"image\":{\"@id\":\"https:\/\/www.prosporttec.com\/#\/schema\/logo\/image\/\"},\"sameAs\":[\"https:\/\/www.facebook.com\/prosporttecsk\/\"]}]}<\/script>\n<!-- \/ Yoast SEO plugin. -->","yoast_head_json":{"title":"beeSPORT | Tester & Reporter - prosporttec","robots":{"index":"index","follow":"follow","max-snippet":"max-snippet:-1","max-image-preview":"max-image-preview:large","max-video-preview":"max-video-preview:-1"},"canonical":"https:\/\/www.prosporttec.com\/sk\/produkt\/beesport-tester-reporter\/","og_locale":"sk_SK","og_type":"article","og_title":"beeSPORT | Tester & Reporter - prosporttec","og_description":"he most effective way to achieve better results BeeSPORT is an integrated platform that includes a group of connected applications with a player \/ team output card, which allows not only testing various parameters, but also collecting all important information about the athlete in one place with online access and generating various reports about the athlete, training plans and tracking their fulfillment. Better physical condition in combination with your own training plan leads to an overall improvement in the performance of the team and individual athletes. The modern approach to the training process is based on a set of parameters of each athlete for the effective development of his qualities. It is a unique tool for implementing player training methodology for maximum performance. You have a question about the product? Write us","og_url":"https:\/\/www.prosporttec.com\/sk\/produkt\/beesport-tester-reporter\/","og_site_name":"prosporttec","article_publisher":"https:\/\/www.facebook.com\/prosporttecsk\/","article_modified_time":"2025-11-25T13:47:17+00:00","og_image":[{"width":1500,"height":1000,"url":"https:\/\/www.prosporttec.com\/wp-content\/uploads\/2024\/07\/beesport.jpg","type":"image\/jpeg"}],"twitter_card":"summary_large_image","schema":{"@context":"https:\/\/schema.org","@graph":[{"@type":"WebPage","@id":"https:\/\/www.prosporttec.com\/product\/beesport-tester-reporter\/","url":"https:\/\/www.prosporttec.com\/product\/beesport-tester-reporter\/","name":"beeSPORT | Tester & Reporter - prosporttec","isPartOf":{"@id":"https:\/\/www.prosporttec.com\/#website"},"primaryImageOfPage":{"@id":"https:\/\/www.prosporttec.com\/product\/beesport-tester-reporter\/#primaryimage"},"image":{"@id":"https:\/\/www.prosporttec.com\/product\/beesport-tester-reporter\/#primaryimage"},"thumbnailUrl":"https:\/\/www.prosporttec.com\/wp-content\/uploads\/2024\/07\/beesport.jpg","datePublished":"2024-07-27T04:28:33+00:00","dateModified":"2025-11-25T13:47:17+00:00","breadcrumb":{"@id":"https:\/\/www.prosporttec.com\/product\/beesport-tester-reporter\/#breadcrumb"},"inLanguage":"sk-SK","potentialAction":[{"@type":"ReadAction","target":["https:\/\/www.prosporttec.com\/product\/beesport-tester-reporter\/"]}]},{"@type":"ImageObject","inLanguage":"sk-SK","@id":"https:\/\/www.prosporttec.com\/product\/beesport-tester-reporter\/#primaryimage","url":"https:\/\/www.prosporttec.com\/wp-content\/uploads\/2024\/07\/beesport.jpg","contentUrl":"https:\/\/www.prosporttec.com\/wp-content\/uploads\/2024\/07\/beesport.jpg","width":1500,"height":1000},{"@type":"BreadcrumbList","@id":"https:\/\/www.prosporttec.com\/product\/beesport-tester-reporter\/#breadcrumb","itemListElement":[{"@type":"ListItem","position":1,"name":"Home","item":"https:\/\/www.prosporttec.com\/"},{"@type":"ListItem","position":2,"name":"Shop","item":"https:\/\/www.prosporttec.com\/shop\/"},{"@type":"ListItem","position":3,"name":"beeSPORT | Tester &#038; Reporter"}]},{"@type":"WebSite","@id":"https:\/\/www.prosporttec.com\/#website","url":"https:\/\/www.prosporttec.com\/","name":"Prosporttec","description":"","publisher":{"@id":"https:\/\/www.prosporttec.com\/#organization"},"potentialAction":[{"@type":"SearchAction","target":{"@type":"EntryPoint","urlTemplate":"https:\/\/www.prosporttec.com\/?s={search_term_string}"},"query-input":{"@type":"PropertyValueSpecification","valueRequired":true,"valueName":"search_term_string"}}],"inLanguage":"sk-SK"},{"@type":"Organization","@id":"https:\/\/www.prosporttec.com\/#organization","name":"Prosporttec","url":"https:\/\/www.prosporttec.com\/","logo":{"@type":"ImageObject","inLanguage":"sk-SK","@id":"https:\/\/www.prosporttec.com\/#\/schema\/logo\/image\/","url":"https:\/\/www.prosporttec.com\/wp-content\/uploads\/2024\/07\/logo_logo_prosporttec.png","contentUrl":"https:\/\/www.prosporttec.com\/wp-content\/uploads\/2024\/07\/logo_logo_prosporttec.png","width":150,"height":26,"caption":"Prosporttec"},"image":{"@id":"https:\/\/www.prosporttec.com\/#\/schema\/logo\/image\/"},"sameAs":["https:\/\/www.facebook.com\/prosporttecsk\/"]}]}},"_links":{"self":[{"href":"https:\/\/www.prosporttec.com\/sk\/wp-json\/wp\/v2\/product\/834","targetHints":{"allow":["GET"]}}],"collection":[{"href":"https:\/\/www.prosporttec.com\/sk\/wp-json\/wp\/v2\/product"}],"about":[{"href":"https:\/\/www.prosporttec.com\/sk\/wp-json\/wp\/v2\/types\/product"}],"replies":[{"embeddable":true,"href":"https:\/\/www.prosporttec.com\/sk\/wp-json\/wp\/v2\/comments?post=834"}],"version-history":[{"count":5,"href":"https:\/\/www.prosporttec.com\/sk\/wp-json\/wp\/v2\/product\/834\/revisions"}],"predecessor-version":[{"id":6287,"href":"https:\/\/www.prosporttec.com\/sk\/wp-json\/wp\/v2\/product\/834\/revisions\/6287"}],"wp:featuredmedia":[{"embeddable":true,"href":"https:\/\/www.prosporttec.com\/sk\/wp-json\/wp\/v2\/media\/357"}],"wp:attachment":[{"href":"https:\/\/www.prosporttec.com\/sk\/wp-json\/wp\/v2\/media?parent=834"}],"wp:term":[{"taxonomy":"product_brand","embeddable":true,"href":"https:\/\/www.prosporttec.com\/sk\/wp-json\/wp\/v2\/product_brand?post=834"},{"taxonomy":"product_cat","embeddable":true,"href":"https:\/\/www.prosporttec.com\/sk\/wp-json\/wp\/v2\/product_cat?post=834"},{"taxonomy":"product_tag","embeddable":true,"href":"https:\/\/www.prosporttec.com\/sk\/wp-json\/wp\/v2\/product_tag?post=834"}],"curies":[{"name":"wp","href":"https:\/\/api.w.org\/{rel}","templated":true}]}}