{"id":6069,"date":"2025-01-28T14:35:59","date_gmt":"2025-01-28T14:35:59","guid":{"rendered":"https:\/\/www.prosporttec.com\/?post_type=product&#038;p=6069"},"modified":"2026-02-18T12:53:05","modified_gmt":"2026-02-18T12:53:05","slug":"hst-c230-economy","status":"publish","type":"product","link":"https:\/\/www.prosporttec.com\/sk\/produkt\/hst-c230-economy\/","title":{"rendered":"HST C230 Economy Line"},"content":{"rendered":"<h3>Zlep\u0161ovanie zru\u010dnost\u00ed:<\/h3>\n<ul>\n<li>Zdokona\u013eovanie techniky kor\u010du\u013eovania<\/li>\n<li>Presnos\u0165 a sila stre\u013eby<\/li>\n<li>Presnos\u0165 vedenia puku<\/li>\n<li>Budovanie vytrvalosti a kond\u00edcie<\/li>\n<li>Rozhodovanie pod tlakom<\/li>\n<li>Schopnosti multitaskingu<\/li>\n<\/ul>\n<h3>K\u013e\u00fa\u010dov\u00e9 v\u00fdhody:<\/h3>\n<ul>\n<li>Mo\u017enos\u0165 celoro\u010dn\u00e9ho tr\u00e9ningu, nez\u00e1visle od dostupnosti \u013eadu<\/li>\n<li>Prisp\u00f4sobite\u013en\u00e9 nastavenia r\u00fdchlosti pre progres\u00edvny rozvoj zru\u010dnost\u00ed<\/li>\n<li>Bezpe\u010dn\u00e9 a kontrolovan\u00e9 prostredie na korekciu techniky<\/li>\n<li>Integrovan\u00e1 plocha na puk pre komplexn\u00fd tr\u00e9ning zru\u010dnost\u00ed<\/li>\n<li>Kompaktn\u00fd dizajn vhodn\u00fd pre r\u00f4zne tr\u00e9ningov\u00e9 zariadenia<\/li>\n<li>N\u00edzke n\u00e1roky na \u00fadr\u017ebu pre dlhodob\u00fa n\u00e1kladov\u00fa efekt\u00edvnos\u0165<\/li>\n<li>Kompatibiln\u00e9 s ekosyst\u00e9mom HDTS Fusion Skating pre roz\u0161\u00edren\u00e9 mo\u017enosti tr\u00e9ningu<\/li>\n<\/ul>\n<h3>Technick\u00e9 \u0161pecifik\u00e1cie:<\/h3>\n<ul>\n<li>Rozsah r\u00fdchlosti 1-28 km\/h.<\/li>\n<li>Kor\u010duliarska plocha: 2300 mm x 1900 mm<\/li>\n<li>Celkov\u00e9 rozmery: 3710 mm x 3060 mm (s plochou na puk)<\/li>\n<li>V\u00fd\u0161ka: 550 mm<\/li>\n<li>Hmotnos\u0165: Pribli\u017ene 1800 kg<\/li>\n<li>Motor: 7,5 HP (5,6 KW), 3-f\u00e1zov\u00fd<\/li>\n<li>Hlu\u010dnos\u0165: \u0161tandardn\u00e1 prev\u00e1dzkov\u00e1 r\u00fdchlos\u0165 \u2013 \u00farove\u0148 \/ 74 dB.<\/li>\n<li>Bezpe\u010dnostn\u00e9 prvky: Automatick\u00fd horn\u00fd vyp\u00edna\u010d, kovov\u00fd syst\u00e9m postroja<\/li>\n<li>Chladiaci syst\u00e9m: Vodn\u00fd<\/li>\n<li>Ovl\u00e1danie: Dia\u013ekov\u00e9 ovl\u00e1danie s dosahom 5 metrov<\/li>\n<li>Z\u00e1ruka: 1 rok \u0161tandardne (roz\u0161\u00edrite\u013en\u00e1)<\/li>\n<li>Podpora: S\u00fa\u010das\u0165ou je online monitorovac\u00ed syst\u00e9m<\/li>\n<li>Automatick\u00fd syst\u00e9m mazania<\/li>\n<\/ul>\n<h3>Volite\u013en\u00e9 doplnkov\u00e9 vybavenie (dostupn\u00e9 na zak\u00fapenie)<\/h3>\n<ul>\n<li>Schody \u2013 Cena na po\u017eiadanie<\/li>\n<li>Z\u00e1bradlie \u2013 Cena na po\u017eiadanie<\/li>\n<li>Popruhy \u2013 165 USD\/ks<\/li>\n<li>Olej (10 l) \u2013 Cena na po\u017eiadanie<\/li>\n<\/ul>\n<h3>Nie je zahrnut\u00e9 v cene bal\u00edka<\/h3>\n<ul>\n<li>Pr\u00edprava priestorov pred in\u0161tal\u00e1ciou technol\u00f3gie \u2013 Zabezpe\u010duje z\u00e1kazn\u00edk<\/li>\n<li>Fin\u00e1lna \u00faprava vybavenia (mantinely, podlo\u017eky, siete, kryty, schody) \u2013 Realizovan\u00e9 pod\u013ea individu\u00e1lnych po\u017eiadaviek projektu<\/li>\n<li>Elektrick\u00fd konvertor\/transform\u00e1tor a podpora \u2013 \u0160pecifikovan\u00e9 v dohode v pr\u00edpade potreby<\/li>\n<li>Preprava technol\u00f3gie \u2013 M\u00f4\u017eeme poskytn\u00fa\u0165 pomoc<\/li>\n<li>N\u00e1klady na cestovn\u00e9 a ubytovanie pre technikov \u2013 Zabezpe\u010duje z\u00e1kazn\u00edk<\/li>\n<li>N\u00e1klady na cestovn\u00e9 a ubytovanie pre t\u00edm \u0161kolenia \u2013 \u0160tandardn\u00fd \u0161koliaci kurz sa poskytuje v na\u0161om Demo a vzdel\u00e1vacom centre v \u010ceskej republike<\/li>\n<li>Dane\/coln\u00e9 poplatky \u2013 Zabezpe\u010duje z\u00e1kazn\u00edk<\/li>\n<\/ul>\n<p>Kor\u010duliarsky hokejov\u00fd trena\u017e\u00e9r je vysoko efekt\u00edvnym n\u00e1strojom na vylep\u0161enie nielen samotn\u00e9ho kor\u010du\u013eovania, ale aj presnosti stre\u013eby, prihr\u00e1vok, perif\u00e9rneho videnia. Cvi\u010denia na HST navy\u0161e pom\u00e1haj\u00fa zlep\u0161ova\u0165 kond\u00edciu a koordin\u00e1ciu hr\u00e1\u010da.<\/p>\n<div class=\"ast-oembed-container\" style=\"height: 100%;\"><iframe title=\"HST C230 Economy EN\" width=\"500\" height=\"281\" src=\"https:\/\/www.youtube.com\/embed\/RCJIT9Fjxjg?feature=oembed\" frameborder=\"0\" allow=\"accelerometer; autoplay; clipboard-write; encrypted-media; gyroscope; picture-in-picture; web-share\" referrerpolicy=\"strict-origin-when-cross-origin\" allowfullscreen><\/iframe><\/div>","protected":false},"excerpt":{"rendered":"<h2>Revol\u00facia v hokejovom tr\u00e9ningu<\/h2>\n<p>HST C230 Economy Line je prelomov\u00fd hokejov\u00fd kor\u010duliarsky trena\u017e\u00e9r navrhnut\u00fd na pozdvihnutie v\u00fdkonu hr\u00e1\u010dov na nov\u00fa \u00farove\u0148. Toto inovat\u00edvne tr\u00e9ningov\u00e9 rie\u0161enie pon\u00faka komplexn\u00fa platformu na zdokona\u013eovanie k\u013e\u00fa\u010dov\u00fdch hokejov\u00fdch zru\u010dnost\u00ed, \u010do z neho rob\u00ed nenahradite\u013en\u00fd n\u00e1stroj pre hr\u00e1\u010dov aj tr\u00e9nerov. V\u010faka robustnej kon\u0161trukcii a pokro\u010dil\u00fdm funkci\u00e1m poskytuje C230 Economy Line n\u00e1kladovo efekt\u00edvny sp\u00f4sob pr\u00edstupu k profesion\u00e1lnej tr\u00e9ningovej technol\u00f3gii.<\/p>\n<p>Navrhnut\u00fd pre v\u0161estrannos\u0165 a efektivitu, tento trena\u017e\u00e9r vytv\u00e1ra dynamick\u00e9 tr\u00e9ningov\u00e9 prostredie, ktor\u00e9 \u00fazko napodob\u0148uje podmienky na \u013eade. Jeho priestrann\u00fd kor\u010duliarsky povrch a nastavite\u013en\u00e9 r\u00fdchlosti umo\u017e\u0148uj\u00fa hr\u00e1\u010dom s\u00fastredi\u0165 sa na zdokona\u013eovanie techniky, budovanie vytrvalosti a zlep\u0161ovanie celkovej kor\u010duliarskej zdatnosti. C230 Economy Line nie je len tr\u00e9ningov\u00e9 zariadenie; je to katalyz\u00e1tor rozvoja hr\u00e1\u010dov, ktor\u00fd pon\u00faka jedine\u010dn\u00fa kombin\u00e1ciu technol\u00f3gie a tradi\u010dn\u00fdch hokejov\u00fdch tr\u00e9ningov\u00fdch met\u00f3d.<\/p>\n<div class=\"elementor-element elementor-element-7e22fb9 elementor-widget elementor-widget-woocommerce-product-short-description\" data-id=\"7e22fb9\" data-element_type=\"widget\" data-widget_type=\"woocommerce-product-short-description.default\">\n<div class=\"elementor-widget-container\">\n<div class=\"woocommerce-product-details__short-description\">\n<h4>M\u00e1te ot\u00e1zku k produktu? <a href=\"#elementor-action%3Aaction%3Dpopup%3Aopen%26settings%3DeyJpZCI6IjU4MTMiLCJ0b2dnbGUiOmZhbHNlfQ%3D%3D\">Nap\u00ed\u0161te n\u00e1m<\/a><\/h4>\n<\/div>\n<\/div>\n<\/div>\n<section class=\"elementor-section elementor-inner-section elementor-element elementor-element-0690655 elementor-section-boxed elementor-section-height-default elementor-section-height-default\" data-id=\"0690655\" data-element_type=\"section\">\n<div class=\"elementor-container elementor-column-gap-default\">\n<div class=\"elementor-column elementor-col-50 elementor-inner-column elementor-element elementor-element-bffad43\" data-id=\"bffad43\" data-element_type=\"column\">\n<div class=\"elementor-widget-wrap elementor-element-populated\">\n<div id=\"tex-p\" class=\"elementor-element elementor-element-b3a344a elementor-widget elementor-widget-woocommerce-product-price\" data-id=\"b3a344a\" data-element_type=\"widget\" data-widget_type=\"woocommerce-product-price.default\">\n<div class=\"elementor-widget-container\"><\/div>\n<\/div>\n<\/div>\n<\/div>\n<\/div>\n<\/section>","protected":false},"featured_media":6162,"comment_status":"open","ping_status":"closed","template":"","meta":{"site-sidebar-layout":"default","site-content-layout":"","ast-site-content-layout":"default","site-content-style":"default","site-sidebar-style":"default","ast-global-header-display":"","ast-banner-title-visibility":"","ast-main-header-display":"","ast-hfb-above-header-display":"","ast-hfb-below-header-display":"","ast-hfb-mobile-header-display":"","site-post-title":"","ast-breadcrumbs-content":"","ast-featured-img":"","footer-sml-layout":"","ast-disable-related-posts":"","theme-transparent-header-meta":"default","adv-header-id-meta":"","stick-header-meta":"","header-above-stick-meta":"","header-main-stick-meta":"","header-below-stick-meta":"","astra-migrate-meta-layouts":"set","ast-page-background-enabled":"default","ast-page-background-meta":{"desktop":{"background-color":"var(--ast-global-color-4)","background-image":"","background-repeat":"repeat","background-position":"center center","background-size":"auto","background-attachment":"scroll","background-type":"","background-media":"","overlay-type":"","overlay-color":"","overlay-opacity":"","overlay-gradient":""},"tablet":{"background-color":"","background-image":"","background-repeat":"repeat","background-position":"center center","background-size":"auto","background-attachment":"scroll","background-type":"","background-media":"","overlay-type":"","overlay-color":"","overlay-opacity":"","overlay-gradient":""},"mobile":{"background-color":"","background-image":"","background-repeat":"repeat","background-position":"center center","background-size":"auto","background-attachment":"scroll","background-type":"","background-media":"","overlay-type":"","overlay-color":"","overlay-opacity":"","overlay-gradient":""}},"ast-content-background-meta":{"desktop":{"background-color":"var(--ast-global-color-5)","background-image":"","background-repeat":"repeat","background-position":"center center","background-size":"auto","background-attachment":"scroll","background-type":"","background-media":"","overlay-type":"","overlay-color":"","overlay-opacity":"","overlay-gradient":""},"tablet":{"background-color":"var(--ast-global-color-5)","background-image":"","background-repeat":"repeat","background-position":"center center","background-size":"auto","background-attachment":"scroll","background-type":"","background-media":"","overlay-type":"","overlay-color":"","overlay-opacity":"","overlay-gradient":""},"mobile":{"background-color":"var(--ast-global-color-5)","background-image":"","background-repeat":"repeat","background-position":"center center","background-size":"auto","background-attachment":"scroll","background-type":"","background-media":"","overlay-type":"","overlay-color":"","overlay-opacity":"","overlay-gradient":""}}},"product_brand":[],"product_cat":[285],"product_tag":[203],"class_list":{"0":"post-6069","1":"product","2":"type-product","3":"status-publish","4":"has-post-thumbnail","6":"product_cat-skatemill-products","7":"product_tag-gym-equipment","8":"desktop-align-left","9":"tablet-align-left","10":"mobile-align-left","12":"first","13":"instock","14":"taxable","15":"shipping-taxable","16":"purchasable","17":"product-type-simple"},"yoast_head":"<!-- This site is optimized with the Yoast SEO plugin v27.0 - https:\/\/yoast.com\/product\/yoast-seo-wordpress\/ -->\n<title>HST C230 Economy Line - prosporttec<\/title>\n<meta name=\"robots\" content=\"index, follow, max-snippet:-1, max-image-preview:large, max-video-preview:-1\" \/>\n<link rel=\"canonical\" href=\"https:\/\/www.prosporttec.com\/sk\/produkt\/hst-c230-economy\/\" \/>\n<meta property=\"og:locale\" content=\"sk_SK\" \/>\n<meta property=\"og:type\" content=\"article\" \/>\n<meta property=\"og:title\" content=\"HST C230 Economy Line - prosporttec\" \/>\n<meta property=\"og:description\" content=\"Revolutionizing hockey training The HST C230 Economy Line is a game-changing hockey skating treadmill designed to elevate player performance to new heights. This innovative training solution offers a comprehensive platform for honing crucial hockey skills, making it an indispensable tool for players and coaches alike. With its robust construction and advanced features, the C230 Economy Line provides a cost-effective way to access professional-grade training technology.  Engineered for versatility and efficiency, this treadmill creates a dynamic training environment that closely mimics on-ice conditions. Its spacious skating surface and adjustable speed settings allow players to focus on perfecting their technique, building endurance, and enhancing overall skating proficiency. The C230 Economy Line is not just a training device; it\u2019s a catalyst for player development, offering a unique blend of technology and traditional hockey training methods.    You have a question about the product? Write us\" \/>\n<meta property=\"og:url\" content=\"https:\/\/www.prosporttec.com\/sk\/produkt\/hst-c230-economy\/\" \/>\n<meta property=\"og:site_name\" content=\"prosporttec\" \/>\n<meta property=\"article:publisher\" content=\"https:\/\/www.facebook.com\/prosporttecsk\/\" \/>\n<meta property=\"article:modified_time\" content=\"2026-02-18T12:53:05+00:00\" \/>\n<meta property=\"og:image\" content=\"https:\/\/www.prosporttec.com\/wp-content\/uploads\/2025\/01\/C230.jpg\" \/>\n\t<meta property=\"og:image:width\" content=\"1456\" \/>\n\t<meta property=\"og:image:height\" content=\"1199\" \/>\n\t<meta property=\"og:image:type\" content=\"image\/jpeg\" \/>\n<meta name=\"twitter:card\" content=\"summary_large_image\" \/>\n<meta name=\"twitter:label1\" content=\"Predpokladan\u00fd \u010das \u010d\u00edtania\" \/>\n\t<meta name=\"twitter:data1\" content=\"2 min\u00faty\" \/>\n<script type=\"application\/ld+json\" class=\"yoast-schema-graph\">{\"@context\":\"https:\/\/schema.org\",\"@graph\":[{\"@type\":\"WebPage\",\"@id\":\"https:\/\/www.prosporttec.com\/product\/hst-c230-economy\/\",\"url\":\"https:\/\/www.prosporttec.com\/product\/hst-c230-economy\/\",\"name\":\"HST C230 Economy Line - prosporttec\",\"isPartOf\":{\"@id\":\"https:\/\/www.prosporttec.com\/#website\"},\"primaryImageOfPage\":{\"@id\":\"https:\/\/www.prosporttec.com\/product\/hst-c230-economy\/#primaryimage\"},\"image\":{\"@id\":\"https:\/\/www.prosporttec.com\/product\/hst-c230-economy\/#primaryimage\"},\"thumbnailUrl\":\"https:\/\/www.prosporttec.com\/wp-content\/uploads\/2025\/01\/C230.jpg\",\"datePublished\":\"2025-01-28T14:35:59+00:00\",\"dateModified\":\"2026-02-18T12:53:05+00:00\",\"breadcrumb\":{\"@id\":\"https:\/\/www.prosporttec.com\/product\/hst-c230-economy\/#breadcrumb\"},\"inLanguage\":\"sk-SK\",\"potentialAction\":[{\"@type\":\"ReadAction\",\"target\":[\"https:\/\/www.prosporttec.com\/product\/hst-c230-economy\/\"]}]},{\"@type\":\"ImageObject\",\"inLanguage\":\"sk-SK\",\"@id\":\"https:\/\/www.prosporttec.com\/product\/hst-c230-economy\/#primaryimage\",\"url\":\"https:\/\/www.prosporttec.com\/wp-content\/uploads\/2025\/01\/C230.jpg\",\"contentUrl\":\"https:\/\/www.prosporttec.com\/wp-content\/uploads\/2025\/01\/C230.jpg\",\"width\":1456,\"height\":1199},{\"@type\":\"BreadcrumbList\",\"@id\":\"https:\/\/www.prosporttec.com\/product\/hst-c230-economy\/#breadcrumb\",\"itemListElement\":[{\"@type\":\"ListItem\",\"position\":1,\"name\":\"Home\",\"item\":\"https:\/\/www.prosporttec.com\/\"},{\"@type\":\"ListItem\",\"position\":2,\"name\":\"Shop\",\"item\":\"https:\/\/www.prosporttec.com\/shop\/\"},{\"@type\":\"ListItem\",\"position\":3,\"name\":\"HST C230 Economy Line\"}]},{\"@type\":\"WebSite\",\"@id\":\"https:\/\/www.prosporttec.com\/#website\",\"url\":\"https:\/\/www.prosporttec.com\/\",\"name\":\"Prosporttec\",\"description\":\"\",\"publisher\":{\"@id\":\"https:\/\/www.prosporttec.com\/#organization\"},\"potentialAction\":[{\"@type\":\"SearchAction\",\"target\":{\"@type\":\"EntryPoint\",\"urlTemplate\":\"https:\/\/www.prosporttec.com\/?s={search_term_string}\"},\"query-input\":{\"@type\":\"PropertyValueSpecification\",\"valueRequired\":true,\"valueName\":\"search_term_string\"}}],\"inLanguage\":\"sk-SK\"},{\"@type\":\"Organization\",\"@id\":\"https:\/\/www.prosporttec.com\/#organization\",\"name\":\"Prosporttec\",\"url\":\"https:\/\/www.prosporttec.com\/\",\"logo\":{\"@type\":\"ImageObject\",\"inLanguage\":\"sk-SK\",\"@id\":\"https:\/\/www.prosporttec.com\/#\/schema\/logo\/image\/\",\"url\":\"https:\/\/www.prosporttec.com\/wp-content\/uploads\/2024\/07\/logo_logo_prosporttec.png\",\"contentUrl\":\"https:\/\/www.prosporttec.com\/wp-content\/uploads\/2024\/07\/logo_logo_prosporttec.png\",\"width\":150,\"height\":26,\"caption\":\"Prosporttec\"},\"image\":{\"@id\":\"https:\/\/www.prosporttec.com\/#\/schema\/logo\/image\/\"},\"sameAs\":[\"https:\/\/www.facebook.com\/prosporttecsk\/\"]}]}<\/script>\n<!-- \/ Yoast SEO plugin. -->","yoast_head_json":{"title":"HST C230 Economy Line - prosporttec","robots":{"index":"index","follow":"follow","max-snippet":"max-snippet:-1","max-image-preview":"max-image-preview:large","max-video-preview":"max-video-preview:-1"},"canonical":"https:\/\/www.prosporttec.com\/sk\/produkt\/hst-c230-economy\/","og_locale":"sk_SK","og_type":"article","og_title":"HST C230 Economy Line - prosporttec","og_description":"Revolutionizing hockey training The HST C230 Economy Line is a game-changing hockey skating treadmill designed to elevate player performance to new heights. This innovative training solution offers a comprehensive platform for honing crucial hockey skills, making it an indispensable tool for players and coaches alike. With its robust construction and advanced features, the C230 Economy Line provides a cost-effective way to access professional-grade training technology.  Engineered for versatility and efficiency, this treadmill creates a dynamic training environment that closely mimics on-ice conditions. Its spacious skating surface and adjustable speed settings allow players to focus on perfecting their technique, building endurance, and enhancing overall skating proficiency. The C230 Economy Line is not just a training device; it\u2019s a catalyst for player development, offering a unique blend of technology and traditional hockey training methods.    You have a question about the product? Write us","og_url":"https:\/\/www.prosporttec.com\/sk\/produkt\/hst-c230-economy\/","og_site_name":"prosporttec","article_publisher":"https:\/\/www.facebook.com\/prosporttecsk\/","article_modified_time":"2026-02-18T12:53:05+00:00","og_image":[{"width":1456,"height":1199,"url":"https:\/\/www.prosporttec.com\/wp-content\/uploads\/2025\/01\/C230.jpg","type":"image\/jpeg"}],"twitter_card":"summary_large_image","twitter_misc":{"Predpokladan\u00fd \u010das \u010d\u00edtania":"2 min\u00faty"},"schema":{"@context":"https:\/\/schema.org","@graph":[{"@type":"WebPage","@id":"https:\/\/www.prosporttec.com\/product\/hst-c230-economy\/","url":"https:\/\/www.prosporttec.com\/product\/hst-c230-economy\/","name":"HST C230 Economy Line - prosporttec","isPartOf":{"@id":"https:\/\/www.prosporttec.com\/#website"},"primaryImageOfPage":{"@id":"https:\/\/www.prosporttec.com\/product\/hst-c230-economy\/#primaryimage"},"image":{"@id":"https:\/\/www.prosporttec.com\/product\/hst-c230-economy\/#primaryimage"},"thumbnailUrl":"https:\/\/www.prosporttec.com\/wp-content\/uploads\/2025\/01\/C230.jpg","datePublished":"2025-01-28T14:35:59+00:00","dateModified":"2026-02-18T12:53:05+00:00","breadcrumb":{"@id":"https:\/\/www.prosporttec.com\/product\/hst-c230-economy\/#breadcrumb"},"inLanguage":"sk-SK","potentialAction":[{"@type":"ReadAction","target":["https:\/\/www.prosporttec.com\/product\/hst-c230-economy\/"]}]},{"@type":"ImageObject","inLanguage":"sk-SK","@id":"https:\/\/www.prosporttec.com\/product\/hst-c230-economy\/#primaryimage","url":"https:\/\/www.prosporttec.com\/wp-content\/uploads\/2025\/01\/C230.jpg","contentUrl":"https:\/\/www.prosporttec.com\/wp-content\/uploads\/2025\/01\/C230.jpg","width":1456,"height":1199},{"@type":"BreadcrumbList","@id":"https:\/\/www.prosporttec.com\/product\/hst-c230-economy\/#breadcrumb","itemListElement":[{"@type":"ListItem","position":1,"name":"Home","item":"https:\/\/www.prosporttec.com\/"},{"@type":"ListItem","position":2,"name":"Shop","item":"https:\/\/www.prosporttec.com\/shop\/"},{"@type":"ListItem","position":3,"name":"HST C230 Economy Line"}]},{"@type":"WebSite","@id":"https:\/\/www.prosporttec.com\/#website","url":"https:\/\/www.prosporttec.com\/","name":"Prosporttec","description":"","publisher":{"@id":"https:\/\/www.prosporttec.com\/#organization"},"potentialAction":[{"@type":"SearchAction","target":{"@type":"EntryPoint","urlTemplate":"https:\/\/www.prosporttec.com\/?s={search_term_string}"},"query-input":{"@type":"PropertyValueSpecification","valueRequired":true,"valueName":"search_term_string"}}],"inLanguage":"sk-SK"},{"@type":"Organization","@id":"https:\/\/www.prosporttec.com\/#organization","name":"Prosporttec","url":"https:\/\/www.prosporttec.com\/","logo":{"@type":"ImageObject","inLanguage":"sk-SK","@id":"https:\/\/www.prosporttec.com\/#\/schema\/logo\/image\/","url":"https:\/\/www.prosporttec.com\/wp-content\/uploads\/2024\/07\/logo_logo_prosporttec.png","contentUrl":"https:\/\/www.prosporttec.com\/wp-content\/uploads\/2024\/07\/logo_logo_prosporttec.png","width":150,"height":26,"caption":"Prosporttec"},"image":{"@id":"https:\/\/www.prosporttec.com\/#\/schema\/logo\/image\/"},"sameAs":["https:\/\/www.facebook.com\/prosporttecsk\/"]}]}},"_links":{"self":[{"href":"https:\/\/www.prosporttec.com\/sk\/wp-json\/wp\/v2\/product\/6069","targetHints":{"allow":["GET"]}}],"collection":[{"href":"https:\/\/www.prosporttec.com\/sk\/wp-json\/wp\/v2\/product"}],"about":[{"href":"https:\/\/www.prosporttec.com\/sk\/wp-json\/wp\/v2\/types\/product"}],"replies":[{"embeddable":true,"href":"https:\/\/www.prosporttec.com\/sk\/wp-json\/wp\/v2\/comments?post=6069"}],"version-history":[{"count":5,"href":"https:\/\/www.prosporttec.com\/sk\/wp-json\/wp\/v2\/product\/6069\/revisions"}],"predecessor-version":[{"id":6294,"href":"https:\/\/www.prosporttec.com\/sk\/wp-json\/wp\/v2\/product\/6069\/revisions\/6294"}],"wp:featuredmedia":[{"embeddable":true,"href":"https:\/\/www.prosporttec.com\/sk\/wp-json\/wp\/v2\/media\/6162"}],"wp:attachment":[{"href":"https:\/\/www.prosporttec.com\/sk\/wp-json\/wp\/v2\/media?parent=6069"}],"wp:term":[{"taxonomy":"product_brand","embeddable":true,"href":"https:\/\/www.prosporttec.com\/sk\/wp-json\/wp\/v2\/product_brand?post=6069"},{"taxonomy":"product_cat","embeddable":true,"href":"https:\/\/www.prosporttec.com\/sk\/wp-json\/wp\/v2\/product_cat?post=6069"},{"taxonomy":"product_tag","embeddable":true,"href":"https:\/\/www.prosporttec.com\/sk\/wp-json\/wp\/v2\/product_tag?post=6069"}],"curies":[{"name":"wp","href":"https:\/\/api.w.org\/{rel}","templated":true}]}}