{"id":5909,"date":"2025-01-16T10:28:29","date_gmt":"2025-01-16T10:28:29","guid":{"rendered":"https:\/\/www.prosporttec.com\/?post_type=product&#038;p=5909"},"modified":"2025-11-25T13:37:19","modified_gmt":"2025-11-25T13:37:19","slug":"skating-analysis","status":"publish","type":"product","link":"https:\/\/www.prosporttec.com\/sk\/produkt\/skating-analysis\/","title":{"rendered":"Skating Analysis"},"content":{"rendered":"<div data-elementor-type=\"product-post\" data-elementor-id=\"5909\" class=\"elementor elementor-5909\">\n\t\t\t\t\t\t<section class=\"elementor-section elementor-top-section elementor-element elementor-element-5d01e5d6 elementor-section-boxed elementor-section-height-default elementor-section-height-default\" data-id=\"5d01e5d6\" data-element_type=\"section\" data-e-type=\"section\">\n\t\t\t\t\t\t<div class=\"elementor-container elementor-column-gap-default\">\n\t\t\t\t\t<div class=\"elementor-column elementor-col-100 elementor-top-column elementor-element elementor-element-3a005138\" data-id=\"3a005138\" data-element_type=\"column\" data-e-type=\"column\">\n\t\t\t<div class=\"elementor-widget-wrap elementor-element-populated\">\n\t\t\t\t\t\t<div class=\"elementor-element elementor-element-789d6442 elementor-widget elementor-widget-text-editor\" data-id=\"789d6442\" data-element_type=\"widget\" data-e-type=\"widget\" data-widget_type=\"text-editor.default\">\n\t\t\t\t<div class=\"elementor-widget-container\">\n\t\t\t\t\t\t\t\t\t<div class=\"col-md-12\">\n<h2>K\u013e\u00fa\u010dov\u00e9 vlastnosti:<\/h2>\n<ul>\n \t<li>Anal\u00fdza techniky pomocou umelej inteligencie<\/li>\n \t<li>R\u00fdchle hodnotenie v\u00fdkonu<\/li>\n \t<li>Prisp\u00f4soben\u00e9 tr\u00e9ningov\u00e9 odpor\u00fa\u010dania<\/li>\n \t<li>N\u00e1stroje na sledovanie a porovn\u00e1vanie pokroku<\/li>\n \t<li>Kompatibilita s r\u00f4znymi vekov\u00fdmi a v\u00fdkonnostn\u00fdmi \u00farov\u0148ami<\/li>\n<\/ul>\n<h2>V\u00fdhody pre va\u0161e tr\u00e9ningov\u00e9 centrum:<\/h2>\n<ul>\n \t<li>Pril\u00e1kanie viac klientov v\u010faka \u0161pi\u010dkovej technol\u00f3gii<\/li>\n \t<li>Ponuka personalizovan\u00fdch tr\u00e9ningov\u00fdch programov zalo\u017een\u00fdch na d\u00e1tach<\/li>\n \t<li>Zv\u00fd\u0161enie miery rozvoja hr\u00e1\u010dov a ich spokojnosti<\/li>\n \t<li>Zv\u00fd\u0161enie hodnoty a efekt\u00edvnosti tr\u00e9ningov na kor\u010duliarskom trena\u017e\u00e9ri<\/li>\n \t<li>Odl\u00ed\u0161enie sa od konkurencie pokro\u010dil\u00fdmi tr\u00e9nersk\u00fdmi n\u00e1strojmi<\/li>\n<\/ul>\n<h2>Ako to funguje:<\/h2>\n<ul>\n \t<li>Z\u00e1znam: Kamery s vysok\u00fdm rozl\u00ed\u0161en\u00edm nahr\u00e1vaj\u00fa pohyby hr\u00e1\u010da po\u010das tr\u00e9ningu<\/li>\n \t<li>Anal\u00fdza: AI spracov\u00e1va z\u00e1bery so zameran\u00edm na k\u013e\u00fa\u010dov\u00e9 body tela<\/li>\n \t<li>Spr\u00e1va: Podrobn\u00e9 spr\u00e1vy poukazuj\u00fa na siln\u00e9 str\u00e1nky a oblasti na zlep\u0161enie<\/li>\n \t<li>Pl\u00e1n: Tr\u00e9neri vyu\u017e\u00edvaj\u00fa poznatky na tvorbu individu\u00e1lnych tr\u00e9ningov<\/li>\n \t<li>Sledovanie: Porovnanie pred a po pre vizu\u00e1lne zobrazenie pokroku<\/li>\n<\/ul>\n<h2>Technick\u00e9 \u0161pecifik\u00e1cie:<\/h2>\n<ul>\n \t<li>Kamerov\u00fd syst\u00e9m: Dve vysokor\u00fdchlostn\u00e9 kamery (predn\u00fd a bo\u010dn\u00fd poh\u013ead)<\/li>\n \t<li>Spracovanie AI: Cloudov\u00e9 pre r\u00fdchle v\u00fdsledky<\/li>\n \t<li>Kompatibilita: Funguje s v\u00e4\u010d\u0161inou modelov be\u017eeck\u00fdch p\u00e1sov na kor\u010du\u013eovanie<\/li>\n \t<li>U\u017e\u00edvate\u013esk\u00e9 rozhranie: Intuit\u00edvny panel pre jednoduch\u00fd pr\u00edstup k spr\u00e1vam<\/li>\n \t<li>Aktualiz\u00e1cie: Pravideln\u00e9 aktualiz\u00e1cie softv\u00e9ru<\/li>\n \t<li>Podpora: Technick\u00e1 podpora a \u0161kolenie<\/li>\n<\/ul>\nInvestujte do Skating Analysis e\u0161te dnes a preme\u0148te svoje tr\u00e9ningov\u00e9 centrum na centrum hokejov\u00fdch inov\u00e1ci\u00ed. Poskytnite svojim klientom najmodernej\u0161\u00ed tr\u00e9ning zalo\u017een\u00fd na d\u00e1tach a sledujte, ako hr\u00e1\u010di v\u0161etk\u00fdch \u00farovn\u00ed dosahuj\u00fa nov\u00e9 v\u00fdkonnostn\u00e9 ciele.\n<h2>Dodato\u010dn\u00e9 inform\u00e1cie:<\/h2>\n<ul>\n \t<li>Kamery nie s\u00fa zahrnut\u00e9 v z\u00e1kladnej cene a je potrebn\u00e9 ich zak\u00fapi\u0165 samostatne.<\/li>\n \t<li>Ochrann\u00e9 kryty kamier s\u00fa dostupn\u00e9 za pr\u00edplatok.<\/li>\n \t<li>In\u0161tal\u00e1cia nie je s\u00fa\u010das\u0165ou bal\u00edka.<\/li>\n \t<li>\u0160kolenie o pou\u017e\u00edvan\u00ed syst\u00e9mu je zahrnut\u00e9 v cene.<\/li>\n<\/ul>\nKontaktujte n\u00e1\u0161 obchodn\u00fd t\u00edm pre individu\u00e1lnu ponuku a podrobnosti.\n\n<\/div>\n<div class=\"col-md-12\">\n\n\n<\/div>\n<style>\n#ru{<br \/>    display: none !important ;<br \/>}<br \/>#sk{<br \/>    display: none !important ;<br \/>}<br \/><\/style>\t\t\t\t\t\t\t\t<\/div>\n\t\t\t\t<\/div>\n\t\t\t\t<div class=\"elementor-element elementor-element-42151d4 elementor-widget elementor-widget-video\" data-id=\"42151d4\" data-element_type=\"widget\" data-e-type=\"widget\" data-settings=\"{&quot;youtube_url&quot;:&quot;https:\\\/\\\/youtu.be\\\/eRxTjx2VVeo?si=mnoWM_CqnJjJ53XF&quot;,&quot;video_type&quot;:&quot;youtube&quot;,&quot;controls&quot;:&quot;yes&quot;}\" data-widget_type=\"video.default\">\n\t\t\t\t<div class=\"elementor-widget-container\">\n\t\t\t\t\t\t\t<div class=\"elementor-wrapper elementor-open-inline\">\n\t\t\t<div class=\"elementor-video\"><\/div>\t\t<\/div>\n\t\t\t\t\t\t<\/div>\n\t\t\t\t<\/div>\n\t\t\t\t\t<\/div>\n\t\t<\/div>\n\t\t\t\t\t<\/div>\n\t\t<\/section>\n\t\t\t\t<\/div>","protected":false},"excerpt":{"rendered":"<h2>AI syst\u00e9m na anal\u00fdzu techniky kor\u010du\u013eovania<\/h2>\n<p>Pozdvihnite svoj hokejov\u00fd tr\u00e9ningov\u00fd are\u00e1l s inovat\u00edvnym syst\u00e9mom Skating Analysis. Tento revolu\u010dn\u00fd produkt sa bez probl\u00e9mov integruje s va\u0161\u00edm existuj\u00facim kor\u010duliarskym trena\u017e\u00e9rom a premen\u00ed ho na high-tech centrum rozvoja hr\u00e1\u010dov. Vyu\u017eit\u00edm sily umelej inteligencie poskytuje Skating Analysis bezkonkuren\u010dn\u00e9 poznatky o technike kor\u010du\u013eovania, \u010do z neho rob\u00ed nevyhnutn\u00fd n\u00e1stroj pre tr\u00e9nerov a hr\u00e1\u010dov.<\/p>\n<p>Syst\u00e9m Skating Analysis je navrhnut\u00fd tak, aby zv\u00fd\u0161il kapacity v\u00e1\u0161ho tr\u00e9ningov\u00e9ho centra a poskytol konkuren\u010dn\u00fa v\u00fdhodu pri rozvoji hr\u00e1\u010dov. V\u010faka pou\u017e\u00edvate\u013esky pr\u00edvetiv\u00e9mu rozhraniu a v\u00fdkonn\u00fdm analytick\u00fdm n\u00e1strojom je ide\u00e1lnym doplnkom ka\u017ed\u00e9ho seri\u00f3zneho hokejov\u00e9ho tr\u00e9ningov\u00e9ho programu.<\/p>\n<h4>M\u00e1te ot\u00e1zku k produktu? <a href=\"#elementor-action%3Aaction%3Dpopup%3Aopen%26settings%3DeyJpZCI6IjU4MTMiLCJ0b2dnbGUiOmZhbHNlfQ%3D%3D\">Nap\u00ed\u0161te n\u00e1m<\/a><\/h4>","protected":false},"featured_media":5918,"comment_status":"open","ping_status":"closed","template":"","meta":{"site-sidebar-layout":"default","site-content-layout":"","ast-site-content-layout":"default","site-content-style":"default","site-sidebar-style":"default","ast-global-header-display":"","ast-banner-title-visibility":"","ast-main-header-display":"","ast-hfb-above-header-display":"","ast-hfb-below-header-display":"","ast-hfb-mobile-header-display":"","site-post-title":"","ast-breadcrumbs-content":"","ast-featured-img":"","footer-sml-layout":"","ast-disable-related-posts":"","theme-transparent-header-meta":"default","adv-header-id-meta":"","stick-header-meta":"","header-above-stick-meta":"","header-main-stick-meta":"","header-below-stick-meta":"","astra-migrate-meta-layouts":"set","ast-page-background-enabled":"default","ast-page-background-meta":{"desktop":{"background-color":"var(--ast-global-color-4)","background-image":"","background-repeat":"repeat","background-position":"center center","background-size":"auto","background-attachment":"scroll","background-type":"","background-media":"","overlay-type":"","overlay-color":"","overlay-opacity":"","overlay-gradient":""},"tablet":{"background-color":"","background-image":"","background-repeat":"repeat","background-position":"center center","background-size":"auto","background-attachment":"scroll","background-type":"","background-media":"","overlay-type":"","overlay-color":"","overlay-opacity":"","overlay-gradient":""},"mobile":{"background-color":"","background-image":"","background-repeat":"repeat","background-position":"center center","background-size":"auto","background-attachment":"scroll","background-type":"","background-media":"","overlay-type":"","overlay-color":"","overlay-opacity":"","overlay-gradient":""}},"ast-content-background-meta":{"desktop":{"background-color":"var(--ast-global-color-5)","background-image":"","background-repeat":"repeat","background-position":"center center","background-size":"auto","background-attachment":"scroll","background-type":"","background-media":"","overlay-type":"","overlay-color":"","overlay-opacity":"","overlay-gradient":""},"tablet":{"background-color":"var(--ast-global-color-5)","background-image":"","background-repeat":"repeat","background-position":"center center","background-size":"auto","background-attachment":"scroll","background-type":"","background-media":"","overlay-type":"","overlay-color":"","overlay-opacity":"","overlay-gradient":""},"mobile":{"background-color":"var(--ast-global-color-5)","background-image":"","background-repeat":"repeat","background-position":"center center","background-size":"auto","background-attachment":"scroll","background-type":"","background-media":"","overlay-type":"","overlay-color":"","overlay-opacity":"","overlay-gradient":""}}},"product_brand":[],"product_cat":[285],"product_tag":[188],"class_list":{"0":"post-5909","1":"product","2":"type-product","3":"status-publish","4":"has-post-thumbnail","6":"product_cat-skatemill-products","7":"product_tag-hockey-equipment","8":"desktop-align-left","9":"tablet-align-left","10":"mobile-align-left","12":"first","13":"instock","14":"taxable","15":"shipping-taxable","16":"purchasable","17":"product-type-simple"},"yoast_head":"<!-- This site is optimized with the Yoast SEO plugin v27.0 - https:\/\/yoast.com\/product\/yoast-seo-wordpress\/ -->\n<title>Skating Analysis - prosporttec<\/title>\n<meta name=\"robots\" content=\"index, follow, max-snippet:-1, max-image-preview:large, max-video-preview:-1\" \/>\n<link rel=\"canonical\" href=\"https:\/\/www.prosporttec.com\/sk\/produkt\/skating-analysis\/\" \/>\n<meta property=\"og:locale\" content=\"sk_SK\" \/>\n<meta property=\"og:type\" content=\"article\" \/>\n<meta property=\"og:title\" content=\"Skating Analysis - prosporttec\" \/>\n<meta property=\"og:description\" content=\"AI-powered skating technique analysis system Elevate your hockey training facility with the cutting-edge Skating Analysis system. This revolutionary product seamlessly integrates with your existing skating treadmill, transforming it into a high-tech hub for player development. By harnessing the power of artificial intelligence, Skating Analysis offers unparalleled insights into skating techniques, making it an essential tool for coaches and players alike.  The Skating Analysis system is designed to enhance your training center&#039;s capabilities, providing a competitive edge in player development. With its user-friendly interface and powerful analytics, it&#039;s the perfect addition to any serious hockey training program. You have a question about the product? Write us\" \/>\n<meta property=\"og:url\" content=\"https:\/\/www.prosporttec.com\/sk\/produkt\/skating-analysis\/\" \/>\n<meta property=\"og:site_name\" content=\"prosporttec\" \/>\n<meta property=\"article:publisher\" content=\"https:\/\/www.facebook.com\/prosporttecsk\/\" \/>\n<meta property=\"article:modified_time\" content=\"2025-11-25T13:37:19+00:00\" \/>\n<meta property=\"og:image\" content=\"https:\/\/www.prosporttec.com\/wp-content\/uploads\/2025\/01\/skating-analysis.jpg\" \/>\n\t<meta property=\"og:image:width\" content=\"1500\" \/>\n\t<meta property=\"og:image:height\" content=\"999\" \/>\n\t<meta property=\"og:image:type\" content=\"image\/jpeg\" \/>\n<meta name=\"twitter:card\" content=\"summary_large_image\" \/>\n<script type=\"application\/ld+json\" class=\"yoast-schema-graph\">{\"@context\":\"https:\/\/schema.org\",\"@graph\":[{\"@type\":\"WebPage\",\"@id\":\"https:\/\/www.prosporttec.com\/product\/skating-analysis\/\",\"url\":\"https:\/\/www.prosporttec.com\/product\/skating-analysis\/\",\"name\":\"Skating Analysis - prosporttec\",\"isPartOf\":{\"@id\":\"https:\/\/www.prosporttec.com\/#website\"},\"primaryImageOfPage\":{\"@id\":\"https:\/\/www.prosporttec.com\/product\/skating-analysis\/#primaryimage\"},\"image\":{\"@id\":\"https:\/\/www.prosporttec.com\/product\/skating-analysis\/#primaryimage\"},\"thumbnailUrl\":\"https:\/\/www.prosporttec.com\/wp-content\/uploads\/2025\/01\/skating-analysis.jpg\",\"datePublished\":\"2025-01-16T10:28:29+00:00\",\"dateModified\":\"2025-11-25T13:37:19+00:00\",\"breadcrumb\":{\"@id\":\"https:\/\/www.prosporttec.com\/product\/skating-analysis\/#breadcrumb\"},\"inLanguage\":\"sk-SK\",\"potentialAction\":[{\"@type\":\"ReadAction\",\"target\":[\"https:\/\/www.prosporttec.com\/product\/skating-analysis\/\"]}]},{\"@type\":\"ImageObject\",\"inLanguage\":\"sk-SK\",\"@id\":\"https:\/\/www.prosporttec.com\/product\/skating-analysis\/#primaryimage\",\"url\":\"https:\/\/www.prosporttec.com\/wp-content\/uploads\/2025\/01\/skating-analysis.jpg\",\"contentUrl\":\"https:\/\/www.prosporttec.com\/wp-content\/uploads\/2025\/01\/skating-analysis.jpg\",\"width\":1500,\"height\":999,\"caption\":\"Skating Analysis AI system\"},{\"@type\":\"BreadcrumbList\",\"@id\":\"https:\/\/www.prosporttec.com\/product\/skating-analysis\/#breadcrumb\",\"itemListElement\":[{\"@type\":\"ListItem\",\"position\":1,\"name\":\"Home\",\"item\":\"https:\/\/www.prosporttec.com\/\"},{\"@type\":\"ListItem\",\"position\":2,\"name\":\"Shop\",\"item\":\"https:\/\/www.prosporttec.com\/shop\/\"},{\"@type\":\"ListItem\",\"position\":3,\"name\":\"Skating Analysis\"}]},{\"@type\":\"WebSite\",\"@id\":\"https:\/\/www.prosporttec.com\/#website\",\"url\":\"https:\/\/www.prosporttec.com\/\",\"name\":\"Prosporttec\",\"description\":\"\",\"publisher\":{\"@id\":\"https:\/\/www.prosporttec.com\/#organization\"},\"potentialAction\":[{\"@type\":\"SearchAction\",\"target\":{\"@type\":\"EntryPoint\",\"urlTemplate\":\"https:\/\/www.prosporttec.com\/?s={search_term_string}\"},\"query-input\":{\"@type\":\"PropertyValueSpecification\",\"valueRequired\":true,\"valueName\":\"search_term_string\"}}],\"inLanguage\":\"sk-SK\"},{\"@type\":\"Organization\",\"@id\":\"https:\/\/www.prosporttec.com\/#organization\",\"name\":\"Prosporttec\",\"url\":\"https:\/\/www.prosporttec.com\/\",\"logo\":{\"@type\":\"ImageObject\",\"inLanguage\":\"sk-SK\",\"@id\":\"https:\/\/www.prosporttec.com\/#\/schema\/logo\/image\/\",\"url\":\"https:\/\/www.prosporttec.com\/wp-content\/uploads\/2024\/07\/logo_logo_prosporttec.png\",\"contentUrl\":\"https:\/\/www.prosporttec.com\/wp-content\/uploads\/2024\/07\/logo_logo_prosporttec.png\",\"width\":150,\"height\":26,\"caption\":\"Prosporttec\"},\"image\":{\"@id\":\"https:\/\/www.prosporttec.com\/#\/schema\/logo\/image\/\"},\"sameAs\":[\"https:\/\/www.facebook.com\/prosporttecsk\/\"]}]}<\/script>\n<!-- \/ Yoast SEO plugin. -->","yoast_head_json":{"title":"Skating Analysis - prosporttec","robots":{"index":"index","follow":"follow","max-snippet":"max-snippet:-1","max-image-preview":"max-image-preview:large","max-video-preview":"max-video-preview:-1"},"canonical":"https:\/\/www.prosporttec.com\/sk\/produkt\/skating-analysis\/","og_locale":"sk_SK","og_type":"article","og_title":"Skating Analysis - prosporttec","og_description":"AI-powered skating technique analysis system Elevate your hockey training facility with the cutting-edge Skating Analysis system. This revolutionary product seamlessly integrates with your existing skating treadmill, transforming it into a high-tech hub for player development. By harnessing the power of artificial intelligence, Skating Analysis offers unparalleled insights into skating techniques, making it an essential tool for coaches and players alike.  The Skating Analysis system is designed to enhance your training center's capabilities, providing a competitive edge in player development. With its user-friendly interface and powerful analytics, it's the perfect addition to any serious hockey training program. You have a question about the product? Write us","og_url":"https:\/\/www.prosporttec.com\/sk\/produkt\/skating-analysis\/","og_site_name":"prosporttec","article_publisher":"https:\/\/www.facebook.com\/prosporttecsk\/","article_modified_time":"2025-11-25T13:37:19+00:00","og_image":[{"width":1500,"height":999,"url":"https:\/\/www.prosporttec.com\/wp-content\/uploads\/2025\/01\/skating-analysis.jpg","type":"image\/jpeg"}],"twitter_card":"summary_large_image","schema":{"@context":"https:\/\/schema.org","@graph":[{"@type":"WebPage","@id":"https:\/\/www.prosporttec.com\/product\/skating-analysis\/","url":"https:\/\/www.prosporttec.com\/product\/skating-analysis\/","name":"Skating Analysis - prosporttec","isPartOf":{"@id":"https:\/\/www.prosporttec.com\/#website"},"primaryImageOfPage":{"@id":"https:\/\/www.prosporttec.com\/product\/skating-analysis\/#primaryimage"},"image":{"@id":"https:\/\/www.prosporttec.com\/product\/skating-analysis\/#primaryimage"},"thumbnailUrl":"https:\/\/www.prosporttec.com\/wp-content\/uploads\/2025\/01\/skating-analysis.jpg","datePublished":"2025-01-16T10:28:29+00:00","dateModified":"2025-11-25T13:37:19+00:00","breadcrumb":{"@id":"https:\/\/www.prosporttec.com\/product\/skating-analysis\/#breadcrumb"},"inLanguage":"sk-SK","potentialAction":[{"@type":"ReadAction","target":["https:\/\/www.prosporttec.com\/product\/skating-analysis\/"]}]},{"@type":"ImageObject","inLanguage":"sk-SK","@id":"https:\/\/www.prosporttec.com\/product\/skating-analysis\/#primaryimage","url":"https:\/\/www.prosporttec.com\/wp-content\/uploads\/2025\/01\/skating-analysis.jpg","contentUrl":"https:\/\/www.prosporttec.com\/wp-content\/uploads\/2025\/01\/skating-analysis.jpg","width":1500,"height":999,"caption":"Skating Analysis AI system"},{"@type":"BreadcrumbList","@id":"https:\/\/www.prosporttec.com\/product\/skating-analysis\/#breadcrumb","itemListElement":[{"@type":"ListItem","position":1,"name":"Home","item":"https:\/\/www.prosporttec.com\/"},{"@type":"ListItem","position":2,"name":"Shop","item":"https:\/\/www.prosporttec.com\/shop\/"},{"@type":"ListItem","position":3,"name":"Skating Analysis"}]},{"@type":"WebSite","@id":"https:\/\/www.prosporttec.com\/#website","url":"https:\/\/www.prosporttec.com\/","name":"Prosporttec","description":"","publisher":{"@id":"https:\/\/www.prosporttec.com\/#organization"},"potentialAction":[{"@type":"SearchAction","target":{"@type":"EntryPoint","urlTemplate":"https:\/\/www.prosporttec.com\/?s={search_term_string}"},"query-input":{"@type":"PropertyValueSpecification","valueRequired":true,"valueName":"search_term_string"}}],"inLanguage":"sk-SK"},{"@type":"Organization","@id":"https:\/\/www.prosporttec.com\/#organization","name":"Prosporttec","url":"https:\/\/www.prosporttec.com\/","logo":{"@type":"ImageObject","inLanguage":"sk-SK","@id":"https:\/\/www.prosporttec.com\/#\/schema\/logo\/image\/","url":"https:\/\/www.prosporttec.com\/wp-content\/uploads\/2024\/07\/logo_logo_prosporttec.png","contentUrl":"https:\/\/www.prosporttec.com\/wp-content\/uploads\/2024\/07\/logo_logo_prosporttec.png","width":150,"height":26,"caption":"Prosporttec"},"image":{"@id":"https:\/\/www.prosporttec.com\/#\/schema\/logo\/image\/"},"sameAs":["https:\/\/www.facebook.com\/prosporttecsk\/"]}]}},"_links":{"self":[{"href":"https:\/\/www.prosporttec.com\/sk\/wp-json\/wp\/v2\/product\/5909","targetHints":{"allow":["GET"]}}],"collection":[{"href":"https:\/\/www.prosporttec.com\/sk\/wp-json\/wp\/v2\/product"}],"about":[{"href":"https:\/\/www.prosporttec.com\/sk\/wp-json\/wp\/v2\/types\/product"}],"replies":[{"embeddable":true,"href":"https:\/\/www.prosporttec.com\/sk\/wp-json\/wp\/v2\/comments?post=5909"}],"version-history":[{"count":5,"href":"https:\/\/www.prosporttec.com\/sk\/wp-json\/wp\/v2\/product\/5909\/revisions"}],"predecessor-version":[{"id":6263,"href":"https:\/\/www.prosporttec.com\/sk\/wp-json\/wp\/v2\/product\/5909\/revisions\/6263"}],"wp:featuredmedia":[{"embeddable":true,"href":"https:\/\/www.prosporttec.com\/sk\/wp-json\/wp\/v2\/media\/5918"}],"wp:attachment":[{"href":"https:\/\/www.prosporttec.com\/sk\/wp-json\/wp\/v2\/media?parent=5909"}],"wp:term":[{"taxonomy":"product_brand","embeddable":true,"href":"https:\/\/www.prosporttec.com\/sk\/wp-json\/wp\/v2\/product_brand?post=5909"},{"taxonomy":"product_cat","embeddable":true,"href":"https:\/\/www.prosporttec.com\/sk\/wp-json\/wp\/v2\/product_cat?post=5909"},{"taxonomy":"product_tag","embeddable":true,"href":"https:\/\/www.prosporttec.com\/sk\/wp-json\/wp\/v2\/product_tag?post=5909"}],"curies":[{"name":"wp","href":"https:\/\/api.w.org\/{rel}","templated":true}]}}