{"id":5905,"date":"2025-01-16T10:14:16","date_gmt":"2025-01-16T10:14:16","guid":{"rendered":"https:\/\/www.prosporttec.com\/?post_type=product&#038;p=5905"},"modified":"2025-11-25T13:39:23","modified_gmt":"2025-11-25T13:39:23","slug":"fusion-skating-subpacket","status":"publish","type":"product","link":"https:\/\/www.prosporttec.com\/sk\/produkt\/fusion-skating-subpacket\/","title":{"rendered":"Fusion Skating Subpacket"},"content":{"rendered":"<div data-elementor-type=\"product-post\" data-elementor-id=\"5905\" class=\"elementor elementor-5905\">\n\t\t\t\t\t\t<section class=\"elementor-section elementor-top-section elementor-element elementor-element-48befe35 elementor-section-boxed elementor-section-height-default elementor-section-height-default\" data-id=\"48befe35\" data-element_type=\"section\" data-e-type=\"section\">\n\t\t\t\t\t\t<div class=\"elementor-container elementor-column-gap-default\">\n\t\t\t\t\t<div class=\"elementor-column elementor-col-100 elementor-top-column elementor-element elementor-element-58fbdabe\" data-id=\"58fbdabe\" data-element_type=\"column\" data-e-type=\"column\">\n\t\t\t<div class=\"elementor-widget-wrap elementor-element-populated\">\n\t\t\t\t\t\t<div class=\"elementor-element elementor-element-62a483cf elementor-widget elementor-widget-text-editor\" data-id=\"62a483cf\" data-element_type=\"widget\" data-e-type=\"widget\" data-widget_type=\"text-editor.default\">\n\t\t\t\t<div class=\"elementor-widget-container\">\n\t\t\t\t\t\t\t\t\t<div class=\"col-md-12\">\n<h2>Moduly:<\/h2>\n<strong>Instructor<\/strong>\n\nRozsiahla kni\u017enica viac ako 200 video cvi\u010den\u00ed \u0161peci\u00e1lne navrhnut\u00fdch pre tr\u00e9ning na skatemille. Tento v\u00fdkonn\u00fd n\u00e1stroj umo\u017e\u0148uje tr\u00e9nerom vytv\u00e1ra\u0165 prisp\u00f4soben\u00e9 tr\u00e9ningov\u00e9 programy \u0161it\u00e9 na mieru potreb\u00e1m ka\u017ed\u00e9ho hr\u00e1\u010da, zabezpe\u010duj\u00fac komplexn\u00fd rozvoj zru\u010dnost\u00ed.\n\n<strong>Live Delay<\/strong>\n\nInovat\u00edvny syst\u00e9m vizu\u00e1lnej sp\u00e4tnej v\u00e4zby, ktor\u00fd sleduje pohyby \u0161portovca v re\u00e1lnom \u010dase. Poskytovan\u00edm okam\u017eit\u00e9ho prehr\u00e1vania Live Delay ur\u00fdch\u013euje proces u\u010denia, umo\u017e\u0148uj\u00fac hr\u00e1\u010dom okam\u017eite analyzova\u0165 a korigova\u0165 svoju techniku.\n\n<strong>Shooter<\/strong>\n\nVylep\u0161ite presnos\u0165 stre\u013eby a rozhodovanie s t\u00fdmto \u0161pecializovan\u00fdm softv\u00e9rom. Hr\u00e1\u010di s\u00fa vyzvan\u00ed mieri\u0165 na n\u00e1hodne zobrazovan\u00e9 ciele na monitore, pri\u010dom syst\u00e9m automaticky vyhodnocuje z\u00e1sahy a minutia, podporuj\u00fac r\u00fdchle zlep\u0161ovanie streleck\u00fdch zru\u010dnost\u00ed.\n\n<strong>Peripheral Navigation<\/strong>\n\nNavrhnut\u00fd na zlep\u0161enie perif\u00e9rneho videnia hr\u00e1\u010dov a schopnosti multitaskingu. Tento modul zlep\u0161uje vizu\u00e1lne vn\u00edmanie t\u00fdm, \u017ee vy\u017eaduje od hr\u00e1\u010dov s\u00fastredi\u0165 sa na \u010d\u00edsla zobrazen\u00e9 na troch monitoroch pri nepretr\u017eitom kor\u010du\u013eovan\u00ed a vykon\u00e1van\u00ed r\u00f4znych \u00faloh.\n\n<strong>Timer<\/strong>\n\nZ\u00e1kladn\u00fd n\u00e1stroj na sledovanie celkov\u00e9ho \u010dasu tr\u00e9ningu, ako aj trvania jednotliv\u00fdch cvi\u010den\u00ed pre ka\u017ed\u00e9ho hr\u00e1\u010da, zabezpe\u010duj\u00fac efekt\u00edvne a dobre \u0161trukt\u00farovan\u00e9 tr\u00e9ningov\u00e9 sedenia.\n<h2>K\u013e\u00fa\u010dov\u00e9 v\u00fdhody:<\/h2>\n<ul>\n \t<li>Komplexn\u00fd rozvoj zru\u010dnost\u00ed v jednom integrovanom prostred\u00ed<\/li>\n \t<li>Sp\u00e4tn\u00e1 v\u00e4zba v re\u00e1lnom \u010dase pre r\u00fdchlej\u0161ie u\u010denie a zlep\u0161ovanie techniky<\/li>\n \t<li>Vylep\u0161en\u00e9 rozhodovanie a reak\u010dn\u00e9 \u010dasy v podmienkach podobn\u00fdch hre<\/li>\n \t<li>Zlep\u0161en\u00e9 perif\u00e9rne videnie a schopnosti multitaskingu<\/li>\n \t<li>Prisp\u00f4sobite\u013en\u00e9 tr\u00e9ningov\u00e9 programy pre individu\u00e1lne potreby hr\u00e1\u010dov<\/li>\n \t<li>Objekt\u00edvne sledovanie a hodnotenie v\u00fdkonu<\/li>\n \t<li>Zv\u00fd\u0161en\u00e1 efektivita tr\u00e9ningu a zapojenie<\/li>\n \t<li>N\u00e1kladovo efekt\u00edvne rie\u0161enie na vytvorenie tr\u00e9ningov\u00e9ho zariadenia profesion\u00e1lnej \u00farovne<\/li>\n \t<li>\u0160k\u00e1lovate\u013en\u00fd syst\u00e9m, ktor\u00fd rastie s va\u0161imi tr\u00e9ningov\u00fdmi potrebami<\/li>\n<\/ul>\n<h2>Volite\u013en\u00e9 IT zariadenia (potrebn\u00e9 pre pln\u00fa funk\u010dnos\u0165):<\/h2>\n<ul>\n \t<li>4x Mini PC (napr. ASUS NUC 13 Pro NUC13ANHI3, 8GB RAM, 128GB NVMe)<\/li>\n \t<li>4x HDMI k\u00e1ble (d\u013a\u017eka 1m)<\/li>\n \t<li>4x Nap\u00e1jacie k\u00e1ble<\/li>\n \t<li>1x Sada kl\u00e1vesnice a my\u0161i<\/li>\n \t<li>1x Ovl\u00e1dac\u00ed monitor 22\" (Odpor\u00fa\u010da sa dotykov\u00e1 obrazovka, napr. ASUS VT229H)<\/li>\n \t<li>2x Rohov\u00e9 monitory 18-21,5\" (napr. LG 22MR410-B)<\/li>\n \t<li>1x Stredn\u00fd monitor\/TV 32\"-34\"<\/li>\n \t<li>1x Ethernet switch 16 portov 1GB (napr. TP-LINK TL-SG116E)<\/li>\n \t<li>1x Dopplerov radar<\/li>\n<\/ul>\n<h2>Volite\u013en\u00e9 kryty a konzoly:<\/h2>\n<ul>\n \t<li>1 sada konzoly a krytov pre monitory a kamery<\/li>\n \t<li>1 sada konzoly a krytu pre radar a krytov pre Mini PC<\/li>\n<\/ul>\nVylep\u0161ite svoje tr\u00e9ningov\u00e9 zariadenie e\u0161te dnes s Fusion Skating Subpacket a poskytnite svojim hr\u00e1\u010dom \u0161pi\u010dkov\u00fd tr\u00e9ningov\u00fd z\u00e1\u017eitok, ktor\u00fd pozdvihne ich hru na nov\u00fa \u00farove\u0148.\n\n<\/div>\n<div class=\"col-md-12\">\n\n<\/div>\n<style>\n#ru{<br \/>    display: none !important ;<br \/>}<br \/>#sk{<br \/>    display: none !important ;<br \/>}<br \/><\/style>\t\t\t\t\t\t\t\t<\/div>\n\t\t\t\t<\/div>\n\t\t\t\t<div class=\"elementor-element elementor-element-03e4481 elementor-widget elementor-widget-video\" data-id=\"03e4481\" data-element_type=\"widget\" data-e-type=\"widget\" data-settings=\"{&quot;youtube_url&quot;:&quot;https:\\\/\\\/youtu.be\\\/xdOvzbfTQZw?si=-stn1mNf7YmgKkQM&quot;,&quot;video_type&quot;:&quot;youtube&quot;,&quot;controls&quot;:&quot;yes&quot;}\" data-widget_type=\"video.default\">\n\t\t\t\t<div class=\"elementor-widget-container\">\n\t\t\t\t\t\t\t<div class=\"elementor-wrapper elementor-open-inline\">\n\t\t\t<div class=\"elementor-video\"><\/div>\t\t<\/div>\n\t\t\t\t\t\t<\/div>\n\t\t\t\t<\/div>\n\t\t\t\t\t<\/div>\n\t\t<\/div>\n\t\t\t\t\t<\/div>\n\t\t<\/section>\n\t\t\t\t<\/div>","protected":false},"excerpt":{"rendered":"<h2>Preme\u0148te svoj skatemill na komplexn\u00fa tr\u00e9ningov\u00fa z\u00f3nu<\/h2>\n<p>Pozdvihnite \u00farove\u0148 v\u00e1\u0161ho hokejov\u00e9ho tr\u00e9ningov\u00e9ho centra s Fusion Skating Subpacket. Tento komplexn\u00fd softv\u00e9rov\u00fd bal\u00edk premen\u00ed v\u00e1\u0161 existuj\u00faci kor\u010duliarsky trena\u017e\u00e9r na plnohodnotn\u00fa Fusion Skating Zone, poskytuj\u00fac \u0161pi\u010dkov\u00e9 tr\u00e9ningov\u00e9 prostredie, ktor\u00e9 rozv\u00edja v\u0161etky aspekty hr\u00e1\u010dovej hry. Integr\u00e1ciou pokro\u010dil\u00fdch technol\u00f3gi\u00ed s cielen\u00fdmi tr\u00e9ningov\u00fdmi modulmi pon\u00faka Fusion Skating Subpacket holistick\u00fd pr\u00edstup k rozvoju hr\u00e1\u010da, napodob\u0148uj\u00fac re\u00e1lne hern\u00e9 scen\u00e1re a zvy\u0161uj\u00fac celkov\u00fd v\u00fdkon.<\/p>\n<h4>M\u00e1te ot\u00e1zku k produktu? <a href=\"#elementor-action%3Aaction%3Dpopup%3Aopen%26settings%3DeyJpZCI6IjU4MTMiLCJ0b2dnbGUiOmZhbHNlfQ%3D%3D\">Nap\u00ed\u0161te n\u00e1m<\/a><\/h4>","protected":false},"featured_media":5917,"comment_status":"open","ping_status":"closed","template":"","meta":{"site-sidebar-layout":"default","site-content-layout":"","ast-site-content-layout":"default","site-content-style":"default","site-sidebar-style":"default","ast-global-header-display":"","ast-banner-title-visibility":"","ast-main-header-display":"","ast-hfb-above-header-display":"","ast-hfb-below-header-display":"","ast-hfb-mobile-header-display":"","site-post-title":"","ast-breadcrumbs-content":"","ast-featured-img":"","footer-sml-layout":"","ast-disable-related-posts":"","theme-transparent-header-meta":"default","adv-header-id-meta":"","stick-header-meta":"","header-above-stick-meta":"","header-main-stick-meta":"","header-below-stick-meta":"","astra-migrate-meta-layouts":"set","ast-page-background-enabled":"default","ast-page-background-meta":{"desktop":{"background-color":"var(--ast-global-color-4)","background-image":"","background-repeat":"repeat","background-position":"center center","background-size":"auto","background-attachment":"scroll","background-type":"","background-media":"","overlay-type":"","overlay-color":"","overlay-opacity":"","overlay-gradient":""},"tablet":{"background-color":"","background-image":"","background-repeat":"repeat","background-position":"center center","background-size":"auto","background-attachment":"scroll","background-type":"","background-media":"","overlay-type":"","overlay-color":"","overlay-opacity":"","overlay-gradient":""},"mobile":{"background-color":"","background-image":"","background-repeat":"repeat","background-position":"center center","background-size":"auto","background-attachment":"scroll","background-type":"","background-media":"","overlay-type":"","overlay-color":"","overlay-opacity":"","overlay-gradient":""}},"ast-content-background-meta":{"desktop":{"background-color":"var(--ast-global-color-5)","background-image":"","background-repeat":"repeat","background-position":"center center","background-size":"auto","background-attachment":"scroll","background-type":"","background-media":"","overlay-type":"","overlay-color":"","overlay-opacity":"","overlay-gradient":""},"tablet":{"background-color":"var(--ast-global-color-5)","background-image":"","background-repeat":"repeat","background-position":"center center","background-size":"auto","background-attachment":"scroll","background-type":"","background-media":"","overlay-type":"","overlay-color":"","overlay-opacity":"","overlay-gradient":""},"mobile":{"background-color":"var(--ast-global-color-5)","background-image":"","background-repeat":"repeat","background-position":"center center","background-size":"auto","background-attachment":"scroll","background-type":"","background-media":"","overlay-type":"","overlay-color":"","overlay-opacity":"","overlay-gradient":""}}},"product_brand":[],"product_cat":[285],"product_tag":[188],"class_list":{"0":"post-5905","1":"product","2":"type-product","3":"status-publish","4":"has-post-thumbnail","6":"product_cat-skatemill-products","7":"product_tag-hockey-equipment","8":"desktop-align-left","9":"tablet-align-left","10":"mobile-align-left","12":"first","13":"instock","14":"taxable","15":"shipping-taxable","16":"purchasable","17":"product-type-simple"},"yoast_head":"<!-- This site is optimized with the Yoast SEO plugin v27.0 - https:\/\/yoast.com\/product\/yoast-seo-wordpress\/ -->\n<title>Fusion Skating Subpacket - prosporttec<\/title>\n<meta name=\"robots\" content=\"index, follow, max-snippet:-1, max-image-preview:large, max-video-preview:-1\" \/>\n<link rel=\"canonical\" href=\"https:\/\/www.prosporttec.com\/sk\/produkt\/fusion-skating-subpacket\/\" \/>\n<meta property=\"og:locale\" content=\"sk_SK\" \/>\n<meta property=\"og:type\" content=\"article\" \/>\n<meta property=\"og:title\" content=\"Fusion Skating Subpacket - prosporttec\" \/>\n<meta property=\"og:description\" content=\"Transform your skatemill into a complete training zone Elevate your hockey training facility to new heights with the Fusion Skating Subpacket. This comprehensive software suite transforms your existing skatemill into a full-fledged Fusion Skating Zone, providing a cutting-edge training environment that develops all aspects of a player&#039;s game. By integrating advanced technology with targeted training modules, the Fusion Skating Subpacket offers a holistic approach to player development, mimicking real game scenarios and enhancing overall performance. You have a question about the product? Write us\" \/>\n<meta property=\"og:url\" content=\"https:\/\/www.prosporttec.com\/sk\/produkt\/fusion-skating-subpacket\/\" \/>\n<meta property=\"og:site_name\" content=\"prosporttec\" \/>\n<meta property=\"article:publisher\" content=\"https:\/\/www.facebook.com\/prosporttecsk\/\" \/>\n<meta property=\"article:modified_time\" content=\"2025-11-25T13:39:23+00:00\" \/>\n<meta property=\"og:image\" content=\"https:\/\/www.prosporttec.com\/wp-content\/uploads\/2025\/01\/fusion-skating-subpacket.jpg\" \/>\n\t<meta property=\"og:image:width\" content=\"1500\" \/>\n\t<meta property=\"og:image:height\" content=\"999\" \/>\n\t<meta property=\"og:image:type\" content=\"image\/jpeg\" \/>\n<meta name=\"twitter:card\" content=\"summary_large_image\" \/>\n<script type=\"application\/ld+json\" class=\"yoast-schema-graph\">{\"@context\":\"https:\/\/schema.org\",\"@graph\":[{\"@type\":\"WebPage\",\"@id\":\"https:\/\/www.prosporttec.com\/product\/fusion-skating-subpacket\/\",\"url\":\"https:\/\/www.prosporttec.com\/product\/fusion-skating-subpacket\/\",\"name\":\"Fusion Skating Subpacket - prosporttec\",\"isPartOf\":{\"@id\":\"https:\/\/www.prosporttec.com\/#website\"},\"primaryImageOfPage\":{\"@id\":\"https:\/\/www.prosporttec.com\/product\/fusion-skating-subpacket\/#primaryimage\"},\"image\":{\"@id\":\"https:\/\/www.prosporttec.com\/product\/fusion-skating-subpacket\/#primaryimage\"},\"thumbnailUrl\":\"https:\/\/www.prosporttec.com\/wp-content\/uploads\/2025\/01\/fusion-skating-subpacket.jpg\",\"datePublished\":\"2025-01-16T10:14:16+00:00\",\"dateModified\":\"2025-11-25T13:39:23+00:00\",\"breadcrumb\":{\"@id\":\"https:\/\/www.prosporttec.com\/product\/fusion-skating-subpacket\/#breadcrumb\"},\"inLanguage\":\"sk-SK\",\"potentialAction\":[{\"@type\":\"ReadAction\",\"target\":[\"https:\/\/www.prosporttec.com\/product\/fusion-skating-subpacket\/\"]}]},{\"@type\":\"ImageObject\",\"inLanguage\":\"sk-SK\",\"@id\":\"https:\/\/www.prosporttec.com\/product\/fusion-skating-subpacket\/#primaryimage\",\"url\":\"https:\/\/www.prosporttec.com\/wp-content\/uploads\/2025\/01\/fusion-skating-subpacket.jpg\",\"contentUrl\":\"https:\/\/www.prosporttec.com\/wp-content\/uploads\/2025\/01\/fusion-skating-subpacket.jpg\",\"width\":1500,\"height\":999},{\"@type\":\"BreadcrumbList\",\"@id\":\"https:\/\/www.prosporttec.com\/product\/fusion-skating-subpacket\/#breadcrumb\",\"itemListElement\":[{\"@type\":\"ListItem\",\"position\":1,\"name\":\"Home\",\"item\":\"https:\/\/www.prosporttec.com\/\"},{\"@type\":\"ListItem\",\"position\":2,\"name\":\"Shop\",\"item\":\"https:\/\/www.prosporttec.com\/shop\/\"},{\"@type\":\"ListItem\",\"position\":3,\"name\":\"Fusion Skating Subpacket\"}]},{\"@type\":\"WebSite\",\"@id\":\"https:\/\/www.prosporttec.com\/#website\",\"url\":\"https:\/\/www.prosporttec.com\/\",\"name\":\"Prosporttec\",\"description\":\"\",\"publisher\":{\"@id\":\"https:\/\/www.prosporttec.com\/#organization\"},\"potentialAction\":[{\"@type\":\"SearchAction\",\"target\":{\"@type\":\"EntryPoint\",\"urlTemplate\":\"https:\/\/www.prosporttec.com\/?s={search_term_string}\"},\"query-input\":{\"@type\":\"PropertyValueSpecification\",\"valueRequired\":true,\"valueName\":\"search_term_string\"}}],\"inLanguage\":\"sk-SK\"},{\"@type\":\"Organization\",\"@id\":\"https:\/\/www.prosporttec.com\/#organization\",\"name\":\"Prosporttec\",\"url\":\"https:\/\/www.prosporttec.com\/\",\"logo\":{\"@type\":\"ImageObject\",\"inLanguage\":\"sk-SK\",\"@id\":\"https:\/\/www.prosporttec.com\/#\/schema\/logo\/image\/\",\"url\":\"https:\/\/www.prosporttec.com\/wp-content\/uploads\/2024\/07\/logo_logo_prosporttec.png\",\"contentUrl\":\"https:\/\/www.prosporttec.com\/wp-content\/uploads\/2024\/07\/logo_logo_prosporttec.png\",\"width\":150,\"height\":26,\"caption\":\"Prosporttec\"},\"image\":{\"@id\":\"https:\/\/www.prosporttec.com\/#\/schema\/logo\/image\/\"},\"sameAs\":[\"https:\/\/www.facebook.com\/prosporttecsk\/\"]}]}<\/script>\n<!-- \/ Yoast SEO plugin. -->","yoast_head_json":{"title":"Fusion Skating Subpacket - prosporttec","robots":{"index":"index","follow":"follow","max-snippet":"max-snippet:-1","max-image-preview":"max-image-preview:large","max-video-preview":"max-video-preview:-1"},"canonical":"https:\/\/www.prosporttec.com\/sk\/produkt\/fusion-skating-subpacket\/","og_locale":"sk_SK","og_type":"article","og_title":"Fusion Skating Subpacket - prosporttec","og_description":"Transform your skatemill into a complete training zone Elevate your hockey training facility to new heights with the Fusion Skating Subpacket. This comprehensive software suite transforms your existing skatemill into a full-fledged Fusion Skating Zone, providing a cutting-edge training environment that develops all aspects of a player's game. By integrating advanced technology with targeted training modules, the Fusion Skating Subpacket offers a holistic approach to player development, mimicking real game scenarios and enhancing overall performance. You have a question about the product? Write us","og_url":"https:\/\/www.prosporttec.com\/sk\/produkt\/fusion-skating-subpacket\/","og_site_name":"prosporttec","article_publisher":"https:\/\/www.facebook.com\/prosporttecsk\/","article_modified_time":"2025-11-25T13:39:23+00:00","og_image":[{"width":1500,"height":999,"url":"https:\/\/www.prosporttec.com\/wp-content\/uploads\/2025\/01\/fusion-skating-subpacket.jpg","type":"image\/jpeg"}],"twitter_card":"summary_large_image","schema":{"@context":"https:\/\/schema.org","@graph":[{"@type":"WebPage","@id":"https:\/\/www.prosporttec.com\/product\/fusion-skating-subpacket\/","url":"https:\/\/www.prosporttec.com\/product\/fusion-skating-subpacket\/","name":"Fusion Skating Subpacket - prosporttec","isPartOf":{"@id":"https:\/\/www.prosporttec.com\/#website"},"primaryImageOfPage":{"@id":"https:\/\/www.prosporttec.com\/product\/fusion-skating-subpacket\/#primaryimage"},"image":{"@id":"https:\/\/www.prosporttec.com\/product\/fusion-skating-subpacket\/#primaryimage"},"thumbnailUrl":"https:\/\/www.prosporttec.com\/wp-content\/uploads\/2025\/01\/fusion-skating-subpacket.jpg","datePublished":"2025-01-16T10:14:16+00:00","dateModified":"2025-11-25T13:39:23+00:00","breadcrumb":{"@id":"https:\/\/www.prosporttec.com\/product\/fusion-skating-subpacket\/#breadcrumb"},"inLanguage":"sk-SK","potentialAction":[{"@type":"ReadAction","target":["https:\/\/www.prosporttec.com\/product\/fusion-skating-subpacket\/"]}]},{"@type":"ImageObject","inLanguage":"sk-SK","@id":"https:\/\/www.prosporttec.com\/product\/fusion-skating-subpacket\/#primaryimage","url":"https:\/\/www.prosporttec.com\/wp-content\/uploads\/2025\/01\/fusion-skating-subpacket.jpg","contentUrl":"https:\/\/www.prosporttec.com\/wp-content\/uploads\/2025\/01\/fusion-skating-subpacket.jpg","width":1500,"height":999},{"@type":"BreadcrumbList","@id":"https:\/\/www.prosporttec.com\/product\/fusion-skating-subpacket\/#breadcrumb","itemListElement":[{"@type":"ListItem","position":1,"name":"Home","item":"https:\/\/www.prosporttec.com\/"},{"@type":"ListItem","position":2,"name":"Shop","item":"https:\/\/www.prosporttec.com\/shop\/"},{"@type":"ListItem","position":3,"name":"Fusion Skating Subpacket"}]},{"@type":"WebSite","@id":"https:\/\/www.prosporttec.com\/#website","url":"https:\/\/www.prosporttec.com\/","name":"Prosporttec","description":"","publisher":{"@id":"https:\/\/www.prosporttec.com\/#organization"},"potentialAction":[{"@type":"SearchAction","target":{"@type":"EntryPoint","urlTemplate":"https:\/\/www.prosporttec.com\/?s={search_term_string}"},"query-input":{"@type":"PropertyValueSpecification","valueRequired":true,"valueName":"search_term_string"}}],"inLanguage":"sk-SK"},{"@type":"Organization","@id":"https:\/\/www.prosporttec.com\/#organization","name":"Prosporttec","url":"https:\/\/www.prosporttec.com\/","logo":{"@type":"ImageObject","inLanguage":"sk-SK","@id":"https:\/\/www.prosporttec.com\/#\/schema\/logo\/image\/","url":"https:\/\/www.prosporttec.com\/wp-content\/uploads\/2024\/07\/logo_logo_prosporttec.png","contentUrl":"https:\/\/www.prosporttec.com\/wp-content\/uploads\/2024\/07\/logo_logo_prosporttec.png","width":150,"height":26,"caption":"Prosporttec"},"image":{"@id":"https:\/\/www.prosporttec.com\/#\/schema\/logo\/image\/"},"sameAs":["https:\/\/www.facebook.com\/prosporttecsk\/"]}]}},"_links":{"self":[{"href":"https:\/\/www.prosporttec.com\/sk\/wp-json\/wp\/v2\/product\/5905","targetHints":{"allow":["GET"]}}],"collection":[{"href":"https:\/\/www.prosporttec.com\/sk\/wp-json\/wp\/v2\/product"}],"about":[{"href":"https:\/\/www.prosporttec.com\/sk\/wp-json\/wp\/v2\/types\/product"}],"replies":[{"embeddable":true,"href":"https:\/\/www.prosporttec.com\/sk\/wp-json\/wp\/v2\/comments?post=5905"}],"version-history":[{"count":5,"href":"https:\/\/www.prosporttec.com\/sk\/wp-json\/wp\/v2\/product\/5905\/revisions"}],"predecessor-version":[{"id":6266,"href":"https:\/\/www.prosporttec.com\/sk\/wp-json\/wp\/v2\/product\/5905\/revisions\/6266"}],"wp:featuredmedia":[{"embeddable":true,"href":"https:\/\/www.prosporttec.com\/sk\/wp-json\/wp\/v2\/media\/5917"}],"wp:attachment":[{"href":"https:\/\/www.prosporttec.com\/sk\/wp-json\/wp\/v2\/media?parent=5905"}],"wp:term":[{"taxonomy":"product_brand","embeddable":true,"href":"https:\/\/www.prosporttec.com\/sk\/wp-json\/wp\/v2\/product_brand?post=5905"},{"taxonomy":"product_cat","embeddable":true,"href":"https:\/\/www.prosporttec.com\/sk\/wp-json\/wp\/v2\/product_cat?post=5905"},{"taxonomy":"product_tag","embeddable":true,"href":"https:\/\/www.prosporttec.com\/sk\/wp-json\/wp\/v2\/product_tag?post=5905"}],"curies":[{"name":"wp","href":"https:\/\/api.w.org\/{rel}","templated":true}]}}