{"id":584,"date":"2024-07-26T06:43:31","date_gmt":"2024-07-26T06:43:31","guid":{"rendered":"https:\/\/www.prosporttec.com\/?post_type=product&#038;p=584"},"modified":"2025-11-25T13:46:28","modified_gmt":"2025-11-25T13:46:28","slug":"diagnostic-and-planning-package-lite","status":"publish","type":"product","link":"https:\/\/www.prosporttec.com\/sk\/produkt\/diagnostic-and-planning-package-lite\/","title":{"rendered":"Diagnosticko-pl\u00e1novac\u00ed bal\u00edk lite"},"content":{"rendered":"<div data-elementor-type=\"product-post\" data-elementor-id=\"584\" class=\"elementor elementor-584\">\n\t\t\t\t\t\t<section class=\"elementor-section elementor-top-section elementor-element elementor-element-44e2ee19 elementor-section-boxed elementor-section-height-default elementor-section-height-default\" data-id=\"44e2ee19\" data-element_type=\"section\" data-e-type=\"section\">\n\t\t\t\t\t\t<div class=\"elementor-container elementor-column-gap-default\">\n\t\t\t\t\t<div class=\"elementor-column elementor-col-100 elementor-top-column elementor-element elementor-element-3be453d8\" data-id=\"3be453d8\" data-element_type=\"column\" data-e-type=\"column\">\n\t\t\t<div class=\"elementor-widget-wrap elementor-element-populated\">\n\t\t\t\t\t\t<div class=\"elementor-element elementor-element-64f0c1d8 elementor-widget elementor-widget-text-editor\" data-id=\"64f0c1d8\" data-element_type=\"widget\" data-e-type=\"widget\" data-widget_type=\"text-editor.default\">\n\t\t\t\t<div class=\"elementor-widget-container\">\n\t\t\t\t\t\t\t\t\t<div class=\"col-md-12\">\n\nPo zak\u00fapen\u00ed z\u00edskate kompletn\u00e9 testovacie vybavenie na zemi.\n<h3>K\u013e\u00fa\u010dov\u00e9 v\u00fdhody:<\/h3>\n<ul>\n \t<li>Integrovan\u00e9 rie\u0161enie na platforme beeSPORT pre diagnostiku \u0161portovca na suchu a na \u013eade, vr\u00e1tane reportingu s prepojen\u00edm na vzorov\u00e9 kategorizovan\u00e9 tr\u00e9ningov\u00e9 pl\u00e1ny,<\/li>\n \t<li>uplatnenie v hokejov\u00fdch centr\u00e1ch, kluboch, reprezent\u00e1ci\u00e1ch, ale aj pre individu\u00e1lne pou\u017eitie,<\/li>\n \t<li>r\u00fdchle spoznanie v\u00fdchodiskov\u00e9ho stavu hr\u00e1\u010dov s mo\u017enos\u0165ou n\u00e1sledn\u00e9ho porovnania progresu po realiz\u00e1cii cvi\u010den\u00ed, resp. celkov\u00fdch tr\u00e9ningov\u00fdch pl\u00e1nov,<\/li>\n \t<li>mo\u017enos\u0165 porovn\u00e1vania \u00faspe\u0161nosti r\u00f4znych tr\u00e9ningov\u00fdch postupov a r\u00f4znych hr\u00e1\u010dov,<\/li>\n \t<li>tvorba skupinov\u00fdch reportov.<\/li>\n<\/ul>\n<h3>Obsah bal\u00edka:<\/h3>\n<ul>\n \t<li>beeSPORT | Tester<\/li>\n \t<li>beeSPORT | Reporter<\/li>\n \t<li>beeSPORT | Lux Trainer<\/li>\n \t<li>Reporty a normy \u2013 datab\u00e1za, kde porovn\u00e1vame v\u00fdkonnos\u0165 jednotliv\u00fdch \u0161portovcov a t\u00edmov so s\u00faborom v\u00fdsledkov, aby sme mohli e\u0161te lep\u0161ie pos\u00fadi\u0165 \u00farove\u0148 schopnost\u00ed hokejistu \/ t\u00edmu.<\/li>\n \t<li>\u0160kolenie<\/li>\n \t<li>Softv\u00e9r<\/li>\n<\/ul>\n&nbsp;\n\n<\/div>\n<div class=\"col-md-12\">\n\n<\/div>\n<style>\n#ru{<br \/>    display: none !important ;<br \/>}<br \/>#sk{<br \/>    display: none !important ;<br \/>}<br \/><\/style>\t\t\t\t\t\t\t\t<\/div>\n\t\t\t\t<\/div>\n\t\t\t\t<div class=\"elementor-element elementor-element-9d19288 elementor-widget elementor-widget-video\" data-id=\"9d19288\" data-element_type=\"widget\" data-e-type=\"widget\" data-settings=\"{&quot;youtube_url&quot;:&quot;https:\\\/\\\/youtu.be\\\/at6jPvShJ9M?si=Jr1O8TbzPKh_0IYt&quot;,&quot;video_type&quot;:&quot;youtube&quot;,&quot;controls&quot;:&quot;yes&quot;}\" data-widget_type=\"video.default\">\n\t\t\t\t<div class=\"elementor-widget-container\">\n\t\t\t\t\t\t\t<div class=\"elementor-wrapper elementor-open-inline\">\n\t\t\t<div class=\"elementor-video\"><\/div>\t\t<\/div>\n\t\t\t\t\t\t<\/div>\n\t\t\t\t<\/div>\n\t\t\t\t\t<\/div>\n\t\t<\/div>\n\t\t\t\t\t<\/div>\n\t\t<\/section>\n\t\t\t\t<\/div>","protected":false},"excerpt":{"rendered":"<h3>Najefekt\u00edvnej\u0161\u00ed sp\u00f4sob, ako dosiahnu\u0165 najlep\u0161ie v\u00fdsledky s beeSPORT<\/h3>\n<p>BeeSPORT je integrovan\u00e1 platforma, ktor\u00e1 obsahuje skupinu s\u00favisiacich aplik\u00e1ci\u00ed s v\u00fdstupnou kartou hr\u00e1\u010da \/ t\u00edmu, ktor\u00e1 umo\u017e\u0148uje nielen testovanie r\u00f4znych parametrov, ale aj zhroma\u017e\u010fovanie v\u0161etk\u00fdch d\u00f4le\u017eit\u00fdch inform\u00e1ci\u00ed o \u0161portovcovi na jednom mieste s online pr\u00edstupom. Syst\u00e9m z\u00e1rove\u0148 umo\u017e\u0148uje aj generovanie r\u00f4znych spr\u00e1v o \u0161portovcovi, jeho tr\u00e9ningov\u00fdch pl\u00e1nov a sledovanie ich implement\u00e1cie.\n\nLep\u0161ia fyzick\u00e1 kond\u00edcia v kombin\u00e1cii s va\u0161im vlastn\u00fdm tr\u00e9ningov\u00fdm pl\u00e1nom vedie k celkov\u00e9mu zlep\u0161eniu v\u00fdkonnosti t\u00edmu a jednotliv\u00fdch \u0161portovcov. Modern\u00fd pr\u00edstup k tr\u00e9ningov\u00e9mu procesu je zalo\u017een\u00fd na s\u00fabore parametrov pre ka\u017ed\u00e9ho \u0161portovca pre efekt\u00edvny rozvoj jeho vlastnost\u00ed. Je to jedine\u010dn\u00fd n\u00e1stroj na implement\u00e1ciu metodiky tr\u00e9ningu hr\u00e1\u010dov pre maxim\u00e1lny v\u00fdkon.\n\nLite verzia tohto bal\u00edka obsahuje v\u0161etko, \u010do potrebujete na off-ice testovanie \u0161portovcov, vr\u00e1tane zariaden\u00ed a skupiny testov. Balenie neobsahuje br\u00e1ny \u201eLight Gates\u201c na testovanie na \u013eade.<\/p>\n<h4>M\u00e1te ot\u00e1zku k produktu? <a href=\"#elementor-action%3Aaction%3Dpopup%3Aopen%26settings%3DeyJpZCI6IjU4MTMiLCJ0b2dnbGUiOmZhbHNlfQ%3D%3D\">Nap\u00ed\u0161te n\u00e1m<\/a><\/h4>","protected":false},"featured_media":157,"comment_status":"open","ping_status":"closed","template":"","meta":{"site-sidebar-layout":"default","site-content-layout":"","ast-site-content-layout":"default","site-content-style":"default","site-sidebar-style":"default","ast-global-header-display":"","ast-banner-title-visibility":"","ast-main-header-display":"","ast-hfb-above-header-display":"","ast-hfb-below-header-display":"","ast-hfb-mobile-header-display":"","site-post-title":"","ast-breadcrumbs-content":"","ast-featured-img":"","footer-sml-layout":"","ast-disable-related-posts":"","theme-transparent-header-meta":"default","adv-header-id-meta":"","stick-header-meta":"","header-above-stick-meta":"","header-main-stick-meta":"","header-below-stick-meta":"","astra-migrate-meta-layouts":"set","ast-page-background-enabled":"default","ast-page-background-meta":{"desktop":{"background-color":"var(--ast-global-color-4)","background-image":"","background-repeat":"repeat","background-position":"center center","background-size":"auto","background-attachment":"scroll","background-type":"","background-media":"","overlay-type":"","overlay-color":"","overlay-opacity":"","overlay-gradient":""},"tablet":{"background-color":"","background-image":"","background-repeat":"repeat","background-position":"center center","background-size":"auto","background-attachment":"scroll","background-type":"","background-media":"","overlay-type":"","overlay-color":"","overlay-opacity":"","overlay-gradient":""},"mobile":{"background-color":"","background-image":"","background-repeat":"repeat","background-position":"center center","background-size":"auto","background-attachment":"scroll","background-type":"","background-media":"","overlay-type":"","overlay-color":"","overlay-opacity":"","overlay-gradient":""}},"ast-content-background-meta":{"desktop":{"background-color":"var(--ast-global-color-5)","background-image":"","background-repeat":"repeat","background-position":"center center","background-size":"auto","background-attachment":"scroll","background-type":"","background-media":"","overlay-type":"","overlay-color":"","overlay-opacity":"","overlay-gradient":""},"tablet":{"background-color":"var(--ast-global-color-5)","background-image":"","background-repeat":"repeat","background-position":"center center","background-size":"auto","background-attachment":"scroll","background-type":"","background-media":"","overlay-type":"","overlay-color":"","overlay-opacity":"","overlay-gradient":""},"mobile":{"background-color":"var(--ast-global-color-5)","background-image":"","background-repeat":"repeat","background-position":"center center","background-size":"auto","background-attachment":"scroll","background-type":"","background-media":"","overlay-type":"","overlay-color":"","overlay-opacity":"","overlay-gradient":""}}},"product_brand":[],"product_cat":[93],"product_tag":[96],"class_list":{"0":"post-584","1":"product","2":"type-product","3":"status-publish","4":"has-post-thumbnail","6":"product_cat-special-packages","7":"product_tag-special-packages","8":"desktop-align-left","9":"tablet-align-left","10":"mobile-align-left","12":"first","13":"instock","14":"taxable","15":"shipping-taxable","16":"purchasable","17":"product-type-simple"},"yoast_head":"<!-- This site is optimized with the Yoast SEO plugin v27.0 - https:\/\/yoast.com\/product\/yoast-seo-wordpress\/ -->\n<title>Diagnostic and planning package lite - prosporttec<\/title>\n<meta name=\"robots\" content=\"index, follow, max-snippet:-1, max-image-preview:large, max-video-preview:-1\" \/>\n<link rel=\"canonical\" href=\"https:\/\/www.prosporttec.com\/sk\/produkt\/diagnostic-and-planning-package-lite\/\" \/>\n<meta property=\"og:locale\" content=\"sk_SK\" \/>\n<meta property=\"og:type\" content=\"article\" \/>\n<meta property=\"og:title\" content=\"Diagnostic and planning package lite - prosporttec\" \/>\n<meta property=\"og:description\" content=\"The most efficient way to get the best results with beeSPORT. BeeSPORT is an integrated platform that includes a group of related applications with a player \/ team card, which allows not only testing various parameters, but also collecting all important information about the athlete in one place with online access and generating various reports about the athlete, training plans and tracking their implementation. Better physical condition combined with your own training plan results in an overall improvement in the performance of the team and individual athletes. The modern approach to the training process is based on a set of parameters for each athlete for the effective development of his qualities. It is a unique tool for implementing player training methodology for maximum performance.\u00a0The lite version of this package contains everything you need to test athletes in the gym, including equipment and a group of tests. The package does not contain light gates for testing on ice. You have a question about the product? Write us\" \/>\n<meta property=\"og:url\" content=\"https:\/\/www.prosporttec.com\/sk\/produkt\/diagnostic-and-planning-package-lite\/\" \/>\n<meta property=\"og:site_name\" content=\"prosporttec\" \/>\n<meta property=\"article:publisher\" content=\"https:\/\/www.facebook.com\/prosporttecsk\/\" \/>\n<meta property=\"article:modified_time\" content=\"2025-11-25T13:46:28+00:00\" \/>\n<meta property=\"og:image\" content=\"https:\/\/www.prosporttec.com\/wp-content\/uploads\/2024\/07\/diagnostic_package_beesport.jpg\" \/>\n\t<meta property=\"og:image:width\" content=\"1500\" \/>\n\t<meta property=\"og:image:height\" content=\"1000\" \/>\n\t<meta property=\"og:image:type\" content=\"image\/jpeg\" \/>\n<meta name=\"twitter:card\" content=\"summary_large_image\" \/>\n<script type=\"application\/ld+json\" class=\"yoast-schema-graph\">{\"@context\":\"https:\/\/schema.org\",\"@graph\":[{\"@type\":\"WebPage\",\"@id\":\"https:\/\/www.prosporttec.com\/product\/diagnostic-and-planning-package-lite\/\",\"url\":\"https:\/\/www.prosporttec.com\/product\/diagnostic-and-planning-package-lite\/\",\"name\":\"Diagnostic and planning package lite - prosporttec\",\"isPartOf\":{\"@id\":\"https:\/\/www.prosporttec.com\/#website\"},\"primaryImageOfPage\":{\"@id\":\"https:\/\/www.prosporttec.com\/product\/diagnostic-and-planning-package-lite\/#primaryimage\"},\"image\":{\"@id\":\"https:\/\/www.prosporttec.com\/product\/diagnostic-and-planning-package-lite\/#primaryimage\"},\"thumbnailUrl\":\"https:\/\/www.prosporttec.com\/wp-content\/uploads\/2024\/07\/diagnostic_package_beesport.jpg\",\"datePublished\":\"2024-07-26T06:43:31+00:00\",\"dateModified\":\"2025-11-25T13:46:28+00:00\",\"breadcrumb\":{\"@id\":\"https:\/\/www.prosporttec.com\/product\/diagnostic-and-planning-package-lite\/#breadcrumb\"},\"inLanguage\":\"sk-SK\",\"potentialAction\":[{\"@type\":\"ReadAction\",\"target\":[\"https:\/\/www.prosporttec.com\/product\/diagnostic-and-planning-package-lite\/\"]}]},{\"@type\":\"ImageObject\",\"inLanguage\":\"sk-SK\",\"@id\":\"https:\/\/www.prosporttec.com\/product\/diagnostic-and-planning-package-lite\/#primaryimage\",\"url\":\"https:\/\/www.prosporttec.com\/wp-content\/uploads\/2024\/07\/diagnostic_package_beesport.jpg\",\"contentUrl\":\"https:\/\/www.prosporttec.com\/wp-content\/uploads\/2024\/07\/diagnostic_package_beesport.jpg\",\"width\":1500,\"height\":1000},{\"@type\":\"BreadcrumbList\",\"@id\":\"https:\/\/www.prosporttec.com\/product\/diagnostic-and-planning-package-lite\/#breadcrumb\",\"itemListElement\":[{\"@type\":\"ListItem\",\"position\":1,\"name\":\"Home\",\"item\":\"https:\/\/www.prosporttec.com\/\"},{\"@type\":\"ListItem\",\"position\":2,\"name\":\"Shop\",\"item\":\"https:\/\/www.prosporttec.com\/shop\/\"},{\"@type\":\"ListItem\",\"position\":3,\"name\":\"Diagnostic and planning package lite\"}]},{\"@type\":\"WebSite\",\"@id\":\"https:\/\/www.prosporttec.com\/#website\",\"url\":\"https:\/\/www.prosporttec.com\/\",\"name\":\"Prosporttec\",\"description\":\"\",\"publisher\":{\"@id\":\"https:\/\/www.prosporttec.com\/#organization\"},\"potentialAction\":[{\"@type\":\"SearchAction\",\"target\":{\"@type\":\"EntryPoint\",\"urlTemplate\":\"https:\/\/www.prosporttec.com\/?s={search_term_string}\"},\"query-input\":{\"@type\":\"PropertyValueSpecification\",\"valueRequired\":true,\"valueName\":\"search_term_string\"}}],\"inLanguage\":\"sk-SK\"},{\"@type\":\"Organization\",\"@id\":\"https:\/\/www.prosporttec.com\/#organization\",\"name\":\"Prosporttec\",\"url\":\"https:\/\/www.prosporttec.com\/\",\"logo\":{\"@type\":\"ImageObject\",\"inLanguage\":\"sk-SK\",\"@id\":\"https:\/\/www.prosporttec.com\/#\/schema\/logo\/image\/\",\"url\":\"https:\/\/www.prosporttec.com\/wp-content\/uploads\/2024\/07\/logo_logo_prosporttec.png\",\"contentUrl\":\"https:\/\/www.prosporttec.com\/wp-content\/uploads\/2024\/07\/logo_logo_prosporttec.png\",\"width\":150,\"height\":26,\"caption\":\"Prosporttec\"},\"image\":{\"@id\":\"https:\/\/www.prosporttec.com\/#\/schema\/logo\/image\/\"},\"sameAs\":[\"https:\/\/www.facebook.com\/prosporttecsk\/\"]}]}<\/script>\n<!-- \/ Yoast SEO plugin. -->","yoast_head_json":{"title":"Diagnostic and planning package lite - prosporttec","robots":{"index":"index","follow":"follow","max-snippet":"max-snippet:-1","max-image-preview":"max-image-preview:large","max-video-preview":"max-video-preview:-1"},"canonical":"https:\/\/www.prosporttec.com\/sk\/produkt\/diagnostic-and-planning-package-lite\/","og_locale":"sk_SK","og_type":"article","og_title":"Diagnostic and planning package lite - prosporttec","og_description":"The most efficient way to get the best results with beeSPORT. BeeSPORT is an integrated platform that includes a group of related applications with a player \/ team card, which allows not only testing various parameters, but also collecting all important information about the athlete in one place with online access and generating various reports about the athlete, training plans and tracking their implementation. Better physical condition combined with your own training plan results in an overall improvement in the performance of the team and individual athletes. The modern approach to the training process is based on a set of parameters for each athlete for the effective development of his qualities. It is a unique tool for implementing player training methodology for maximum performance.\u00a0The lite version of this package contains everything you need to test athletes in the gym, including equipment and a group of tests. The package does not contain light gates for testing on ice. You have a question about the product? Write us","og_url":"https:\/\/www.prosporttec.com\/sk\/produkt\/diagnostic-and-planning-package-lite\/","og_site_name":"prosporttec","article_publisher":"https:\/\/www.facebook.com\/prosporttecsk\/","article_modified_time":"2025-11-25T13:46:28+00:00","og_image":[{"width":1500,"height":1000,"url":"https:\/\/www.prosporttec.com\/wp-content\/uploads\/2024\/07\/diagnostic_package_beesport.jpg","type":"image\/jpeg"}],"twitter_card":"summary_large_image","schema":{"@context":"https:\/\/schema.org","@graph":[{"@type":"WebPage","@id":"https:\/\/www.prosporttec.com\/product\/diagnostic-and-planning-package-lite\/","url":"https:\/\/www.prosporttec.com\/product\/diagnostic-and-planning-package-lite\/","name":"Diagnostic and planning package lite - prosporttec","isPartOf":{"@id":"https:\/\/www.prosporttec.com\/#website"},"primaryImageOfPage":{"@id":"https:\/\/www.prosporttec.com\/product\/diagnostic-and-planning-package-lite\/#primaryimage"},"image":{"@id":"https:\/\/www.prosporttec.com\/product\/diagnostic-and-planning-package-lite\/#primaryimage"},"thumbnailUrl":"https:\/\/www.prosporttec.com\/wp-content\/uploads\/2024\/07\/diagnostic_package_beesport.jpg","datePublished":"2024-07-26T06:43:31+00:00","dateModified":"2025-11-25T13:46:28+00:00","breadcrumb":{"@id":"https:\/\/www.prosporttec.com\/product\/diagnostic-and-planning-package-lite\/#breadcrumb"},"inLanguage":"sk-SK","potentialAction":[{"@type":"ReadAction","target":["https:\/\/www.prosporttec.com\/product\/diagnostic-and-planning-package-lite\/"]}]},{"@type":"ImageObject","inLanguage":"sk-SK","@id":"https:\/\/www.prosporttec.com\/product\/diagnostic-and-planning-package-lite\/#primaryimage","url":"https:\/\/www.prosporttec.com\/wp-content\/uploads\/2024\/07\/diagnostic_package_beesport.jpg","contentUrl":"https:\/\/www.prosporttec.com\/wp-content\/uploads\/2024\/07\/diagnostic_package_beesport.jpg","width":1500,"height":1000},{"@type":"BreadcrumbList","@id":"https:\/\/www.prosporttec.com\/product\/diagnostic-and-planning-package-lite\/#breadcrumb","itemListElement":[{"@type":"ListItem","position":1,"name":"Home","item":"https:\/\/www.prosporttec.com\/"},{"@type":"ListItem","position":2,"name":"Shop","item":"https:\/\/www.prosporttec.com\/shop\/"},{"@type":"ListItem","position":3,"name":"Diagnostic and planning package lite"}]},{"@type":"WebSite","@id":"https:\/\/www.prosporttec.com\/#website","url":"https:\/\/www.prosporttec.com\/","name":"Prosporttec","description":"","publisher":{"@id":"https:\/\/www.prosporttec.com\/#organization"},"potentialAction":[{"@type":"SearchAction","target":{"@type":"EntryPoint","urlTemplate":"https:\/\/www.prosporttec.com\/?s={search_term_string}"},"query-input":{"@type":"PropertyValueSpecification","valueRequired":true,"valueName":"search_term_string"}}],"inLanguage":"sk-SK"},{"@type":"Organization","@id":"https:\/\/www.prosporttec.com\/#organization","name":"Prosporttec","url":"https:\/\/www.prosporttec.com\/","logo":{"@type":"ImageObject","inLanguage":"sk-SK","@id":"https:\/\/www.prosporttec.com\/#\/schema\/logo\/image\/","url":"https:\/\/www.prosporttec.com\/wp-content\/uploads\/2024\/07\/logo_logo_prosporttec.png","contentUrl":"https:\/\/www.prosporttec.com\/wp-content\/uploads\/2024\/07\/logo_logo_prosporttec.png","width":150,"height":26,"caption":"Prosporttec"},"image":{"@id":"https:\/\/www.prosporttec.com\/#\/schema\/logo\/image\/"},"sameAs":["https:\/\/www.facebook.com\/prosporttecsk\/"]}]}},"_links":{"self":[{"href":"https:\/\/www.prosporttec.com\/sk\/wp-json\/wp\/v2\/product\/584","targetHints":{"allow":["GET"]}}],"collection":[{"href":"https:\/\/www.prosporttec.com\/sk\/wp-json\/wp\/v2\/product"}],"about":[{"href":"https:\/\/www.prosporttec.com\/sk\/wp-json\/wp\/v2\/types\/product"}],"replies":[{"embeddable":true,"href":"https:\/\/www.prosporttec.com\/sk\/wp-json\/wp\/v2\/comments?post=584"}],"version-history":[{"count":5,"href":"https:\/\/www.prosporttec.com\/sk\/wp-json\/wp\/v2\/product\/584\/revisions"}],"predecessor-version":[{"id":6284,"href":"https:\/\/www.prosporttec.com\/sk\/wp-json\/wp\/v2\/product\/584\/revisions\/6284"}],"wp:featuredmedia":[{"embeddable":true,"href":"https:\/\/www.prosporttec.com\/sk\/wp-json\/wp\/v2\/media\/157"}],"wp:attachment":[{"href":"https:\/\/www.prosporttec.com\/sk\/wp-json\/wp\/v2\/media?parent=584"}],"wp:term":[{"taxonomy":"product_brand","embeddable":true,"href":"https:\/\/www.prosporttec.com\/sk\/wp-json\/wp\/v2\/product_brand?post=584"},{"taxonomy":"product_cat","embeddable":true,"href":"https:\/\/www.prosporttec.com\/sk\/wp-json\/wp\/v2\/product_cat?post=584"},{"taxonomy":"product_tag","embeddable":true,"href":"https:\/\/www.prosporttec.com\/sk\/wp-json\/wp\/v2\/product_tag?post=584"}],"curies":[{"name":"wp","href":"https:\/\/api.w.org\/{rel}","templated":true}]}}