{"id":1318,"date":"2024-07-30T11:18:05","date_gmt":"2024-07-30T11:18:05","guid":{"rendered":"https:\/\/www.prosporttec.com\/?page_id=1318"},"modified":"2024-12-11T14:39:04","modified_gmt":"2024-12-11T14:39:04","slug":"synthetic-ice","status":"publish","type":"page","link":"https:\/\/www.prosporttec.com\/sk\/synthetic-ice\/","title":{"rendered":"Syntetick\u00fd \u013ead"},"content":{"rendered":"\t\t<div data-elementor-type=\"wp-page\" data-elementor-id=\"1318\" class=\"elementor elementor-1318\">\n\t\t\t\t\t\t<section class=\"elementor-section elementor-top-section elementor-element elementor-element-5ac96a8 elementor-section-boxed elementor-section-height-default elementor-section-height-default\" data-id=\"5ac96a8\" data-element_type=\"section\" data-e-type=\"section\" data-settings=\"{&quot;background_background&quot;:&quot;classic&quot;}\">\n\t\t\t\t\t\t<div class=\"elementor-container elementor-column-gap-default\">\n\t\t\t\t\t<div class=\"elementor-column elementor-col-100 elementor-top-column elementor-element elementor-element-d1c33c2\" data-id=\"d1c33c2\" data-element_type=\"column\" data-e-type=\"column\">\n\t\t\t<div class=\"elementor-widget-wrap elementor-element-populated\">\n\t\t\t\t\t\t<div class=\"elementor-element elementor-element-7e0b2ba elementor-widget elementor-widget-woocommerce-breadcrumb\" data-id=\"7e0b2ba\" data-element_type=\"widget\" data-e-type=\"widget\" data-widget_type=\"woocommerce-breadcrumb.default\">\n\t\t\t\t<div class=\"elementor-widget-container\">\n\t\t\t\t\t<nav class=\"woocommerce-breadcrumb\" aria-label=\"Breadcrumb\">Domov<\/nav>\t\t\t\t<\/div>\n\t\t\t\t<\/div>\n\t\t\t\t\t<\/div>\n\t\t<\/div>\n\t\t\t\t\t<\/div>\n\t\t<\/section>\n\t\t\t\t<section class=\"elementor-section elementor-top-section elementor-element elementor-element-658bc67 elementor-section-boxed elementor-section-height-default elementor-section-height-default\" data-id=\"658bc67\" data-element_type=\"section\" data-e-type=\"section\">\n\t\t\t\t\t\t<div class=\"elementor-container elementor-column-gap-default\">\n\t\t\t\t\t<div class=\"elementor-column elementor-col-100 elementor-top-column elementor-element elementor-element-ac11a1d\" data-id=\"ac11a1d\" data-element_type=\"column\" data-e-type=\"column\">\n\t\t\t<div class=\"elementor-widget-wrap elementor-element-populated\">\n\t\t\t\t\t\t<div class=\"elementor-element elementor-element-e649605 elementor-widget elementor-widget-jet-listing-grid\" data-id=\"e649605\" data-element_type=\"widget\" data-e-type=\"widget\" data-settings=\"{&quot;columns&quot;:&quot;4&quot;,&quot;columns_tablet&quot;:&quot;1&quot;}\" data-widget_type=\"jet-listing-grid.default\">\n\t\t\t\t<div class=\"elementor-widget-container\">\n\t\t\t\t\t<div class=\"jet-listing-grid jet-listing\"><div class=\"jet-listing-grid__items grid-col-desk-4 grid-col-tablet-1 grid-col-mobile-1 jet-listing-grid--1305 woocommerce\" data-queried-id=\"1318|WP_Post\" data-nav=\"{&quot;enabled&quot;:false,&quot;type&quot;:null,&quot;more_el&quot;:null,&quot;query&quot;:[],&quot;widget_settings&quot;:{&quot;lisitng_id&quot;:1305,&quot;posts_num&quot;:6,&quot;columns&quot;:4,&quot;columns_tablet&quot;:1,&quot;columns_mobile&quot;:1,&quot;is_archive_template&quot;:&quot;&quot;,&quot;post_status&quot;:[&quot;publish&quot;],&quot;use_random_posts_num&quot;:&quot;&quot;,&quot;max_posts_num&quot;:9,&quot;not_found_message&quot;:&quot;No data was found&quot;,&quot;is_masonry&quot;:false,&quot;equal_columns_height&quot;:&quot;&quot;,&quot;use_load_more&quot;:&quot;&quot;,&quot;load_more_id&quot;:&quot;&quot;,&quot;load_more_type&quot;:&quot;click&quot;,&quot;load_more_offset&quot;:{&quot;unit&quot;:&quot;px&quot;,&quot;size&quot;:0,&quot;sizes&quot;:[]},&quot;use_custom_post_types&quot;:&quot;&quot;,&quot;custom_post_types&quot;:[],&quot;hide_widget_if&quot;:&quot;&quot;,&quot;carousel_enabled&quot;:&quot;&quot;,&quot;slides_to_scroll&quot;:&quot;1&quot;,&quot;arrows&quot;:&quot;true&quot;,&quot;arrow_icon&quot;:&quot;fa fa-angle-left&quot;,&quot;dots&quot;:&quot;&quot;,&quot;autoplay&quot;:&quot;true&quot;,&quot;pause_on_hover&quot;:&quot;true&quot;,&quot;autoplay_speed&quot;:5000,&quot;infinite&quot;:&quot;true&quot;,&quot;center_mode&quot;:&quot;&quot;,&quot;effect&quot;:&quot;slide&quot;,&quot;speed&quot;:500,&quot;inject_alternative_items&quot;:&quot;&quot;,&quot;injection_items&quot;:[],&quot;scroll_slider_enabled&quot;:&quot;&quot;,&quot;scroll_slider_on&quot;:[&quot;desktop&quot;,&quot;tablet&quot;,&quot;mobile&quot;],&quot;custom_query&quot;:false,&quot;custom_query_id&quot;:&quot;1&quot;,&quot;_element_id&quot;:&quot;&quot;}}\" data-page=\"1\" data-pages=\"1\" data-listing-source=\"query\" data-listing-id=\"1305\" data-query-id=\"30\"><div class=\"jet-listing-grid__item jet-listing-dynamic-post-944\" data-post-id=\"944\" >\t\t<div data-elementor-type=\"jet-listing-items\" data-elementor-id=\"1305\" class=\"elementor elementor-1305\">\n\t\t\t\t\t\t<section class=\"elementor-section elementor-top-section elementor-element elementor-element-3ca0002 elementor-section-boxed elementor-section-height-default elementor-section-height-default\" data-id=\"3ca0002\" data-element_type=\"section\" data-e-type=\"section\">\n\t\t\t\t\t\t<div class=\"elementor-container elementor-column-gap-default\">\n\t\t\t\t\t<div class=\"elementor-column elementor-col-100 elementor-top-column elementor-element elementor-element-51fa4f6\" data-id=\"51fa4f6\" data-element_type=\"column\" data-e-type=\"column\">\n\t\t\t<div class=\"elementor-widget-wrap elementor-element-populated\">\n\t\t\t\t\t\t<div class=\"elementor-element elementor-element-7bd0aa2 elementor-widget elementor-widget-image\" data-id=\"7bd0aa2\" data-element_type=\"widget\" data-e-type=\"widget\" data-widget_type=\"image.default\">\n\t\t\t\t<div class=\"elementor-widget-container\">\n\t\t\t\t\t\t\t\t\t\t\t\t\t\t\t\t<a href=\"https:\/\/www.prosporttec.com\/sk\/produkt\/synthetic-ice-epuzzle\/\">\n\t\t\t\t\t\t\t<img fetchpriority=\"high\" decoding=\"async\" width=\"1000\" height=\"667\" src=\"https:\/\/www.prosporttec.com\/wp-content\/uploads\/2024\/07\/lad_biela.jpg\" class=\"attachment-large size-large wp-image-425\" alt=\"\" srcset=\"https:\/\/www.prosporttec.com\/wp-content\/uploads\/2024\/07\/lad_biela.jpg 1000w, https:\/\/www.prosporttec.com\/wp-content\/uploads\/2024\/07\/lad_biela-600x400.jpg 600w, https:\/\/www.prosporttec.com\/wp-content\/uploads\/2024\/07\/lad_biela-300x200.jpg 300w, https:\/\/www.prosporttec.com\/wp-content\/uploads\/2024\/07\/lad_biela-768x512.jpg 768w\" sizes=\"(max-width: 1000px) 100vw, 1000px\" \/>\t\t\t\t\t\t\t\t<\/a>\n\t\t\t\t\t\t\t\t\t\t\t\t\t\t\t<\/div>\n\t\t\t\t<\/div>\n\t\t\t\t<div class=\"elementor-element elementor-element-cd1ca9c elementor-widget elementor-widget-heading\" data-id=\"cd1ca9c\" data-element_type=\"widget\" data-e-type=\"widget\" data-widget_type=\"heading.default\">\n\t\t\t\t<div class=\"elementor-widget-container\">\n\t\t\t\t\t<h2 class=\"elementor-heading-title elementor-size-default\"><a href=\"https:\/\/www.prosporttec.com\/sk\/produkt\/synthetic-ice-epuzzle\/\">More about product\n\n<\/a><\/h2>\t\t\t\t<\/div>\n\t\t\t\t<\/div>\n\t\t\t\t<div class=\"elementor-element elementor-element-98842a5 elementor-widget elementor-widget-heading\" data-id=\"98842a5\" data-element_type=\"widget\" data-e-type=\"widget\" data-widget_type=\"heading.default\">\n\t\t\t\t<div class=\"elementor-widget-container\">\n\t\t\t\t\t<h2 class=\"elementor-heading-title elementor-size-default\"><a href=\"https:\/\/www.prosporttec.com\/sk\/produkt\/synthetic-ice-epuzzle\/\">Synthetic Ice - ePuzzle<\/a><\/h2>\t\t\t\t<\/div>\n\t\t\t\t<\/div>\n\t\t\t\t<div class=\"elementor-element elementor-element-ebc0597 elementor-widget elementor-widget-text-editor\" data-id=\"ebc0597\" data-element_type=\"widget\" data-e-type=\"widget\" data-widget_type=\"text-editor.default\">\n\t\t\t\t<div class=\"elementor-widget-container\">\n\t\t\t\t\t\t\t\t\tSynthetic Ice &#8211; ePuzzle\u00a0is\u00a0the most appropriate solution\u00a0for training your shooter or\u00a0improving\u00a0your\u00a0hockey skills\u00a0directly in your garage, or around the home on your small,\u00a0easy-to-play\u00a0playground with\u00a0easy maintenance\u00a0and use throughout the year.\r\n\r\n(<strong>price<\/strong>\u00a0is for\u00a0<strong>1 pc. = 1.37 m\u00b2<\/strong>)\r\n<h4>You have a question about the product? <a href=\"#elementor-action%3Aaction%3Dpopup%3Aopen%26settings%3DeyJpZCI6IjU4MTMiLCJ0b2dnbGUiOmZhbHNlfQ%3D%3D\">Write us<\/a><\/h4>\t\t\t\t\t\t\t\t<\/div>\n\t\t\t\t<\/div>\n\t\t\t\t<div class=\"elementor-element elementor-element-d121ed4 elementor-widget elementor-widget-heading\" data-id=\"d121ed4\" data-element_type=\"widget\" data-e-type=\"widget\" data-widget_type=\"heading.default\">\n\t\t\t\t<div class=\"elementor-widget-container\">\n\t\t\t\t\t<h2 class=\"elementor-heading-title elementor-size-default\"><span class=\"woocommerce-Price-amount amount\"><span class=\"woocommerce-Price-currencySymbol\">&#036;<\/span>400.00<\/span> <small class=\"woocommerce-price-suffix\">(USD) plus TAX<\/small><\/h2>\t\t\t\t<\/div>\n\t\t\t\t<\/div>\n\t\t\t\t<div class=\"elementor-element elementor-element-bc2682f elementor-align-right elementor-widget elementor-widget-button\" data-id=\"bc2682f\" data-element_type=\"widget\" data-e-type=\"widget\" data-widget_type=\"button.default\">\n\t\t\t\t<div class=\"elementor-widget-container\">\n\t\t\t\t\t\t\t\t\t<div class=\"elementor-button-wrapper\">\n\t\t\t\t\t<a class=\"elementor-button elementor-button-link elementor-size-sm\" href=\"\/sk\/wp-json\/wp\/v2\/pages\/1318?add-to-cart=944\">\n\t\t\t\t\t\t<span class=\"elementor-button-content-wrapper\">\n\t\t\t\t\t\t<span class=\"elementor-button-icon\">\n\t\t\t\t<i aria-hidden=\"true\" class=\"fas fa-shopping-cart\"><\/i>\t\t\t<\/span>\n\t\t\t\t\t\t\t\t\t<span class=\"elementor-button-text\">Prida\u0165 do ko\u0161\u00edka<\/span>\n\t\t\t\t\t<\/span>\n\t\t\t\t\t<\/a>\n\t\t\t\t<\/div>\n\t\t\t\t\t\t\t\t<\/div>\n\t\t\t\t<\/div>\n\t\t\t\t\t<\/div>\n\t\t<\/div>\n\t\t\t\t\t<\/div>\n\t\t<\/section>\n\t\t\t\t<\/div>\n\t\t<\/div><div class=\"jet-listing-grid__item jet-listing-dynamic-post-956\" data-post-id=\"956\" >\t\t<div data-elementor-type=\"jet-listing-items\" data-elementor-id=\"1305\" class=\"elementor elementor-1305\">\n\t\t\t\t\t\t<section class=\"elementor-section elementor-top-section elementor-element elementor-element-3ca0002 elementor-section-boxed elementor-section-height-default elementor-section-height-default\" data-id=\"3ca0002\" data-element_type=\"section\" data-e-type=\"section\">\n\t\t\t\t\t\t<div class=\"elementor-container elementor-column-gap-default\">\n\t\t\t\t\t<div class=\"elementor-column elementor-col-100 elementor-top-column elementor-element elementor-element-51fa4f6\" data-id=\"51fa4f6\" data-element_type=\"column\" data-e-type=\"column\">\n\t\t\t<div class=\"elementor-widget-wrap elementor-element-populated\">\n\t\t\t\t\t\t<div class=\"elementor-element elementor-element-7bd0aa2 elementor-widget elementor-widget-image\" data-id=\"7bd0aa2\" data-element_type=\"widget\" data-e-type=\"widget\" data-widget_type=\"image.default\">\n\t\t\t\t<div class=\"elementor-widget-container\">\n\t\t\t\t\t\t\t\t\t\t\t\t\t\t\t\t<a href=\"https:\/\/www.prosporttec.com\/sk\/produkt\/synthetic-ice-lw-system\/\">\n\t\t\t\t\t\t\t<img decoding=\"async\" width=\"1000\" height=\"667\" src=\"https:\/\/www.prosporttec.com\/wp-content\/uploads\/2024\/07\/lad_velky_biela.jpg\" class=\"attachment-large size-large wp-image-434\" alt=\"\" srcset=\"https:\/\/www.prosporttec.com\/wp-content\/uploads\/2024\/07\/lad_velky_biela.jpg 1000w, https:\/\/www.prosporttec.com\/wp-content\/uploads\/2024\/07\/lad_velky_biela-600x400.jpg 600w, https:\/\/www.prosporttec.com\/wp-content\/uploads\/2024\/07\/lad_velky_biela-300x200.jpg 300w, https:\/\/www.prosporttec.com\/wp-content\/uploads\/2024\/07\/lad_velky_biela-768x512.jpg 768w\" sizes=\"(max-width: 1000px) 100vw, 1000px\" \/>\t\t\t\t\t\t\t\t<\/a>\n\t\t\t\t\t\t\t\t\t\t\t\t\t\t\t<\/div>\n\t\t\t\t<\/div>\n\t\t\t\t<div class=\"elementor-element elementor-element-cd1ca9c elementor-widget elementor-widget-heading\" data-id=\"cd1ca9c\" data-element_type=\"widget\" data-e-type=\"widget\" data-widget_type=\"heading.default\">\n\t\t\t\t<div class=\"elementor-widget-container\">\n\t\t\t\t\t<h2 class=\"elementor-heading-title elementor-size-default\"><a href=\"https:\/\/www.prosporttec.com\/sk\/produkt\/synthetic-ice-lw-system\/\">More about product\n\n<\/a><\/h2>\t\t\t\t<\/div>\n\t\t\t\t<\/div>\n\t\t\t\t<div class=\"elementor-element elementor-element-98842a5 elementor-widget elementor-widget-heading\" data-id=\"98842a5\" data-element_type=\"widget\" data-e-type=\"widget\" data-widget_type=\"heading.default\">\n\t\t\t\t<div class=\"elementor-widget-container\">\n\t\t\t\t\t<h2 class=\"elementor-heading-title elementor-size-default\"><a href=\"https:\/\/www.prosporttec.com\/sk\/produkt\/synthetic-ice-lw-system\/\">Synthetic Ice - LW SYSTEM<\/a><\/h2>\t\t\t\t<\/div>\n\t\t\t\t<\/div>\n\t\t\t\t<div class=\"elementor-element elementor-element-ebc0597 elementor-widget elementor-widget-text-editor\" data-id=\"ebc0597\" data-element_type=\"widget\" data-e-type=\"widget\" data-widget_type=\"text-editor.default\">\n\t\t\t\t<div class=\"elementor-widget-container\">\n\t\t\t\t\t\t\t\t\tSynthetic Ice &#8211; LW SYSTEM\u00a0is the most suitable for\u00a0building a large ice hockey\u00a0and\u00a0skating ground. Thanks to the LW system, this is a\u00a0highly environmentally friendly\u00a0and\u00a0economical solution\u00a0with\u00a0easy maintenance\u00a0and use for 365 days a year.\r\n\r\n(price\u00a0is for 1 pc. = 2m\u00b2)\r\n<h4>You have a question about the product? <a href=\"#elementor-action%3Aaction%3Dpopup%3Aopen%26settings%3DeyJpZCI6IjU4MTMiLCJ0b2dnbGUiOmZhbHNlfQ%3D%3D\">Write us<\/a><\/h4>\t\t\t\t\t\t\t\t<\/div>\n\t\t\t\t<\/div>\n\t\t\t\t<div class=\"elementor-element elementor-element-d121ed4 elementor-widget elementor-widget-heading\" data-id=\"d121ed4\" data-element_type=\"widget\" data-e-type=\"widget\" data-widget_type=\"heading.default\">\n\t\t\t\t<div class=\"elementor-widget-container\">\n\t\t\t\t\t<h2 class=\"elementor-heading-title elementor-size-default\"><span class=\"woocommerce-Price-amount amount\"><span class=\"woocommerce-Price-currencySymbol\">&#036;<\/span>700.00<\/span> <small class=\"woocommerce-price-suffix\">(USD) plus TAX<\/small><\/h2>\t\t\t\t<\/div>\n\t\t\t\t<\/div>\n\t\t\t\t<div class=\"elementor-element elementor-element-bc2682f elementor-align-right elementor-widget elementor-widget-button\" data-id=\"bc2682f\" data-element_type=\"widget\" data-e-type=\"widget\" data-widget_type=\"button.default\">\n\t\t\t\t<div class=\"elementor-widget-container\">\n\t\t\t\t\t\t\t\t\t<div class=\"elementor-button-wrapper\">\n\t\t\t\t\t<a class=\"elementor-button elementor-button-link elementor-size-sm\" href=\"\/sk\/wp-json\/wp\/v2\/pages\/1318?add-to-cart=956\">\n\t\t\t\t\t\t<span class=\"elementor-button-content-wrapper\">\n\t\t\t\t\t\t<span class=\"elementor-button-icon\">\n\t\t\t\t<i aria-hidden=\"true\" class=\"fas fa-shopping-cart\"><\/i>\t\t\t<\/span>\n\t\t\t\t\t\t\t\t\t<span class=\"elementor-button-text\">Prida\u0165 do ko\u0161\u00edka<\/span>\n\t\t\t\t\t<\/span>\n\t\t\t\t\t<\/a>\n\t\t\t\t<\/div>\n\t\t\t\t\t\t\t\t<\/div>\n\t\t\t\t<\/div>\n\t\t\t\t\t<\/div>\n\t\t<\/div>\n\t\t\t\t\t<\/div>\n\t\t<\/section>\n\t\t\t\t<\/div>\n\t\t<\/div><\/div><\/div>\t\t\t\t<\/div>\n\t\t\t\t<\/div>\n\t\t\t\t\t<\/div>\n\t\t<\/div>\n\t\t\t\t\t<\/div>\n\t\t<\/section>\n\t\t\t\t<\/div>\n\t\t","protected":false},"excerpt":{"rendered":"<p>More about product More about product<\/p>","protected":false},"author":1,"featured_media":0,"parent":0,"menu_order":0,"comment_status":"closed","ping_status":"closed","template":"","meta":{"site-sidebar-layout":"no-sidebar","site-content-layout":"","ast-site-content-layout":"full-width-container","site-content-style":"default","site-sidebar-style":"default","ast-global-header-display":"","ast-banner-title-visibility":"","ast-main-header-display":"","ast-hfb-above-header-display":"","ast-hfb-below-header-display":"","ast-hfb-mobile-header-display":"","site-post-title":"disabled","ast-breadcrumbs-content":"","ast-featured-img":"disabled","footer-sml-layout":"","ast-disable-related-posts":"","theme-transparent-header-meta":"","adv-header-id-meta":"","stick-header-meta":"","header-above-stick-meta":"","header-main-stick-meta":"","header-below-stick-meta":"","astra-migrate-meta-layouts":"default","ast-page-background-enabled":"default","ast-page-background-meta":{"desktop":{"background-color":"var(--ast-global-color-4)","background-image":"","background-repeat":"repeat","background-position":"center center","background-size":"auto","background-attachment":"scroll","background-type":"","background-media":"","overlay-type":"","overlay-color":"","overlay-opacity":"","overlay-gradient":""},"tablet":{"background-color":"","background-image":"","background-repeat":"repeat","background-position":"center center","background-size":"auto","background-attachment":"scroll","background-type":"","background-media":"","overlay-type":"","overlay-color":"","overlay-opacity":"","overlay-gradient":""},"mobile":{"background-color":"","background-image":"","background-repeat":"repeat","background-position":"center center","background-size":"auto","background-attachment":"scroll","background-type":"","background-media":"","overlay-type":"","overlay-color":"","overlay-opacity":"","overlay-gradient":""}},"ast-content-background-meta":{"desktop":{"background-color":"var(--ast-global-color-5)","background-image":"","background-repeat":"repeat","background-position":"center center","background-size":"auto","background-attachment":"scroll","background-type":"","background-media":"","overlay-type":"","overlay-color":"","overlay-opacity":"","overlay-gradient":""},"tablet":{"background-color":"var(--ast-global-color-5)","background-image":"","background-repeat":"repeat","background-position":"center center","background-size":"auto","background-attachment":"scroll","background-type":"","background-media":"","overlay-type":"","overlay-color":"","overlay-opacity":"","overlay-gradient":""},"mobile":{"background-color":"var(--ast-global-color-5)","background-image":"","background-repeat":"repeat","background-position":"center center","background-size":"auto","background-attachment":"scroll","background-type":"","background-media":"","overlay-type":"","overlay-color":"","overlay-opacity":"","overlay-gradient":""}},"footnotes":""},"class_list":["post-1318","page","type-page","status-publish","hentry"],"yoast_head":"<!-- This site is optimized with the Yoast SEO plugin v27.0 - https:\/\/yoast.com\/product\/yoast-seo-wordpress\/ -->\n<title>Synthetic Ice - prosporttec<\/title>\n<meta name=\"robots\" content=\"index, follow, max-snippet:-1, max-image-preview:large, max-video-preview:-1\" \/>\n<link rel=\"canonical\" href=\"https:\/\/www.prosporttec.com\/sk\/synthetic-ice\/\" \/>\n<meta property=\"og:locale\" content=\"sk_SK\" \/>\n<meta property=\"og:type\" content=\"article\" \/>\n<meta property=\"og:title\" content=\"Synthetic Ice - prosporttec\" \/>\n<meta property=\"og:description\" content=\"More about product More about product\" \/>\n<meta property=\"og:url\" content=\"https:\/\/www.prosporttec.com\/sk\/synthetic-ice\/\" \/>\n<meta property=\"og:site_name\" content=\"prosporttec\" \/>\n<meta property=\"article:publisher\" content=\"https:\/\/www.facebook.com\/prosporttecsk\/\" \/>\n<meta property=\"article:modified_time\" content=\"2024-12-11T14:39:04+00:00\" \/>\n<meta name=\"twitter:card\" content=\"summary_large_image\" \/>\n<script type=\"application\/ld+json\" class=\"yoast-schema-graph\">{\"@context\":\"https:\/\/schema.org\",\"@graph\":[{\"@type\":\"WebPage\",\"@id\":\"https:\/\/www.prosporttec.com\/synthetic-ice\/\",\"url\":\"https:\/\/www.prosporttec.com\/synthetic-ice\/\",\"name\":\"Synthetic Ice - prosporttec\",\"isPartOf\":{\"@id\":\"https:\/\/www.prosporttec.com\/#website\"},\"datePublished\":\"2024-07-30T11:18:05+00:00\",\"dateModified\":\"2024-12-11T14:39:04+00:00\",\"breadcrumb\":{\"@id\":\"https:\/\/www.prosporttec.com\/synthetic-ice\/#breadcrumb\"},\"inLanguage\":\"sk-SK\",\"potentialAction\":[{\"@type\":\"ReadAction\",\"target\":[\"https:\/\/www.prosporttec.com\/synthetic-ice\/\"]}]},{\"@type\":\"BreadcrumbList\",\"@id\":\"https:\/\/www.prosporttec.com\/synthetic-ice\/#breadcrumb\",\"itemListElement\":[{\"@type\":\"ListItem\",\"position\":1,\"name\":\"Home\",\"item\":\"https:\/\/www.prosporttec.com\/\"},{\"@type\":\"ListItem\",\"position\":2,\"name\":\"Synthetic Ice\"}]},{\"@type\":\"WebSite\",\"@id\":\"https:\/\/www.prosporttec.com\/#website\",\"url\":\"https:\/\/www.prosporttec.com\/\",\"name\":\"Prosporttec\",\"description\":\"\",\"publisher\":{\"@id\":\"https:\/\/www.prosporttec.com\/#organization\"},\"potentialAction\":[{\"@type\":\"SearchAction\",\"target\":{\"@type\":\"EntryPoint\",\"urlTemplate\":\"https:\/\/www.prosporttec.com\/?s={search_term_string}\"},\"query-input\":{\"@type\":\"PropertyValueSpecification\",\"valueRequired\":true,\"valueName\":\"search_term_string\"}}],\"inLanguage\":\"sk-SK\"},{\"@type\":\"Organization\",\"@id\":\"https:\/\/www.prosporttec.com\/#organization\",\"name\":\"Prosporttec\",\"url\":\"https:\/\/www.prosporttec.com\/\",\"logo\":{\"@type\":\"ImageObject\",\"inLanguage\":\"sk-SK\",\"@id\":\"https:\/\/www.prosporttec.com\/#\/schema\/logo\/image\/\",\"url\":\"https:\/\/www.prosporttec.com\/wp-content\/uploads\/2024\/07\/logo_logo_prosporttec.png\",\"contentUrl\":\"https:\/\/www.prosporttec.com\/wp-content\/uploads\/2024\/07\/logo_logo_prosporttec.png\",\"width\":150,\"height\":26,\"caption\":\"Prosporttec\"},\"image\":{\"@id\":\"https:\/\/www.prosporttec.com\/#\/schema\/logo\/image\/\"},\"sameAs\":[\"https:\/\/www.facebook.com\/prosporttecsk\/\"]}]}<\/script>\n<!-- \/ Yoast SEO plugin. -->","yoast_head_json":{"title":"Synthetic Ice - prosporttec","robots":{"index":"index","follow":"follow","max-snippet":"max-snippet:-1","max-image-preview":"max-image-preview:large","max-video-preview":"max-video-preview:-1"},"canonical":"https:\/\/www.prosporttec.com\/sk\/synthetic-ice\/","og_locale":"sk_SK","og_type":"article","og_title":"Synthetic Ice - prosporttec","og_description":"More about product More about product","og_url":"https:\/\/www.prosporttec.com\/sk\/synthetic-ice\/","og_site_name":"prosporttec","article_publisher":"https:\/\/www.facebook.com\/prosporttecsk\/","article_modified_time":"2024-12-11T14:39:04+00:00","twitter_card":"summary_large_image","schema":{"@context":"https:\/\/schema.org","@graph":[{"@type":"WebPage","@id":"https:\/\/www.prosporttec.com\/synthetic-ice\/","url":"https:\/\/www.prosporttec.com\/synthetic-ice\/","name":"Synthetic Ice - prosporttec","isPartOf":{"@id":"https:\/\/www.prosporttec.com\/#website"},"datePublished":"2024-07-30T11:18:05+00:00","dateModified":"2024-12-11T14:39:04+00:00","breadcrumb":{"@id":"https:\/\/www.prosporttec.com\/synthetic-ice\/#breadcrumb"},"inLanguage":"sk-SK","potentialAction":[{"@type":"ReadAction","target":["https:\/\/www.prosporttec.com\/synthetic-ice\/"]}]},{"@type":"BreadcrumbList","@id":"https:\/\/www.prosporttec.com\/synthetic-ice\/#breadcrumb","itemListElement":[{"@type":"ListItem","position":1,"name":"Home","item":"https:\/\/www.prosporttec.com\/"},{"@type":"ListItem","position":2,"name":"Synthetic Ice"}]},{"@type":"WebSite","@id":"https:\/\/www.prosporttec.com\/#website","url":"https:\/\/www.prosporttec.com\/","name":"Prosporttec","description":"","publisher":{"@id":"https:\/\/www.prosporttec.com\/#organization"},"potentialAction":[{"@type":"SearchAction","target":{"@type":"EntryPoint","urlTemplate":"https:\/\/www.prosporttec.com\/?s={search_term_string}"},"query-input":{"@type":"PropertyValueSpecification","valueRequired":true,"valueName":"search_term_string"}}],"inLanguage":"sk-SK"},{"@type":"Organization","@id":"https:\/\/www.prosporttec.com\/#organization","name":"Prosporttec","url":"https:\/\/www.prosporttec.com\/","logo":{"@type":"ImageObject","inLanguage":"sk-SK","@id":"https:\/\/www.prosporttec.com\/#\/schema\/logo\/image\/","url":"https:\/\/www.prosporttec.com\/wp-content\/uploads\/2024\/07\/logo_logo_prosporttec.png","contentUrl":"https:\/\/www.prosporttec.com\/wp-content\/uploads\/2024\/07\/logo_logo_prosporttec.png","width":150,"height":26,"caption":"Prosporttec"},"image":{"@id":"https:\/\/www.prosporttec.com\/#\/schema\/logo\/image\/"},"sameAs":["https:\/\/www.facebook.com\/prosporttecsk\/"]}]}},"_links":{"self":[{"href":"https:\/\/www.prosporttec.com\/sk\/wp-json\/wp\/v2\/pages\/1318","targetHints":{"allow":["GET"]}}],"collection":[{"href":"https:\/\/www.prosporttec.com\/sk\/wp-json\/wp\/v2\/pages"}],"about":[{"href":"https:\/\/www.prosporttec.com\/sk\/wp-json\/wp\/v2\/types\/page"}],"author":[{"embeddable":true,"href":"https:\/\/www.prosporttec.com\/sk\/wp-json\/wp\/v2\/users\/1"}],"replies":[{"embeddable":true,"href":"https:\/\/www.prosporttec.com\/sk\/wp-json\/wp\/v2\/comments?post=1318"}],"version-history":[{"count":5,"href":"https:\/\/www.prosporttec.com\/sk\/wp-json\/wp\/v2\/pages\/1318\/revisions"}],"predecessor-version":[{"id":5163,"href":"https:\/\/www.prosporttec.com\/sk\/wp-json\/wp\/v2\/pages\/1318\/revisions\/5163"}],"wp:attachment":[{"href":"https:\/\/www.prosporttec.com\/sk\/wp-json\/wp\/v2\/media?parent=1318"}],"curies":[{"name":"wp","href":"https:\/\/api.w.org\/{rel}","templated":true}]}}